{"id":11761,"date":"2022-01-07T15:27:43","date_gmt":"2022-01-07T15:27:43","guid":{"rendered":"https:\/\/www.promendoza.com\/es\/?page_id=11761"},"modified":"2026-03-31T12:59:32","modified_gmt":"2026-03-31T15:59:32","slug":"informacion-economica-3","status":"publish","type":"page","link":"https:\/\/www.promendoza.com\/en\/informacion-economica-3\/","title":{"rendered":"Informaci\u00f3n econ\u00f3mica"},"content":{"rendered":"<style type=\"text\/css\"> \n#cmsms_row_69f38e830770a0_38487746 .cmsms_row_outer_parent { \n\tpadding-top: 0px; \n} \n\n#cmsms_row_69f38e830770a0_38487746 .cmsms_row_outer_parent { \n\tpadding-bottom: 0px; \n} \n\n\r\n\t\t\t#cmsms_gallery_69f38e83077f94_70482441 .cmsms_gallery {\r\n\t\t\t\tmargin:0 0 0 -10px;\r\n\t\t\t}\r\n\t\t\t\r\n\t\t\t#cmsms_gallery_69f38e83077f94_70482441 .cmsms_gallery .cmsms_gallery_item {\r\n\t\t\t\tpadding:0 0 10px 10px;\r\n\t\t\t}\r\n\t\t \n#cmsms_row_69f38e8307b9a8_66237842 .cmsms_row_outer_parent { \n\tpadding-top: 20px; \n} \n\n#cmsms_row_69f38e8307b9a8_66237842 .cmsms_row_outer_parent { \n\tpadding-bottom: 20px; \n} \n\n \n#cmsms_heading_69f38e8307cc68_56784526 { \n\ttext-align:left; \n\tmargin-top:0px; \n\tmargin-bottom:20px; \n} \n\n#cmsms_heading_69f38e8307cc68_56784526 .cmsms_heading { \n\ttext-align:left; \n} \n\n#cmsms_heading_69f38e8307cc68_56784526 .cmsms_heading, #cmsms_heading_69f38e8307cc68_56784526 .cmsms_heading a { \n\tfont-weight:bold; \n\tfont-style:normal; \n} \n\n#cmsms_heading_69f38e8307cc68_56784526 .cmsms_heading_divider { \n} \n\n \n#cmsms_row_69f38e8307d251_15345665 .cmsms_row_outer_parent { \n\tpadding-top: 20px; \n} \n\n#cmsms_row_69f38e8307d251_15345665 .cmsms_row_outer_parent { \n\tpadding-bottom: 20px; \n} \n\n \n#cmsms_heading_69f38e8307de87_74201171 { \n\ttext-align:left; \n\tmargin-top:0px; \n\tmargin-bottom:20px; \n} \n\n#cmsms_heading_69f38e8307de87_74201171 .cmsms_heading { \n\ttext-align:left; \n} \n\n#cmsms_heading_69f38e8307de87_74201171 .cmsms_heading, #cmsms_heading_69f38e8307de87_74201171 .cmsms_heading a { \n\tfont-weight:bold; \n\tfont-style:normal; \n} \n\n#cmsms_heading_69f38e8307de87_74201171 .cmsms_heading_divider { \n} \n\n \n#cmsms_row_69f38e8307e140_91638722 .cmsms_row_outer_parent { \n\tpadding-top: 0px; \n} \n\n#cmsms_row_69f38e8307e140_91638722 .cmsms_row_outer_parent { \n\tpadding-bottom: 50px; \n} \n\n \n#cmsms_row_69f38e8307e914_54499047 { \n\tbackground-color:#f7f7f7;\n} \n\n#cmsms_row_69f38e8307e914_54499047 .cmsms_row_outer_parent { \n\tpadding-top: 0px; \n} \n\n#cmsms_row_69f38e8307e914_54499047 .cmsms_row_outer_parent { \n\tpadding-bottom: 20px; \n} \n\n \n#cmsms_icon_box_69f38e8307f7f6_67865758 { \n\tborder-width:0px; \n\tcolor:#0075c9;\n\tbackground-color:#f7f7f7;\n} \n\n#cmsms_icon_box_69f38e8307f7f6_67865758:before, \n#cmsms_icon_box_69f38e8307f7f6_67865758 .icon_box_heading:before { \n\tfont-size:30px; \n\tline-height:50px; \n\twidth:50px; \n\theight:50px; \n\tborder-width:0px; \n\t-webkit-border-radius:50%; \n\tborder-radius:50%; \n\tcolor:#0075c9;\n} \n\n#cmsms_icon_box_69f38e8307f7f6_67865758.cmsms_icon_heading_left, \n#cmsms_icon_box_69f38e8307f7f6_67865758.cmsms_icon_top, \n#cmsms_icon_box_69f38e8307f7f6_67865758.cmsms_icon_box_left_top { \n\tpadding:30px 20px; } \n\n#cmsms_icon_box_69f38e8307f7f6_67865758.cmsms_icon_top:before { \n\ttop:30px;} \n\n#cmsms_icon_box_69f38e8307f7f6_67865758 a:not(.cmsms_button), \n#cmsms_icon_box_69f38e8307f7f6_67865758 a:not(.cmsms_button):hover, \n#cmsms_icon_box_69f38e8307f7f6_67865758 h1, \n#cmsms_icon_box_69f38e8307f7f6_67865758 h2, \n#cmsms_icon_box_69f38e8307f7f6_67865758 h3, \n#cmsms_icon_box_69f38e8307f7f6_67865758 h4, \n#cmsms_icon_box_69f38e8307f7f6_67865758 h5, \n#cmsms_icon_box_69f38e8307f7f6_67865758 h6 { \n\tcolor:#0075c9;} \n\n#cmsms_icon_box_69f38e8307f7f6_67865758 a:not(.cmsms_button) { \n\n\ttext-decoration:underline;} \n\n#cmsms_icon_box_69f38e8307f7f6_67865758 a:not(.cmsms_button):hover { \n\n\ttext-decoration:none;} \n\n \n#cmsms_icon_box_69f38e83080260_28914599 { \n\tborder-width:0px; \n\tcolor:#0075c9;\n\tbackground-color:#f7f7f7;\n} \n\n#cmsms_icon_box_69f38e83080260_28914599:before, \n#cmsms_icon_box_69f38e83080260_28914599 .icon_box_heading:before { \n\tfont-size:30px; \n\tline-height:50px; \n\twidth:50px; \n\theight:50px; \n\tborder-width:0px; \n\t-webkit-border-radius:50%; \n\tborder-radius:50%; \n\tcolor:#0075c9;\n} \n\n#cmsms_icon_box_69f38e83080260_28914599.cmsms_icon_heading_left, \n#cmsms_icon_box_69f38e83080260_28914599.cmsms_icon_top, \n#cmsms_icon_box_69f38e83080260_28914599.cmsms_icon_box_left_top { \n\tpadding:30px 20px; } \n\n#cmsms_icon_box_69f38e83080260_28914599.cmsms_icon_top:before { \n\ttop:30px;} \n\n#cmsms_icon_box_69f38e83080260_28914599 a:not(.cmsms_button), \n#cmsms_icon_box_69f38e83080260_28914599 a:not(.cmsms_button):hover, \n#cmsms_icon_box_69f38e83080260_28914599 h1, \n#cmsms_icon_box_69f38e83080260_28914599 h2, \n#cmsms_icon_box_69f38e83080260_28914599 h3, \n#cmsms_icon_box_69f38e83080260_28914599 h4, \n#cmsms_icon_box_69f38e83080260_28914599 h5, \n#cmsms_icon_box_69f38e83080260_28914599 h6 { \n\tcolor:#0075c9;} \n\n#cmsms_icon_box_69f38e83080260_28914599 a:not(.cmsms_button) { \n\n\ttext-decoration:underline;} \n\n#cmsms_icon_box_69f38e83080260_28914599 a:not(.cmsms_button):hover { \n\n\ttext-decoration:none;} \n\n<\/style><div id=\"cmsms_row_69f38e830770a0_38487746\" class=\"cmsms_row cmsms_color_scheme_default\">\n<div class=\"cmsms_row_outer_parent\">\n<div class=\"cmsms_row_outer\">\n<div class=\"cmsms_row_inner\">\n<div class=\"cmsms_row_margin\">\n<div class=\"cmsms_column one_first\">\n<div id=\"cmsms_gallery_69f38e83077f94_70482441\" class=\"cmsms_gallery_wrap\"><ul class=\"cmsms_gallery cmsms_1 cmsms_more_items_loader\"><li class=\"cmsms_gallery_item\"><figure><img width=\"808\" height=\"279\" src=\"https:\/\/www.promendoza.com\/wp-content\/uploads\/2022\/06\/Azul-y-Negro-Panel-de-Estadisticas-Presentacion-808-x-279-px-1-2.png\" class=\"attachment-full size-full\" alt=\"\" loading=\"lazy\" srcset=\"https:\/\/www.promendoza.com\/wp-content\/uploads\/2022\/06\/Azul-y-Negro-Panel-de-Estadisticas-Presentacion-808-x-279-px-1-2.png 808w, https:\/\/www.promendoza.com\/wp-content\/uploads\/2022\/06\/Azul-y-Negro-Panel-de-Estadisticas-Presentacion-808-x-279-px-1-2-300x104.png 300w, https:\/\/www.promendoza.com\/wp-content\/uploads\/2022\/06\/Azul-y-Negro-Panel-de-Estadisticas-Presentacion-808-x-279-px-1-2-768x265.png 768w, https:\/\/www.promendoza.com\/wp-content\/uploads\/2022\/06\/Azul-y-Negro-Panel-de-Estadisticas-Presentacion-808-x-279-px-1-2-580x200.png 580w\" sizes=\"(max-width: 808px) 100vw, 808px\" \/><\/figure><\/li><\/ul><script type=\"text\/javascript\">\r\n\t\t\tjQuery(document).ready(function () {\r\n\t\t\t\t(function ($) {\r\n\t\t\t\t\tif ($('#cmsms_gallery_69f38e83077f94_70482441').find('.cmsms_gallery_item').length == '0') {\r\n\t\t\t\t\t\treturn false;\r\n\t\t\t\t\t}\r\n\t\t\t\t\t\r\n\t\t\t\t\t\r\n\t\t\t\t\tstartGallery( \r\n\t\t\t\t\t\t'69f38e83077f94_70482441', \r\n\t\t\t\t\t\t'grid', \r\n\t\t\t\t\t\t'false', \r\n\t\t\t\t\t\t'false' \r\n\t\t\t\t\t);\r\n\t\t\t\t} )(jQuery);\r\n\t\t\t} );\r\n\t\t<\/script>\r\n\t\t<\/div>\n<\/div>\n<\/div>\n<\/div>\n<\/div>\n<\/div>\n<\/div>\n<div id=\"cmsms_row_69f38e8307b9a8_66237842\" class=\"cmsms_row cmsms_color_scheme_default\">\n<div class=\"cmsms_row_outer_parent\">\n<div class=\"cmsms_row_outer\">\n<div class=\"cmsms_row_inner\">\n<div class=\"cmsms_row_margin\">\n<div class=\"cmsms_column one_first\">\n\n<div id=\"cmsms_heading_69f38e8307cc68_56784526\" class=\"cmsms_heading_wrap cmsms_heading_align_left\">\n\t<h4 class=\"cmsms_heading\">Exportaciones de Mendoza<\/h4>\n<\/div><div class=\"cmsms_text\">\n<p>Tablero din\u00e1mico con informaci\u00f3n estad\u00edstica de la oferta exportable, exportaciones de Argentina por provincias, comparativos y PBG provincial.<br \/>\nAnexo con aranceles de importaci\u00f3n en los mercados de destino.<\/p>\n<\/div>\n<div class=\"custom_html\">\n<iframe title=\"ProMendoza - versi?n final\" width=\"1280\" height=\"700\" src=\"https:\/\/app.powerbi.com\/view?r=eyJrIjoiMDliODkwZTctMzQ0Mi00MzRmLWEyYjktZDA1ZTJmZjc1YzFhIiwidCI6IjA2ZTE1MGUzLTJjYjctNDIzMi1hYzUxLTNhOTU4NDQ2NGFiMiIsImMiOjF9\" frameborder=\"0\" allowFullScreen=\"true\"><\/iframe>\n<\/div>\n<\/div>\n<\/div>\n<\/div>\n<\/div>\n<\/div>\n<\/div>\n<div id=\"cmsms_row_69f38e8307d251_15345665\" class=\"cmsms_row cmsms_color_scheme_default\">\n<div class=\"cmsms_row_outer_parent\">\n<div class=\"cmsms_row_outer\">\n<div class=\"cmsms_row_inner\">\n<div class=\"cmsms_row_margin\">\n<div class=\"cmsms_column one_first\">\n\n<div id=\"cmsms_heading_69f38e8307de87_74201171\" class=\"cmsms_heading_wrap cmsms_heading_align_left\">\n\t<h4 class=\"cmsms_heading\">Informaci\u00f3n de Mercado<\/h4>\n<\/div><div class=\"cmsms_text\">\n<p>En esta secci\u00f3n encontrar\u00e1s estudios de mercado de la oferta exportable de Mendoza a los distintos mercados de inter\u00e9s.<br \/>\nLa informaci\u00f3n ha sido extra\u00edda de Ministerio de Relaciones Exteriores, Comercio Internacional y Culto (Argentina TradeNET).<\/p>\n<\/div>\n<\/div>\n<\/div>\n<\/div>\n<\/div>\n<\/div>\n<\/div>\n<div id=\"cmsms_row_69f38e8307e140_91638722\" class=\"cmsms_row cmsms_color_scheme_default\">\n<div class=\"cmsms_row_outer_parent\">\n<div class=\"cmsms_row_outer\">\n<div class=\"cmsms_row_inner\">\n<div class=\"cmsms_row_margin\">\n<div class=\"cmsms_column one_first\">\n<div class=\"custom_html\">\n<iframe title=\"Info Comex\" width=\"1280\" height=\"700\" src=\"https:\/\/app.powerbi.com\/view?r=eyJrIjoiNDNlOTkyN2ItZDBhZC00NjlkLTg5ZDctZjExZWI5YWM0MTdmIiwidCI6ImYwYzk3MTA3LWMyNTUtNGViYy05OTNjLWI1NzJkZDZmN2U0NyIsImMiOjR9\" frameborder=\"0\" allowFullScreen=\"true\"><\/iframe>\n<\/div>\n<\/div>\n<\/div>\n<\/div>\n<\/div>\n<\/div>\n<\/div>\n<div id=\"cmsms_row_69f38e8307e914_54499047\" class=\"cmsms_row cmsms_color_scheme_default\">\n<div class=\"cmsms_row_outer_parent\">\n<div class=\"cmsms_row_outer\">\n<div class=\"cmsms_row_inner\">\n<div class=\"cmsms_row_margin\">\n<div class=\"cmsms_column one_half\">\n\n<div id=\"cmsms_icon_box_69f38e8307f7f6_67865758\" class=\"cmsms_icon_box cmsms_icon_heading_left box_icon_type_icon\">\n<div class=\"icon_box_inner\">\n<h1 class=\"icon_box_heading cmsms-icon-download-cloud\">Descargas<\/h1>\n<div class=\"icon_box_text\">\n<ul>\n<li><a href=\"https:\/\/www.promendoza.com\/wp-content\/uploads\/2026\/03\/Aranceles-vino_Compilado.pdf\">Aranceles vino<\/a><\/li>\n<li><a href=\"https:\/\/www.promendoza.com\/wp-content\/uploads\/2026\/03\/Informe-anual-2025.pdf\">Anuario estad\u00edstico 2025<\/a><\/li>\n<li><a href=\"https:\/\/www.promendoza.com\/wp-content\/uploads\/2025\/08\/Informacion-semestral-2025.pdf\">Informe semestral 2025<\/a><\/li>\n<li><a href=\"https:\/\/www.promendoza.com\/wp-content\/uploads\/2025\/08\/Anuario-2024.pdf\">Anuario estad\u00edstico 2024<\/a><\/li>\n<li><a href=\"https:\/\/www.promendoza.com\/wp-content\/uploads\/2024\/11\/Informe-1-semestre-2024.pdf\">Informe semestral exportaciones 2024<\/a><\/li>\n<li><a href=\"https:\/\/www.promendoza.com\/wp-content\/uploads\/2025\/09\/Informacion-Paises-2024.pdf\">Exportaciones Ranking principales destinos 2024<\/a><\/li>\n<li><a href=\"https:\/\/www.promendoza.com\/wp-content\/uploads\/2024\/03\/Anuario-estadistico-2023.pdf\">Anuario estad\u00edstico 2023<\/a><\/li>\n<li><a href=\"https:\/\/www.promendoza.com\/wp-content\/uploads\/2024\/03\/1\u00b0-Sem-2023.pdf\">Informe estad\u00edstico semestral 2023<\/a><\/li>\n<li><a href=\"https:\/\/www.promendoza.com\/wp-content\/uploads\/2024\/03\/Anuario-estadistico-Mendoza-2022_ProMendoza_.pdf\">Anuario estad\u00edstico 2022<\/a><\/li>\n<li><a href=\"https:\/\/www.promendoza.com\/wp-content\/uploads\/2023\/06\/Exportaciones-principales-destinos-2022.pdf\">Principales destinos de exportaci\u00f3n 2022<\/a><\/li>\n<li><a href=\"https:\/\/www.promendoza.com\/wp-content\/uploads\/2021\/10\/FDA_Fundacion-ProMendoza.pdf\">Instructivo FDA<\/a><\/li>\n<li class=\"vineta\"><a href=\"https:\/\/www.promendoza.com\/wp-content\/uploads\/2021\/06\/Guia-Exportacion-de-Bienes-Fundacion-ProMendoza.pdf\">Gu\u00eda &#8211; Exportaci\u00f3n de Bienes<\/a><\/li>\n<li class=\"vineta\"><a href=\"https:\/\/www.promendoza.com\/wp-content\/uploads\/2021\/06\/Guia-de-Exportacion-de-Servicios-Fundacion-ProMendoza.pdf\">Gu\u00eda &#8211; Exportaci\u00f3n de Servicios<\/a><\/li>\n<\/ul>\n<\/div>\n<\/div>\n<\/div>\n<\/div>\n<div class=\"cmsms_column one_half\">\n\n<div id=\"cmsms_icon_box_69f38e83080260_28914599\" class=\"cmsms_icon_box cmsms_icon_heading_left box_icon_type_icon\">\n<div class=\"icon_box_inner\">\n<h1 class=\"icon_box_heading cmsms-icon-link\">Enlaces de inter\u00e9s<\/h1>\n<div class=\"icon_box_text\">\n<ul>\n<li class=\"vineta\"><a href=\"http:\/\/www.trademap.org\/Index.aspx\" target=\"_blank\" rel=\"noopener noreferrer\">TRADE MAP<\/a><\/li>\n<li class=\"vineta\"><a href=\"https:\/\/comtrade.un.org\/\" target=\"_blank\" rel=\"noopener noreferrer\">UN Comtrade<\/a><\/li>\n<li class=\"vineta\"><a href=\"http:\/\/www.investandtrade.org.ar\/mapadelasexportaciones.php\" target=\"_blank\" rel=\"noopener noreferrer\">INVEST AND TRADE<\/a><\/li>\n<li class=\"vineta\"><a href=\"http:\/\/observatoriova.com\" target=\"_blank\" rel=\"noopener noreferrer\">OBSERVATORIO VITIVINICOLA<\/a><\/li>\n<li class=\"vineta\"><a href=\"http:\/\/www.inv.gov.ar\" target=\"_blank\" rel=\"noopener noreferrer\">INSTITUTO NACIONAL DE VITIVINICULTURA<\/a><\/li>\n<li class=\"vineta\"><a href=\"https:\/\/www.argentina.gob.ar\/produccion\/exportar\/exportasimple\">Exporta simple<\/a><\/li>\n<\/ul>\n<\/div>\n<\/div>\n<\/div>\n<\/div>\n<\/div>\n<\/div>\n<\/div>\n<\/div>\n<\/div>\n\n","protected":false},"excerpt":{"rendered":"","protected":false},"author":1,"featured_media":0,"parent":0,"menu_order":0,"comment_status":"closed","ping_status":"closed","template":"","meta":[],"_links":{"self":[{"href":"https:\/\/www.promendoza.com\/en\/wp-json\/wp\/v2\/pages\/11761"}],"collection":[{"href":"https:\/\/www.promendoza.com\/en\/wp-json\/wp\/v2\/pages"}],"about":[{"href":"https:\/\/www.promendoza.com\/en\/wp-json\/wp\/v2\/types\/page"}],"author":[{"embeddable":true,"href":"https:\/\/www.promendoza.com\/en\/wp-json\/wp\/v2\/users\/1"}],"replies":[{"embeddable":true,"href":"https:\/\/www.promendoza.com\/en\/wp-json\/wp\/v2\/comments?post=11761"}],"version-history":[{"count":78,"href":"https:\/\/www.promendoza.com\/en\/wp-json\/wp\/v2\/pages\/11761\/revisions"}],"predecessor-version":[{"id":13136,"href":"https:\/\/www.promendoza.com\/en\/wp-json\/wp\/v2\/pages\/11761\/revisions\/13136"}],"wp:attachment":[{"href":"https:\/\/www.promendoza.com\/en\/wp-json\/wp\/v2\/media?parent=11761"}],"curies":[{"name":"wp","href":"https:\/\/api.w.org\/{rel}","templated":true}]}}