{"id":4054,"date":"2018-06-06T19:17:14","date_gmt":"2018-06-06T19:17:14","guid":{"rendered":"http:\/\/www.promendoza.com\/?page_id=4054"},"modified":"2024-04-29T13:56:52","modified_gmt":"2024-04-29T16:56:52","slug":"programa-de-diversificacion-de-mercados-dimex","status":"publish","type":"page","link":"https:\/\/www.promendoza.com\/en\/programa-de-diversificacion-de-mercados-dimex\/","title":{"rendered":"Programa de diversificaci\u00f3n de mercados (DIMEX)"},"content":{"rendered":"<style type=\"text\/css\"> \n#cmsms_row_69e1dec11dd566_19605343 .cmsms_row_outer_parent { \n\tpadding-top: 0px; \n} \n\n#cmsms_row_69e1dec11dd566_19605343 .cmsms_row_outer_parent { \n\tpadding-bottom: 0px; \n} \n\n \n#cmsms_divider_69e1dec11e1654_65784406 { \n\tborder-bottom-width:0px; \n\tborder-bottom-style:solid; \n\tpadding-top:40px; \n\tmargin-bottom:0px; \n} \n \n#cmsms_heading_69e1dec11e1bf8_93080821 { \n\ttext-align:left; \n\tmargin-top:15px; \n\tmargin-bottom:0px; \n} \n\n#cmsms_heading_69e1dec11e1bf8_93080821 .cmsms_heading { \n\ttext-align:left; \n} \n\n#cmsms_heading_69e1dec11e1bf8_93080821 .cmsms_heading, #cmsms_heading_69e1dec11e1bf8_93080821 .cmsms_heading a { \n\tfont-weight:normal; \n\tfont-style:normal; \n\tcolor:#0075c9;\n} \n\n#cmsms_heading_69e1dec11e1bf8_93080821 .cmsms_heading_divider { \n} \n\n \n#cmsms_divider_69e1dec11e1fa7_77025567 { \n\tborder-bottom-width:0px; \n\tborder-bottom-style:solid; \n\tpadding-top:10px; \n\tmargin-bottom:0px; \n} \n \n#cmsms_row_69e1dec11e2270_10919252 .cmsms_row_outer_parent { \n\tpadding-top: 0px; \n} \n\n#cmsms_row_69e1dec11e2270_10919252 .cmsms_row_outer_parent { \n\tpadding-bottom: 30px; \n} \n\n \n#cmsms_heading_69e1dec11e2d30_55933559 { \n\ttext-align:left; \n\tmargin-top:0px; \n\tmargin-bottom:0px; \n} \n\n#cmsms_heading_69e1dec11e2d30_55933559 .cmsms_heading { \n\ttext-align:left; \n} \n\n#cmsms_heading_69e1dec11e2d30_55933559 .cmsms_heading, #cmsms_heading_69e1dec11e2d30_55933559 .cmsms_heading a { \n\tfont-weight:normal; \n\tfont-style:normal; \n\tcolor:#0075c9;\n} \n\n#cmsms_heading_69e1dec11e2d30_55933559 .cmsms_heading_divider { \n} \n\n \n#cmsms_divider_69e1dec11e3090_77283520 { \n\tborder-bottom-width:0px; \n\tborder-bottom-style:solid; \n\tpadding-top:10px; \n\tmargin-bottom:0px; \n} \n \n#cmsms_heading_69e1dec11e3507_88768848 { \n\ttext-align:left; \n\tmargin-top:15px; \n\tmargin-bottom:0px; \n} \n\n#cmsms_heading_69e1dec11e3507_88768848 .cmsms_heading { \n\ttext-align:left; \n} \n\n#cmsms_heading_69e1dec11e3507_88768848 .cmsms_heading, #cmsms_heading_69e1dec11e3507_88768848 .cmsms_heading a { \n\tfont-weight:normal; \n\tfont-style:normal; \n\tcolor:#0075c9;\n} \n\n#cmsms_heading_69e1dec11e3507_88768848 .cmsms_heading_divider { \n} \n\n \n#cmsms_divider_69e1dec11e3840_36740018 { \n\tborder-bottom-width:0px; \n\tborder-bottom-style:solid; \n\tpadding-top:10px; \n\tmargin-bottom:0px; \n} \n<\/style><div id=\"cmsms_row_69e1dec11dd566_19605343\" class=\"cmsms_row cmsms_color_scheme_default\">\n<div class=\"cmsms_row_outer_parent\">\n<div class=\"cmsms_row_outer\">\n<div class=\"cmsms_row_inner\">\n<div class=\"cmsms_row_margin\">\n<div class=\"cmsms_column one_fourth\">\n<div class=\"custom_html\">\n<div style=\"height: 32px;\"><\/div>\n<\/div>\n<div class=\"cmsms_img  cmsms_image_n\">\n<img src=\"https:\/\/www.promendoza.com\/wp-content\/uploads\/2018\/09\/dimex_204.png\" \/>\n<\/div>\n<\/div>\n<div class=\"cmsms_column three_fourth\">\n\n<div id=\"cmsms_divider_69e1dec11e1654_65784406\" class=\"cl\"><\/div>\n<div class=\"cmsms_text\">\n<p>DIMEX, es un servicio de ProMendoza que busca promover la diversificaci\u00f3n de mercados de exportaci\u00f3n de las PyMEs mendocinas a trav\u00e9s del asesoramiento de un especialista en comercio exterior. Este programa est\u00e1 orientado a aquellas empresas con una alta concentraci\u00f3n de sus exportaciones en pocos mercados internacionales y deseen ampliar los destinos de sus ventas en el exterior.<\/p>\n<\/div>\n\n<div id=\"cmsms_heading_69e1dec11e1bf8_93080821\" class=\"cmsms_heading_wrap cmsms_heading_align_left\">\n\t<h4 class=\"cmsms_heading\">Objetivos<\/h4>\n<\/div>\n\n<div id=\"cmsms_divider_69e1dec11e1fa7_77025567\" class=\"cl\"><\/div>\n<div class=\"cmsms_text\">\n<p>&#8211; Incrementar la presencia de empresas mendocinas en los mercados internacionales<br \/>\n&#8211; Reducir la dependencia de las ventas en pocos clientes<br \/>\n&#8211; Identificar nuevos destinos de exportaci\u00f3n<br \/>\n&#8211; Optimizar el empleo de la capacidad productiva y disminuir costos por econom\u00edas de escala<br \/>\n&#8211; Mejorar el posicionamiento competitivo internacional de las PyMes<br \/>\n&#8211; Alentar pol\u00edticas de desarrollo e inversiones<\/p>\n<\/div>\n<\/div>\n<\/div>\n<\/div>\n<\/div>\n<\/div>\n<\/div>\n<div id=\"cmsms_row_69e1dec11e2270_10919252\" class=\"cmsms_row cmsms_color_scheme_default\">\n<div class=\"cmsms_row_outer_parent\">\n<div class=\"cmsms_row_outer\">\n<div class=\"cmsms_row_inner\">\n<div class=\"cmsms_row_margin\">\n<div class=\"cmsms_column one_first\">\n\n<div id=\"cmsms_heading_69e1dec11e2d30_55933559\" class=\"cmsms_heading_wrap cmsms_heading_align_left\">\n\t<h4 class=\"cmsms_heading\">Destinatarios<\/h4>\n<\/div>\n\n<div id=\"cmsms_divider_69e1dec11e3090_77283520\" class=\"cl\"><\/div>\n<div class=\"cmsms_text\">\n<p>&#8211; Empresas exportadoras con establecimientos productivos en Mendoza<br \/>\n&#8211; Posean una antig\u00fcedad operativa superior a dos a\u00f1os<br \/>\n&#8211; Presenten exportaciones consolidadas en no m\u00e1s de 3 mercados<br \/>\n&#8211; Exporten menos de USD 500.000 (valor promedio anual de los \u00faltimos dos a\u00f1os)<\/p>\n<\/div>\n\n<div id=\"cmsms_heading_69e1dec11e3507_88768848\" class=\"cmsms_heading_wrap cmsms_heading_align_left\">\n\t<h4 class=\"cmsms_heading\">Funcionamiento<\/h4>\n<\/div>\n\n<div id=\"cmsms_divider_69e1dec11e3840_36740018\" class=\"cl\"><\/div>\n<div class=\"cmsms_text\">\n<p>El programa tiene una duraci\u00f3n de 12 meses. En cada etapa del programa se contar\u00e1 con la asistencia de un profesional preparado y formado al efecto que asistir\u00e1 a la empresa en todo el proceso exportador, definir\u00e1 nuevos mercados, las acciones de promoci\u00f3n y llevar\u00e1 adelante la realizaci\u00f3n concreta de una exportaci\u00f3n.<\/p>\n<p>&#8211; Primera Etapa: Diagn\u00f3stico del potencial para diversificar mercados<br \/>\n&#8211; Segunda Etapa: Elaboraci\u00f3n de la estrategia de diversificaci\u00f3n de mercados<br \/>\n&#8211; Tercera Etapa: Ejecuci\u00f3n de la estrategia comercial<\/p>\n<\/div>\n<\/div>\n<\/div>\n<\/div>\n<\/div>\n<\/div>\n<\/div>\n<div id=\"cmsms_row_69e1dec11e3ae6_86388083\" class=\"cmsms_row cmsms_color_scheme_default\">\n<div class=\"cmsms_row_outer_parent\">\n<div class=\"cmsms_row_outer\">\n<div class=\"cmsms_row_inner\">\n<div class=\"cmsms_row_margin\">\n<div class=\"cmsms_column one_first\">\n<div class=\"cmsms_text\">\n<p>&nbsp;<\/p>\n<\/div>\n<\/div>\n<\/div>\n<\/div>\n<\/div>\n<\/div>\n<\/div>\n\n","protected":false},"excerpt":{"rendered":"","protected":false},"author":1,"featured_media":0,"parent":0,"menu_order":0,"comment_status":"closed","ping_status":"closed","template":"","meta":[],"_links":{"self":[{"href":"https:\/\/www.promendoza.com\/en\/wp-json\/wp\/v2\/pages\/4054"}],"collection":[{"href":"https:\/\/www.promendoza.com\/en\/wp-json\/wp\/v2\/pages"}],"about":[{"href":"https:\/\/www.promendoza.com\/en\/wp-json\/wp\/v2\/types\/page"}],"author":[{"embeddable":true,"href":"https:\/\/www.promendoza.com\/en\/wp-json\/wp\/v2\/users\/1"}],"replies":[{"embeddable":true,"href":"https:\/\/www.promendoza.com\/en\/wp-json\/wp\/v2\/comments?post=4054"}],"version-history":[{"count":4,"href":"https:\/\/www.promendoza.com\/en\/wp-json\/wp\/v2\/pages\/4054\/revisions"}],"predecessor-version":[{"id":13815,"href":"https:\/\/www.promendoza.com\/en\/wp-json\/wp\/v2\/pages\/4054\/revisions\/13815"}],"wp:attachment":[{"href":"https:\/\/www.promendoza.com\/en\/wp-json\/wp\/v2\/media?parent=4054"}],"curies":[{"name":"wp","href":"https:\/\/api.w.org\/{rel}","templated":true}]}}