{"id":4090,"date":"2018-06-06T19:56:56","date_gmt":"2018-06-06T19:56:56","guid":{"rendered":"http:\/\/www.promendoza.com\/?page_id=4090"},"modified":"2018-06-06T20:12:18","modified_gmt":"2018-06-06T20:12:18","slug":"grandes-capitales-del-vino","status":"publish","type":"page","link":"https:\/\/www.promendoza.com\/en\/grandes-capitales-del-vino\/","title":{"rendered":"Grandes Capitales del Vino"},"content":{"rendered":"<style type=\"text\/css\"> \n#cmsms_row_69d27a1b14b958_81899402 .cmsms_row_outer_parent { \n\tpadding-top: 36px; \n} \n\n#cmsms_row_69d27a1b14b958_81899402 .cmsms_row_outer_parent { \n\tpadding-bottom: 16px; \n} \n\n<\/style><div id=\"cmsms_row_69d27a1b14b958_81899402\" class=\"cmsms_row cmsms_color_scheme_default\">\n<div class=\"cmsms_row_outer_parent\">\n<div class=\"cmsms_row_outer\">\n<div class=\"cmsms_row_inner\">\n<div class=\"cmsms_row_margin\">\n<div class=\"cmsms_column one_first\">\n<div class=\"cmsms_text\">\n<p>Para acompa\u00f1ar a un sector clave para el desarrollo provincial, Mendoza integra desde el a\u00f1o 2005 la <strong>Red Great Wine Capitals<\/strong>, reconocida como una de las 13 Grandes Capitales Mundiales del Vino.<\/p>\n<p>Proyectos de investigaci\u00f3n, desarrollo de acciones enotur\u00edsticas, intercambio de informaci\u00f3n y generaci\u00f3n de proyectos que favorezcan la promoci\u00f3n del vino en las ciudades miembro son algunos de los objetivos que persigue esta Red Internacional.<\/p>\n<p>Cada a\u00f1o se realiza a nivel provincial el Concurso Best Of Tourism, donde las Bodegas presentan sus proyectos relacionados con el Turismo Vitivin\u00edcola. Los ganadores del galard\u00f3n provincial participan a nivel mundial por el premio Best Of Tourism al Turismo Vitivin\u00edcola<\/p>\n<ul>\n<li><a href=\"http:\/\/www.greatwinecapitals.com\" target=\"_blank\" rel=\"noopener\">http:\/\/www.greatwinecapitals.com<\/a><\/li>\n<\/ul>\n<\/div>\n<\/div>\n<\/div>\n<\/div>\n<\/div>\n<\/div>\n<\/div>\n\n","protected":false},"excerpt":{"rendered":"","protected":false},"author":1,"featured_media":0,"parent":0,"menu_order":0,"comment_status":"closed","ping_status":"closed","template":"","meta":[],"_links":{"self":[{"href":"https:\/\/www.promendoza.com\/en\/wp-json\/wp\/v2\/pages\/4090"}],"collection":[{"href":"https:\/\/www.promendoza.com\/en\/wp-json\/wp\/v2\/pages"}],"about":[{"href":"https:\/\/www.promendoza.com\/en\/wp-json\/wp\/v2\/types\/page"}],"author":[{"embeddable":true,"href":"https:\/\/www.promendoza.com\/en\/wp-json\/wp\/v2\/users\/1"}],"replies":[{"embeddable":true,"href":"https:\/\/www.promendoza.com\/en\/wp-json\/wp\/v2\/comments?post=4090"}],"version-history":[{"count":1,"href":"https:\/\/www.promendoza.com\/en\/wp-json\/wp\/v2\/pages\/4090\/revisions"}],"predecessor-version":[{"id":4091,"href":"https:\/\/www.promendoza.com\/en\/wp-json\/wp\/v2\/pages\/4090\/revisions\/4091"}],"wp:attachment":[{"href":"https:\/\/www.promendoza.com\/en\/wp-json\/wp\/v2\/media?parent=4090"}],"curies":[{"name":"wp","href":"https:\/\/api.w.org\/{rel}","templated":true}]}}