{"id":4506,"date":"2019-02-13T16:49:32","date_gmt":"2019-02-13T16:49:32","guid":{"rendered":"http:\/\/www.promendoza.com\/?page_id=4506"},"modified":"2019-07-04T03:31:24","modified_gmt":"2019-07-04T03:31:24","slug":"programa-asociatividad","status":"publish","type":"page","link":"https:\/\/www.promendoza.com\/en\/programa-asociatividad\/","title":{"rendered":"Programa de asociatividad"},"content":{"rendered":"<style type=\"text\/css\"> \n#cmsms_row_69e37a2daa3b44_71534339 .cmsms_row_outer_parent { \n\tpadding-top: 0px; \n} \n\n#cmsms_row_69e37a2daa3b44_71534339 .cmsms_row_outer_parent { \n\tpadding-bottom: 0px; \n} \n\n\r\n\t\t\t#cmsms_gallery_69e37a2daa4d09_66663396 .cmsms_gallery {\r\n\t\t\t\tmargin:0 0 0 -10px;\r\n\t\t\t}\r\n\t\t\t\r\n\t\t\t#cmsms_gallery_69e37a2daa4d09_66663396 .cmsms_gallery .cmsms_gallery_item {\r\n\t\t\t\tpadding:0 0 10px 10px;\r\n\t\t\t}\r\n\t\t \n#cmsms_row_69e37a2daae861_29712088 .cmsms_row_outer_parent { \n\tpadding-top: 20px; \n} \n\n#cmsms_row_69e37a2daae861_29712088 .cmsms_row_outer_parent { \n\tpadding-bottom: 0px; \n} \n\n \n#cmsms_heading_69e37a2dab4761_15432926 { \n\ttext-align:left; \n\tmargin-top:35px; \n\tmargin-bottom:10px; \n} \n\n#cmsms_heading_69e37a2dab4761_15432926 .cmsms_heading { \n\ttext-align:left; \n} \n\n#cmsms_heading_69e37a2dab4761_15432926 .cmsms_heading, #cmsms_heading_69e37a2dab4761_15432926 .cmsms_heading a { \n\tfont-weight:bold; \n\tfont-style:normal; \n} \n\n#cmsms_heading_69e37a2dab4761_15432926 .cmsms_heading_divider { \n} \n\n \n#cmsms_row_69e37a2dab4af6_68532964 { \n\tbackground-color:#f7f7f7;\n} \n\n#cmsms_row_69e37a2dab4af6_68532964 .cmsms_row_outer_parent { \n\tpadding-top: 20px; \n} \n\n#cmsms_row_69e37a2dab4af6_68532964 .cmsms_row_outer_parent { \n\tpadding-bottom: 10px; \n} \n\n \n#cmsms_heading_69e37a2dab55c0_16893087 { \n\ttext-align:left; \n\tmargin-top:0px; \n\tmargin-bottom:20px; \n} \n\n#cmsms_heading_69e37a2dab55c0_16893087 .cmsms_heading { \n\ttext-align:left; \n} \n\n#cmsms_heading_69e37a2dab55c0_16893087 .cmsms_heading, #cmsms_heading_69e37a2dab55c0_16893087 .cmsms_heading a { \n\tfont-weight:bold; \n\tfont-style:normal; \n} \n\n#cmsms_heading_69e37a2dab55c0_16893087 .cmsms_heading_divider { \n} \n\n \n#cmsms_heading_69e37a2dab5c99_57094242 { \n\ttext-align:left; \n\tmargin-top:0px; \n\tmargin-bottom:20px; \n} \n\n#cmsms_heading_69e37a2dab5c99_57094242 .cmsms_heading { \n\ttext-align:left; \n} \n\n#cmsms_heading_69e37a2dab5c99_57094242 .cmsms_heading, #cmsms_heading_69e37a2dab5c99_57094242 .cmsms_heading a { \n\tfont-weight:bold; \n\tfont-style:normal; \n} \n\n#cmsms_heading_69e37a2dab5c99_57094242 .cmsms_heading_divider { \n} \n\n \n#cmsms_heading_69e37a2dab62b1_69607410 { \n\ttext-align:left; \n\tmargin-top:0px; \n\tmargin-bottom:20px; \n} \n\n#cmsms_heading_69e37a2dab62b1_69607410 .cmsms_heading { \n\ttext-align:left; \n} \n\n#cmsms_heading_69e37a2dab62b1_69607410 .cmsms_heading, #cmsms_heading_69e37a2dab62b1_69607410 .cmsms_heading a { \n\tfont-weight:bold; \n\tfont-style:normal; \n} \n\n#cmsms_heading_69e37a2dab62b1_69607410 .cmsms_heading_divider { \n} \n\n \n#cmsms_row_69e37a2dab6511_08159210 { \n\tbackground-color:#f7f7f7;\n} \n\n#cmsms_row_69e37a2dab6511_08159210 .cmsms_row_outer_parent { \n\tpadding-top: 0px; \n} \n\n#cmsms_row_69e37a2dab6511_08159210 .cmsms_row_outer_parent { \n\tpadding-bottom: 40px; \n} \n\n \n#cmsms_heading_69e37a2dab6a16_08121980 { \n\ttext-align:left; \n\tmargin-top:0px; \n\tmargin-bottom:20px; \n} \n\n#cmsms_heading_69e37a2dab6a16_08121980 .cmsms_heading { \n\ttext-align:left; \n} \n\n#cmsms_heading_69e37a2dab6a16_08121980 .cmsms_heading, #cmsms_heading_69e37a2dab6a16_08121980 .cmsms_heading a { \n\tfont-weight:bold; \n\tfont-style:normal; \n} \n\n#cmsms_heading_69e37a2dab6a16_08121980 .cmsms_heading_divider { \n} \n\n<\/style><div id=\"cmsms_row_69e37a2daa3b44_71534339\" class=\"cmsms_row cmsms_color_scheme_default\">\n<div class=\"cmsms_row_outer_parent\">\n<div class=\"cmsms_row_outer\">\n<div class=\"cmsms_row_inner\">\n<div class=\"cmsms_row_margin\">\n<div class=\"cmsms_column one_first\">\n<div id=\"cmsms_gallery_69e37a2daa4d09_66663396\" class=\"cmsms_gallery_wrap\"><ul class=\"cmsms_gallery cmsms_1 cmsms_more_items_loader\"><li class=\"cmsms_gallery_item\"><figure><img width=\"808\" height=\"279\" src=\"https:\/\/www.promendoza.com\/wp-content\/uploads\/2019\/02\/Imagen-de-cabecera-3.jpg\" class=\"attachment-full size-full\" alt=\"\" loading=\"lazy\" srcset=\"https:\/\/www.promendoza.com\/wp-content\/uploads\/2019\/02\/Imagen-de-cabecera-3.jpg 808w, https:\/\/www.promendoza.com\/wp-content\/uploads\/2019\/02\/Imagen-de-cabecera-3-300x104.jpg 300w, https:\/\/www.promendoza.com\/wp-content\/uploads\/2019\/02\/Imagen-de-cabecera-3-768x265.jpg 768w, https:\/\/www.promendoza.com\/wp-content\/uploads\/2019\/02\/Imagen-de-cabecera-3-580x200.jpg 580w\" sizes=\"(max-width: 808px) 100vw, 808px\" \/><\/figure><\/li><\/ul><script type=\"text\/javascript\">\r\n\t\t\tjQuery(document).ready(function () {\r\n\t\t\t\t(function ($) {\r\n\t\t\t\t\tif ($('#cmsms_gallery_69e37a2daa4d09_66663396').find('.cmsms_gallery_item').length == '0') {\r\n\t\t\t\t\t\treturn false;\r\n\t\t\t\t\t}\r\n\t\t\t\t\t\r\n\t\t\t\t\t\r\n\t\t\t\t\tstartGallery( \r\n\t\t\t\t\t\t'69e37a2daa4d09_66663396', \r\n\t\t\t\t\t\t'grid', \r\n\t\t\t\t\t\t'false', \r\n\t\t\t\t\t\t'false' \r\n\t\t\t\t\t);\r\n\t\t\t\t} )(jQuery);\r\n\t\t\t} );\r\n\t\t<\/script>\r\n\t\t<\/div>\n<\/div>\n<\/div>\n<\/div>\n<\/div>\n<\/div>\n<\/div>\n<div id=\"cmsms_row_69e37a2daae861_29712088\" class=\"cmsms_row cmsms_color_scheme_default\">\n<div class=\"cmsms_row_outer_parent\">\n<div class=\"cmsms_row_outer\">\n<div class=\"cmsms_row_inner\">\n<div class=\"cmsms_row_margin\">\n<div class=\"cmsms_column one_fourth\">\n<div class=\"custom_html\">\n<div style=\"height: 32px;\"><\/div>\n<\/div>\n<div class=\"cmsms_img  cmsms_image_n\">\n<img src=\"https:\/\/www.promendoza.com\/wp-content\/uploads\/2019\/02\/Tarjeta-2.png\" \/>\n<\/div>\n<\/div>\n<div class=\"cmsms_column three_fourth\">\n\n<div id=\"cmsms_heading_69e37a2dab4761_15432926\" class=\"cmsms_heading_wrap cmsms_heading_align_left\">\n\t<h4 class=\"cmsms_heading\">PROGRAMA DE ASOCIATIVIDAD<\/h4>\n<\/div><div class=\"cmsms_text\">\n<p style=\"text-align: justify;\">Es una herramienta de apoyo a las PyMES que propone fomentar la asociatividad empresarial para el desarrollo exportador, mediante la coordinaci\u00f3n de un especialista en comercio exterior. Las acciones conjuntas de las empresas permiten reducir costos operativos, diversificar riesgos, mejorar la capacidad productiva y exportadora facilitando el proceso de inserci\u00f3n internacional.<\/p>\n<p>Para mayor informaci\u00f3n escribinos a <a href=\"mailto:pas@promendoza.com\">pas@promendoza.com<\/a><\/p>\n<\/div>\n<\/div>\n<\/div>\n<\/div>\n<\/div>\n<\/div>\n<\/div>\n<div id=\"cmsms_row_69e37a2dab4af6_68532964\" class=\"cmsms_row cmsms_color_scheme_default\">\n<div class=\"cmsms_row_outer_parent\">\n<div class=\"cmsms_row_outer\">\n<div class=\"cmsms_row_inner\">\n<div class=\"cmsms_row_margin\">\n<div class=\"cmsms_column one_third\">\n\n<div id=\"cmsms_heading_69e37a2dab55c0_16893087\" class=\"cmsms_heading_wrap cmsms_heading_align_left\">\n\t<h5 class=\"cmsms_heading\">Objetivos<\/h5>\n<\/div><div class=\"cmsms_text\">\n<ul>\n<li class=\"vineta\" style=\"text-align: justify;\">Fortalecer la internacionalizaci\u00f3n de las empresas mendocinas de forma asociativa<\/li>\n<li class=\"vineta\" style=\"text-align: justify;\">Insertar grupos de empresas mendocinas en los mercados internacionales<\/li>\n<li class=\"vineta\" style=\"text-align: justify;\">Ampliar la oferta exportable mendocina<\/li>\n<li class=\"vineta\" style=\"text-align: justify;\">Desarrollar grupos de empresas exportadoras con el m\u00ednimo riesgo y costo<\/li>\n<\/ul>\n<\/div>\n<\/div>\n<div class=\"cmsms_column one_third\">\n\n<div id=\"cmsms_heading_69e37a2dab5c99_57094242\" class=\"cmsms_heading_wrap cmsms_heading_align_left\">\n\t<h5 class=\"cmsms_heading\">Ventajas<\/h5>\n<\/div><div class=\"cmsms_text\">\n<p style=\"text-align: justify;\">La principal ventaja de este programa es que est\u00e1 destinado a incentivar y apuntalar a los peque\u00f1os productores que no cuentan con un volumen exportable y les ser\u00eda imposible lograrlo de forma individual.<\/p>\n<\/div>\n<\/div>\n<div class=\"cmsms_column one_third\">\n\n<div id=\"cmsms_heading_69e37a2dab62b1_69607410\" class=\"cmsms_heading_wrap cmsms_heading_align_left\">\n\t<h5 class=\"cmsms_heading\">Funcionamiento<\/h5>\n<\/div><div class=\"cmsms_text\">\n<ul>\n<li class=\"vineta\" style=\"text-align: justify;\">Primera etapa: Diagn\u00f3stico individual y grupal del potencial de internacionalizaci\u00f3n<\/li>\n<li class=\"vineta\" style=\"text-align: justify;\">Segunda etapa: Elaboraci\u00f3n del plan de Negocios de Internacionalizaci\u00f3n<\/li>\n<li class=\"vineta\" style=\"text-align: justify;\">Tercera etapa: Ejecuci\u00f3n del Plan Estrat\u00e9gico<\/li>\n<\/ul>\n<\/div>\n<\/div>\n<\/div>\n<\/div>\n<\/div>\n<\/div>\n<\/div>\n<div id=\"cmsms_row_69e37a2dab6511_08159210\" class=\"cmsms_row cmsms_color_scheme_default\">\n<div class=\"cmsms_row_outer_parent\">\n<div class=\"cmsms_row_outer\">\n<div class=\"cmsms_row_inner\">\n<div class=\"cmsms_row_margin\">\n<div class=\"cmsms_column one_first\">\n\n<div id=\"cmsms_heading_69e37a2dab6a16_08121980\" class=\"cmsms_heading_wrap cmsms_heading_align_left\">\n\t<h5 class=\"cmsms_heading\">Destinatarios<\/h5>\n<\/div><div class=\"cmsms_text\">\n<p style=\"text-align: justify;\">El programa est\u00e1 destinado para peque\u00f1as y medianas empresas mendocinas que tengan la voluntad de exportar y deseen expandirse en forma asociativa a mercados extranjeros. Es necesario que las empresas participantes no hayan exportado nunca o lo hayan hecho en forma espor\u00e1dica o de manera indirecta.<\/p>\n<\/div>\n<\/div>\n<\/div>\n<\/div>\n<\/div>\n<\/div>\n<\/div>\n\n","protected":false},"excerpt":{"rendered":"","protected":false},"author":1,"featured_media":0,"parent":0,"menu_order":0,"comment_status":"closed","ping_status":"closed","template":"","meta":[],"_links":{"self":[{"href":"https:\/\/www.promendoza.com\/en\/wp-json\/wp\/v2\/pages\/4506"}],"collection":[{"href":"https:\/\/www.promendoza.com\/en\/wp-json\/wp\/v2\/pages"}],"about":[{"href":"https:\/\/www.promendoza.com\/en\/wp-json\/wp\/v2\/types\/page"}],"author":[{"embeddable":true,"href":"https:\/\/www.promendoza.com\/en\/wp-json\/wp\/v2\/users\/1"}],"replies":[{"embeddable":true,"href":"https:\/\/www.promendoza.com\/en\/wp-json\/wp\/v2\/comments?post=4506"}],"version-history":[{"count":11,"href":"https:\/\/www.promendoza.com\/en\/wp-json\/wp\/v2\/pages\/4506\/revisions"}],"predecessor-version":[{"id":9044,"href":"https:\/\/www.promendoza.com\/en\/wp-json\/wp\/v2\/pages\/4506\/revisions\/9044"}],"wp:attachment":[{"href":"https:\/\/www.promendoza.com\/en\/wp-json\/wp\/v2\/media?parent=4506"}],"curies":[{"name":"wp","href":"https:\/\/api.w.org\/{rel}","templated":true}]}}