{"id":4063,"date":"2018-06-06T19:21:24","date_gmt":"2018-06-06T19:21:24","guid":{"rendered":"http:\/\/www.promendoza.com\/?page_id=4063"},"modified":"2024-04-29T14:03:17","modified_gmt":"2024-04-29T17:03:17","slug":"metalmecanica","status":"publish","type":"page","link":"https:\/\/www.promendoza.com\/es\/metalmecanica\/","title":{"rendered":"Metalmec\u00e1nica"},"content":{"rendered":"<style type=\"text\/css\"> \n#cmsms_row_69f5617a4b8ce6_65999800 .cmsms_row_outer_parent { \n\tpadding-top: 0px; \n} \n\n#cmsms_row_69f5617a4b8ce6_65999800 .cmsms_row_outer_parent { \n\tpadding-bottom: 0px; \n} \n\n\r\n\t\t\t#cmsms_gallery_69f5617a4b9e34_23493633 .cmsms_gallery {\r\n\t\t\t\tmargin:0 0 0 -10px;\r\n\t\t\t}\r\n\t\t\t\r\n\t\t\t#cmsms_gallery_69f5617a4b9e34_23493633 .cmsms_gallery .cmsms_gallery_item {\r\n\t\t\t\tpadding:0 0 10px 10px;\r\n\t\t\t}\r\n\t\t \n#cmsms_row_69f5617a4bc060_20344062 .cmsms_row_outer_parent { \n\tpadding-top: 0px; \n} \n\n#cmsms_row_69f5617a4bc060_20344062 .cmsms_row_outer_parent { \n\tpadding-bottom: 40px; \n} \n\n \n#cmsms_heading_69f5617a4be899_00194454 { \n\ttext-align:left; \n\tmargin-top:35px; \n\tmargin-bottom:10px; \n} \n\n#cmsms_heading_69f5617a4be899_00194454 .cmsms_heading { \n\ttext-align:left; \n} \n\n#cmsms_heading_69f5617a4be899_00194454 .cmsms_heading, #cmsms_heading_69f5617a4be899_00194454 .cmsms_heading a { \n\tfont-weight:bold; \n\tfont-style:normal; \n} \n\n#cmsms_heading_69f5617a4be899_00194454 .cmsms_heading_divider { \n} \n\n<\/style><div id=\"cmsms_row_69f5617a4b8ce6_65999800\" class=\"cmsms_row cmsms_color_scheme_default\">\n<div class=\"cmsms_row_outer_parent\">\n<div class=\"cmsms_row_outer\">\n<div class=\"cmsms_row_inner\">\n<div class=\"cmsms_row_margin\">\n<div class=\"cmsms_column one_first\">\n<div id=\"cmsms_gallery_69f5617a4b9e34_23493633\" class=\"cmsms_gallery_wrap\"><ul class=\"cmsms_gallery cmsms_1 cmsms_more_items_loader\"><li class=\"cmsms_gallery_item\"><figure><img width=\"808\" height=\"279\" src=\"https:\/\/www.promendoza.com\/wp-content\/uploads\/2018\/08\/metalmecanica-energias.jpg\" class=\"attachment-full size-full\" alt=\"\" loading=\"lazy\" srcset=\"https:\/\/www.promendoza.com\/wp-content\/uploads\/2018\/08\/metalmecanica-energias.jpg 808w, https:\/\/www.promendoza.com\/wp-content\/uploads\/2018\/08\/metalmecanica-energias-300x104.jpg 300w, https:\/\/www.promendoza.com\/wp-content\/uploads\/2018\/08\/metalmecanica-energias-768x265.jpg 768w, https:\/\/www.promendoza.com\/wp-content\/uploads\/2018\/08\/metalmecanica-energias-580x200.jpg 580w\" sizes=\"(max-width: 808px) 100vw, 808px\" \/><\/figure><\/li><\/ul><script type=\"text\/javascript\">\r\n\t\t\tjQuery(document).ready(function () {\r\n\t\t\t\t(function ($) {\r\n\t\t\t\t\tif ($('#cmsms_gallery_69f5617a4b9e34_23493633').find('.cmsms_gallery_item').length == '0') {\r\n\t\t\t\t\t\treturn false;\r\n\t\t\t\t\t}\r\n\t\t\t\t\t\r\n\t\t\t\t\t\r\n\t\t\t\t\tstartGallery( \r\n\t\t\t\t\t\t'69f5617a4b9e34_23493633', \r\n\t\t\t\t\t\t'grid', \r\n\t\t\t\t\t\t'false', \r\n\t\t\t\t\t\t'false' \r\n\t\t\t\t\t);\r\n\t\t\t\t} )(jQuery);\r\n\t\t\t} );\r\n\t\t<\/script>\r\n\t\t<\/div>\n<\/div>\n<\/div>\n<\/div>\n<\/div>\n<\/div>\n<\/div>\n<div id=\"cmsms_row_69f5617a4bc060_20344062\" class=\"cmsms_row cmsms_color_scheme_default\">\n<div class=\"cmsms_row_outer_parent\">\n<div class=\"cmsms_row_outer\">\n<div class=\"cmsms_row_inner\">\n<div class=\"cmsms_row_margin\">\n<div class=\"cmsms_column one_fourth\">\n<div class=\"custom_html\">\n<div style=\"height: 32px;\"><\/div>\n<\/div>\n<div class=\"cmsms_img  cmsms_image_n\">\n<img src=\"https:\/\/www.promendoza.com\/wp-content\/uploads\/2018\/08\/metalmecanica-energias-card-204x300.png\" \/>\n<\/div>\n<\/div>\n<div class=\"cmsms_column three_fourth\">\n\n<div id=\"cmsms_heading_69f5617a4be899_00194454\" class=\"cmsms_heading_wrap cmsms_heading_align_left\">\n\t<h4 class=\"cmsms_heading\">Metalmec\u00e1nica y energ\u00eda<\/h4>\n<\/div><div class=\"cmsms_text\">\n<p style=\"text-align: justify;\">Contamos con una excelente industria metalmec\u00e1nica y energ\u00e9tica. Somos uno de los principales polos de desarrollo del pa\u00eds.<\/p>\n<p style=\"text-align: justify;\">Producimos maquinaria y servicios para la industria del oil &#038; gas, miner\u00eda, agroindustria, energ\u00edas y construcci\u00f3n.<\/p>\n<p style=\"text-align: justify;\">Nuestra metalmec\u00e1nica est\u00e1 estrechamente relacionada con las industrias sectoriales de la provincia: tales como agroindustria, petr\u00f3leo, miner\u00eda y energ\u00eda.<\/p>\n<p style=\"text-align: justify;\">Adem\u00e1s producimos equipamiento adaptado a los c\u00e1nones internacionales, logrando una excelente posici\u00f3n en el mercado mundial.<\/p>\n<p style=\"text-align: justify;\">En cuanto al desarrollo energ\u00e9tico de Mendoza, contamos con gran potencial para la explotaci\u00f3n y aprovechamiento de energ\u00edas convencionales y alternativas.<\/p>\n<p style=\"text-align: justify;\">Contamos con empresas altamente calificadas, elevado desarrollo tecnol\u00f3gico, profesionales capacitados, y recursos naturales renovables.<\/p>\n<p>Para mayor informaci\u00f3n escribinos a\u00a0<a href=\"mailto:gmartinez@promendoza.com\">gmartinez@promendoza.com<\/a><\/p>\n<\/div>\n<\/div>\n<\/div>\n<\/div>\n<\/div>\n<\/div>\n<\/div>\n\n","protected":false},"excerpt":{"rendered":"","protected":false},"author":1,"featured_media":0,"parent":0,"menu_order":0,"comment_status":"closed","ping_status":"closed","template":"","meta":[],"_links":{"self":[{"href":"https:\/\/www.promendoza.com\/es\/wp-json\/wp\/v2\/pages\/4063"}],"collection":[{"href":"https:\/\/www.promendoza.com\/es\/wp-json\/wp\/v2\/pages"}],"about":[{"href":"https:\/\/www.promendoza.com\/es\/wp-json\/wp\/v2\/types\/page"}],"author":[{"embeddable":true,"href":"https:\/\/www.promendoza.com\/es\/wp-json\/wp\/v2\/users\/1"}],"replies":[{"embeddable":true,"href":"https:\/\/www.promendoza.com\/es\/wp-json\/wp\/v2\/comments?post=4063"}],"version-history":[{"count":11,"href":"https:\/\/www.promendoza.com\/es\/wp-json\/wp\/v2\/pages\/4063\/revisions"}],"predecessor-version":[{"id":13822,"href":"https:\/\/www.promendoza.com\/es\/wp-json\/wp\/v2\/pages\/4063\/revisions\/13822"}],"wp:attachment":[{"href":"https:\/\/www.promendoza.com\/es\/wp-json\/wp\/v2\/media?parent=4063"}],"curies":[{"name":"wp","href":"https:\/\/api.w.org\/{rel}","templated":true}]}}