{"id":4066,"date":"2018-06-06T19:22:16","date_gmt":"2018-06-06T19:22:16","guid":{"rendered":"http:\/\/www.promendoza.com\/?page_id=4066"},"modified":"2024-03-11T10:16:58","modified_gmt":"2024-03-11T13:16:58","slug":"servicios","status":"publish","type":"page","link":"https:\/\/www.promendoza.com\/es\/servicios\/","title":{"rendered":"Servicios"},"content":{"rendered":"<style type=\"text\/css\"> \n#cmsms_row_69f560d73f9a03_45445043 .cmsms_row_outer_parent { \n\tpadding-top: 0px; \n} \n\n#cmsms_row_69f560d73f9a03_45445043 .cmsms_row_outer_parent { \n\tpadding-bottom: 0px; \n} \n\n\r\n\t\t\t#cmsms_gallery_69f560d73fa485_70487000 .cmsms_gallery {\r\n\t\t\t\tmargin:0 0 0 -10px;\r\n\t\t\t}\r\n\t\t\t\r\n\t\t\t#cmsms_gallery_69f560d73fa485_70487000 .cmsms_gallery .cmsms_gallery_item {\r\n\t\t\t\tpadding:0 0 10px 10px;\r\n\t\t\t}\r\n\t\t \n#cmsms_row_69f560d73fca57_10682564 .cmsms_row_outer_parent { \n\tpadding-top: 0px; \n} \n\n#cmsms_row_69f560d73fca57_10682564 .cmsms_row_outer_parent { \n\tpadding-bottom: 20px; \n} \n\n \n#cmsms_heading_69f560d73ff036_31898608 { \n\ttext-align:left; \n\tmargin-top:35px; \n\tmargin-bottom:10px; \n} \n\n#cmsms_heading_69f560d73ff036_31898608 .cmsms_heading { \n\ttext-align:left; \n} \n\n#cmsms_heading_69f560d73ff036_31898608 .cmsms_heading, #cmsms_heading_69f560d73ff036_31898608 .cmsms_heading a { \n\tfont-weight:bold; \n\tfont-style:normal; \n} \n\n#cmsms_heading_69f560d73ff036_31898608 .cmsms_heading_divider { \n} \n\n \n#cmsms_row_69f560d73ff435_81607034 { \n\tbackground-color:#f7f7f7;\n} \n\n#cmsms_row_69f560d73ff435_81607034 .cmsms_row_outer_parent { \n\tpadding-top: 0px; \n} \n\n#cmsms_row_69f560d73ff435_81607034 .cmsms_row_outer_parent { \n\tpadding-bottom: 40px; \n} \n\n \n#cmsms_heading_69f560d7400147_41828780 { \n\ttext-align:left; \n\tmargin-top:10px; \n\tmargin-bottom:30px; \n} \n\n#cmsms_heading_69f560d7400147_41828780 .cmsms_heading { \n\ttext-align:left; \n} \n\n#cmsms_heading_69f560d7400147_41828780 .cmsms_heading, #cmsms_heading_69f560d7400147_41828780 .cmsms_heading a { \n\tfont-weight:bold; \n\tfont-style:normal; \n} \n\n#cmsms_heading_69f560d7400147_41828780 .cmsms_heading_divider { \n} \n\n \n#cmsms_tabs_list_item_69f560d7400c41_79223816 a:hover,#cmsms_tabs_list_item_69f560d7400c41_79223816 a:hover:before,#cmsms_tabs_list_item_69f560d7400c41_79223816.current_tab a:before,#cmsms_tabs_list_item_69f560d7400c41_79223816.current_tab a { \n\tcolor:#0075c9;\n} \n\n#cmsms_tabs_list_item_69f560d7401272_66798194 a:hover,#cmsms_tabs_list_item_69f560d7401272_66798194 a:hover:before,#cmsms_tabs_list_item_69f560d7401272_66798194.current_tab a:before,#cmsms_tabs_list_item_69f560d7401272_66798194.current_tab a { \n\tcolor:#0075c9;\n} \n\n#cmsms_tabs_list_item_69f560d74017a1_24977013 a:hover,#cmsms_tabs_list_item_69f560d74017a1_24977013 a:hover:before,#cmsms_tabs_list_item_69f560d74017a1_24977013.current_tab a:before,#cmsms_tabs_list_item_69f560d74017a1_24977013.current_tab a { \n\tcolor:#0075c9;\n} \n\n#cmsms_tabs_list_item_69f560d7401da0_14101237 a:hover,#cmsms_tabs_list_item_69f560d7401da0_14101237 a:hover:before,#cmsms_tabs_list_item_69f560d7401da0_14101237.current_tab a:before,#cmsms_tabs_list_item_69f560d7401da0_14101237.current_tab a { \n\tcolor:#0075c9;\n} \n\n#cmsms_tabs_list_item_69f560d7402426_16962233 a:hover,#cmsms_tabs_list_item_69f560d7402426_16962233 a:hover:before,#cmsms_tabs_list_item_69f560d7402426_16962233.current_tab a:before,#cmsms_tabs_list_item_69f560d7402426_16962233.current_tab a { \n\tcolor:#0075c9;\n} \n\n#cmsms_tabs_list_item_69f560d7402c48_90378454 a:hover,#cmsms_tabs_list_item_69f560d7402c48_90378454 a:hover:before,#cmsms_tabs_list_item_69f560d7402c48_90378454.current_tab a:before,#cmsms_tabs_list_item_69f560d7402c48_90378454.current_tab a { \n\tcolor:#0075c9;\n} \n\n#cmsms_tabs_list_item_69f560d74032a1_09325026 a:hover,#cmsms_tabs_list_item_69f560d74032a1_09325026 a:hover:before,#cmsms_tabs_list_item_69f560d74032a1_09325026.current_tab a:before,#cmsms_tabs_list_item_69f560d74032a1_09325026.current_tab a { \n\tcolor:#0075c9;\n} \n<\/style><div id=\"cmsms_row_69f560d73f9a03_45445043\" class=\"cmsms_row cmsms_color_scheme_default\">\n<div class=\"cmsms_row_outer_parent\">\n<div class=\"cmsms_row_outer\">\n<div class=\"cmsms_row_inner\">\n<div class=\"cmsms_row_margin\">\n<div class=\"cmsms_column one_first\">\n<div id=\"cmsms_gallery_69f560d73fa485_70487000\" class=\"cmsms_gallery_wrap\"><ul class=\"cmsms_gallery cmsms_1 cmsms_more_items_loader\"><li class=\"cmsms_gallery_item\"><figure><img width=\"808\" height=\"279\" src=\"https:\/\/www.promendoza.com\/wp-content\/uploads\/2018\/08\/servicios.jpg\" class=\"attachment-full size-full\" alt=\"\" loading=\"lazy\" srcset=\"https:\/\/www.promendoza.com\/wp-content\/uploads\/2018\/08\/servicios.jpg 808w, https:\/\/www.promendoza.com\/wp-content\/uploads\/2018\/08\/servicios-300x104.jpg 300w, https:\/\/www.promendoza.com\/wp-content\/uploads\/2018\/08\/servicios-768x265.jpg 768w, https:\/\/www.promendoza.com\/wp-content\/uploads\/2018\/08\/servicios-580x200.jpg 580w\" sizes=\"(max-width: 808px) 100vw, 808px\" \/><\/figure><\/li><\/ul><script type=\"text\/javascript\">\r\n\t\t\tjQuery(document).ready(function () {\r\n\t\t\t\t(function ($) {\r\n\t\t\t\t\tif ($('#cmsms_gallery_69f560d73fa485_70487000').find('.cmsms_gallery_item').length == '0') {\r\n\t\t\t\t\t\treturn false;\r\n\t\t\t\t\t}\r\n\t\t\t\t\t\r\n\t\t\t\t\t\r\n\t\t\t\t\tstartGallery( \r\n\t\t\t\t\t\t'69f560d73fa485_70487000', \r\n\t\t\t\t\t\t'grid', \r\n\t\t\t\t\t\t'false', \r\n\t\t\t\t\t\t'false' \r\n\t\t\t\t\t);\r\n\t\t\t\t} )(jQuery);\r\n\t\t\t} );\r\n\t\t<\/script>\r\n\t\t<\/div>\n<\/div>\n<\/div>\n<\/div>\n<\/div>\n<\/div>\n<\/div>\n<div id=\"cmsms_row_69f560d73fca57_10682564\" class=\"cmsms_row cmsms_color_scheme_default\">\n<div class=\"cmsms_row_outer_parent\">\n<div class=\"cmsms_row_outer\">\n<div class=\"cmsms_row_inner\">\n<div class=\"cmsms_row_margin\">\n<div class=\"cmsms_column one_fourth\">\n<div class=\"custom_html\">\n<div style=\"height: 32px;\"><\/div>\n<\/div>\n<div class=\"cmsms_img  cmsms_image_n\">\n<img src=\"https:\/\/www.promendoza.com\/wp-content\/uploads\/2018\/08\/servicios-card-204x300.png\" \/>\n<\/div>\n<\/div>\n<div class=\"cmsms_column three_fourth\">\n\n<div id=\"cmsms_heading_69f560d73ff036_31898608\" class=\"cmsms_heading_wrap cmsms_heading_align_left\">\n\t<h4 class=\"cmsms_heading\">Servicios Basados en el Conocimiento<\/h4>\n<\/div><div class=\"cmsms_text\">\n<p style=\"text-align: justify;\">Acompa\u00f1amos a las Peque\u00f1as y Medianas Empresas en su proceso de internacionalizaci\u00f3n para transformarse en empresas globales.<\/p>\n<p style=\"text-align: justify;\">Asimismo, se propone posicionar a Mendoza como referente de talento y creatividad.<\/p>\n<p style=\"text-align: justify;\">Se trata de uno de los sectores m\u00e1s din\u00e1micos del comercio mundial. Es un sector intensivo en el uso de mano de obra calificada, alto valor agregado, creatividad y conocimiento. Contribuye a la diversificaci\u00f3n de la oferta exportable.<\/p>\n<p style=\"text-align: justify;\">Trabajamos de manera conjunta con empresas, c\u00e1maras y asociaciones, con el fin de contribuir a desarrollar una estrategia adecuada y definir programas y proyectos espec\u00edficos en las \u00e1reas de formaci\u00f3n, informaci\u00f3n de mercado, promoci\u00f3n y posicionamiento comercial.<\/p>\n<p>Para mayor informaci\u00f3n escribinos a <a href=\"mailto:dbonadeo@promendoza.com\">dbonadeo@promendoza.com<\/a><\/p>\n<\/div>\n<\/div>\n<\/div>\n<\/div>\n<\/div>\n<\/div>\n<\/div>\n<div id=\"cmsms_row_69f560d73ff435_81607034\" class=\"cmsms_row cmsms_color_scheme_default\">\n<div class=\"cmsms_row_outer_parent\">\n<div class=\"cmsms_row_outer\">\n<div class=\"cmsms_row_inner\">\n<div class=\"cmsms_row_margin\">\n<div class=\"cmsms_column one_first\">\n\n<div id=\"cmsms_heading_69f560d7400147_41828780\" class=\"cmsms_heading_wrap cmsms_heading_align_left\">\n\t<h4 class=\"cmsms_heading\">Principales servicios exportables<\/h4>\n<\/div> \n<div class=\"cmsms_tabs tabs_mode_tour tabs_pos_left\">\n<ul class=\"cmsms_tabs_list\">\n<li id=\"cmsms_tabs_list_item_69f560d7400c41_79223816\" class=\"cmsms_tabs_list_item current_tab\">\n<a href=\"#\" class=\"cmsms-icon-file-code\">\n<span>Software<\/span>\n<\/a>\n<\/li><li id=\"cmsms_tabs_list_item_69f560d7401272_66798194\" class=\"cmsms_tabs_list_item\">\n<a href=\"#\" class=\"cmsms-icon-gamepad\">\n<span>Videojuegos<\/span>\n<\/a>\n<\/li><li id=\"cmsms_tabs_list_item_69f560d74017a1_24977013\" class=\"cmsms_tabs_list_item\">\n<a href=\"#\" class=\"cmsms-icon-mobile-6\">\n<span>Mobile<\/span>\n<\/a>\n<\/li><li id=\"cmsms_tabs_list_item_69f560d7401da0_14101237\" class=\"cmsms_tabs_list_item\">\n<a href=\"#\" class=\"cmsms-icon-cinema\">\n<span>Contenidos audiovisuales <\/span>\n<\/a>\n<\/li><li id=\"cmsms_tabs_list_item_69f560d7402426_16962233\" class=\"cmsms_tabs_list_item\">\n<a href=\"#\" class=\"cmsms-icon-key-5\">\n<span>Franquicias<\/span>\n<\/a>\n<\/li><li id=\"cmsms_tabs_list_item_69f560d7402c48_90378454\" class=\"cmsms_tabs_list_item\">\n<a href=\"#\" class=\"cmsms-icon-users\">\n<span>Emprendedores<\/span>\n<\/a>\n<\/li><li id=\"cmsms_tabs_list_item_69f560d74032a1_09325026\" class=\"cmsms_tabs_list_item\">\n<a href=\"#\" class=\"cmsms-icon-ambulance\">\n<span>Turismo m\u00e9dico<\/span>\n<\/a>\n<\/li><\/ul>\n<div class=\"cmsms_tabs_wrap\">\n<div id=\"cmsms_tab_69f560d7400c41_79223816\" class=\"cmsms_tab active_tab\">\n<div class=\"cmsms_tab_inner\">\n<p>La econom\u00eda del conocimiento se posiciona fuerte como una ventana de oportunidad para el crecimiento de la Provincia de Mendoza. Uno de los sectores clave en esta econom\u00eda es el software.<\/p>\n<p>Muchas empresas, con distinto grado de expertise y especializaci\u00f3n, se encuentran nucleadas en el Polo TIC de Mendoza (<a href=\"https:\/\/poloticmendoza.org\/quienes-somos\/\">https:\/\/poloticmendoza.org<\/a>), que se constituye como una organizaci\u00f3n mixta, compuesta por el \u00e1rea acad\u00e9mica, empresarial y p\u00fablica vinculada a las tecnolog\u00edas de informaci\u00f3n y comunicaci\u00f3n, cuya misi\u00f3n es insertar a Mendoza en el nuevo paradigma de la revoluci\u00f3n digital.<\/p>\n<p>Fundaci\u00f3n ProMendoza acompa\u00f1a al Polo TIC y a otras empresas de software locales en sus esfuerzos de internacionalizaci\u00f3n.<\/p>\n<\/div>\n<\/div><div id=\"cmsms_tab_69f560d7401272_66798194\" class=\"cmsms_tab\">\n<div class=\"cmsms_tab_inner\">\n<p>La industria del videojuego es un sector en amplio crecimiento y desarrollo que genera una gran cantidad de puestos de trabajo e inversi\u00f3n en conocimiento. Mendoza tiene un gran potencial en esta materia debido a la cantidad de estudios que se brindan en la provincia, entre dise\u00f1adores, artistas e ilustradores 2D y 3D, programadores, ingenieros, guionistas, testers, productores y m\u00fasicos.<\/p>\n<p>Un dato fundamental es que la industria del videojuego es la que produce mayores ganancias, incluso se encuentra por encima de la m\u00fasica y el cine. Sus productos son exportados actualmente a Estados Unidos, Europa y Asia.<\/p>\n<\/div>\n<\/div><div id=\"cmsms_tab_69f560d74017a1_24977013\" class=\"cmsms_tab\">\n<div class=\"cmsms_tab_inner\">\n<p>Involucra emprendedores\/empresas que trabajan en el desarrollo tecnolog\u00eda aplicada a comunicaciones inal\u00e1mbricas y m\u00f3viles.<\/p>\n<\/div>\n<\/div><div id=\"cmsms_tab_69f560d7401da0_14101237\" class=\"cmsms_tab\">\n<div class=\"cmsms_tab_inner\">\n<p>Mendoza cuenta con un importante potencial para la producci\u00f3n de contenidos audiovisuales, incluyendo largometrajes, documentales, series web y de TV, animaci\u00f3n, publicidad, video juegos y deportes electr\u00f3nicos.<\/p>\n<p>Las 150 productoras y estudios desarrolladores existentes, junto a las 7 universidades locales, los gobiernos nacional y local y la asistencia t\u00e9cnica y financiera del Banco Interamericano de Desarrollo (impulsor en el mundo de la \u00abEconom\u00eda Naranja\u00bb) han logrado conformar un potente cl\u00faster audiovisual que aument\u00f3 sustancialmente la producci\u00f3n local y la presencia en los mercados dom\u00e9stico e internacional.<\/p>\n<p>Producir o adquirir contenidos locales y\/o invertir en este sector es ahora una atractiva realidad abierta a interesados del pa\u00eds y del exterior.<\/p>\n<\/div>\n<\/div><div id=\"cmsms_tab_69f560d7402426_16962233\" class=\"cmsms_tab\">\n<div class=\"cmsms_tab_inner\">\n<p>Existen alrededor de mil marcas en Argentina, y m\u00e1s del 90 por ciento son de origen nacional.<\/p>\n<p>Argentina es l\u00edder en exportaci\u00f3n de franquicias en Latinoam\u00e9rica, y calculan que m\u00e1s de 150 marcas nacionales exportan sus conceptos a todo el mundo, con 1.750 puntos de venta en el exterior.<\/p>\n<p>Se estima que hay 34 mil locales; el sector de franquicias genera m\u00e1s de 200 mil puestos de trabajo, y su facturaci\u00f3n representa el 22 por ciento de las ventas minoristas, que equivale a dos puntos del PBI Nacional.<\/p>\n<p>A su vez,&nbsp; Mendoza ha duplicado la cantidad de marcas que se incorporaron al sistema en los \u00faltimos tres a\u00f1os, y ocupa el cuarto lugar en cantidad de franquicias. Esto no s\u00f3lo repercute en nuevos emprendimientos y apertura de locales, sino en la generaci\u00f3n de m\u00e1s de 5 mil nuevos puestos de trabajo. Como parte del fomento en el crecimiento del sector est\u00e1n como protagonistas los centros comerciales que se han desarrollado en los \u00faltimos a\u00f1os,&nbsp;el aumento del sector de turismo en la provincia y el posicionamiento logrado a nivel internacional de la mano de la industria del vino.<\/p>\n<p>Las marcas de Mendoza ya han logrado colocar sus modelos de negocios a trav\u00e9s de las franquicias en pa\u00edses como Chile, Per\u00fa, Colombia, Ecuador y Costa Rica.<\/p>\n<\/div>\n<\/div><div id=\"cmsms_tab_69f560d7402c48_90378454\" class=\"cmsms_tab\">\n<div class=\"cmsms_tab_inner\">\n<p>Aquellas personas que han convertido una idea en un proyecto concreto, ya sea una empresa con fines de lucro o una organizaci\u00f3n social, que esta generando alg\u00fan tipo de innovaci\u00f3n y empleos.<\/p>\n<\/div>\n<\/div><div id=\"cmsms_tab_69f560d74032a1_09325026\" class=\"cmsms_tab\">\n<div class=\"cmsms_tab_inner\">\n<p>Argentina se constituye como un destino de turismo m\u00e9dico de relevancia, al contar con prestigiosos profesionales, tecnolog\u00eda de punta, facilidades en la atenci\u00f3n, sumado a los atractivos tur\u00edsticos \u00fanicos.<\/p>\n<p>En Mendoza se conform\u00f3, hace unos a\u00f1os, el consorcio de exportaci\u00f3n \u00abMendoza Health Care\u00bb (<a href=\"http:\/\/www.mendozahealthcare.com.ar\/\">http:\/\/www.mendozahealthcare.com.ar\/<\/a>), resultado de la uni\u00f3n entre instituciones y profesionales con distintas especialidades&nbsp; m\u00e9dicas, con importante trayectoria y reconocimiento, al interior de Argentina e internacionalmente.<\/p>\n<p>Su misi\u00f3n ha sido incentivar y aumentar la visita de pacientes a Mendoza, provenientes del exterior, logrando alcanzar una atenci\u00f3n satisfactoria a clientes.<\/p>\n<p>ProMendoza, desde sus inicios, procura acompa\u00f1ar los esfuerzos de este grupo de exportaci\u00f3n, y de otras empresas que tengan el objetivo de internacionalizarse.<\/p>\n<\/div>\n<\/div><\/div>\n<\/div>\n<\/div>\n<\/div>\n<\/div>\n<\/div>\n<\/div>\n<\/div>\n\n","protected":false},"excerpt":{"rendered":"","protected":false},"author":1,"featured_media":0,"parent":0,"menu_order":0,"comment_status":"closed","ping_status":"closed","template":"","meta":[],"_links":{"self":[{"href":"https:\/\/www.promendoza.com\/es\/wp-json\/wp\/v2\/pages\/4066"}],"collection":[{"href":"https:\/\/www.promendoza.com\/es\/wp-json\/wp\/v2\/pages"}],"about":[{"href":"https:\/\/www.promendoza.com\/es\/wp-json\/wp\/v2\/types\/page"}],"author":[{"embeddable":true,"href":"https:\/\/www.promendoza.com\/es\/wp-json\/wp\/v2\/users\/1"}],"replies":[{"embeddable":true,"href":"https:\/\/www.promendoza.com\/es\/wp-json\/wp\/v2\/comments?post=4066"}],"version-history":[{"count":20,"href":"https:\/\/www.promendoza.com\/es\/wp-json\/wp\/v2\/pages\/4066\/revisions"}],"predecessor-version":[{"id":13440,"href":"https:\/\/www.promendoza.com\/es\/wp-json\/wp\/v2\/pages\/4066\/revisions\/13440"}],"wp:attachment":[{"href":"https:\/\/www.promendoza.com\/es\/wp-json\/wp\/v2\/media?parent=4066"}],"curies":[{"name":"wp","href":"https:\/\/api.w.org\/{rel}","templated":true}]}}