{"id":4393,"date":"2019-02-12T20:17:13","date_gmt":"2019-02-12T20:17:13","guid":{"rendered":"http:\/\/www.promendoza.com\/?page_id=4393"},"modified":"2024-10-15T09:22:03","modified_gmt":"2024-10-15T12:22:03","slug":"empresas-locales","status":"publish","type":"page","link":"https:\/\/www.promendoza.com\/es\/empresas-locales\/","title":{"rendered":"Empresas Locales"},"content":{"rendered":"<style type=\"text\/css\"> \n#cmsms_row_69f5fc0d450fc6_83604993 .cmsms_row_outer_parent { \n\tpadding-top: 0px; \n} \n\n#cmsms_row_69f5fc0d450fc6_83604993 .cmsms_row_outer_parent { \n\tpadding-bottom: 0px; \n} \n\n\r\n\t\t\t#cmsms_gallery_69f5fc0d451d30_65313330 .cmsms_gallery {\r\n\t\t\t\tmargin:0 0 0 -10px;\r\n\t\t\t}\r\n\t\t\t\r\n\t\t\t#cmsms_gallery_69f5fc0d451d30_65313330 .cmsms_gallery .cmsms_gallery_item {\r\n\t\t\t\tpadding:0 0 10px 10px;\r\n\t\t\t}\r\n\t\t \n#cmsms_row_69f5fc0d455155_98511613 .cmsms_row_outer_parent { \n\tpadding-top: 0px; \n} \n\n#cmsms_row_69f5fc0d455155_98511613 .cmsms_row_outer_parent { \n\tpadding-bottom: 0px; \n} \n\n \n#cmsms_heading_69f5fc0d457d85_62142317 { \n\ttext-align:left; \n\tmargin-top:35px; \n\tmargin-bottom:10px; \n} \n\n#cmsms_heading_69f5fc0d457d85_62142317 .cmsms_heading { \n\ttext-align:left; \n} \n\n#cmsms_heading_69f5fc0d457d85_62142317 .cmsms_heading, #cmsms_heading_69f5fc0d457d85_62142317 .cmsms_heading a { \n\tfont-weight:bold; \n\tfont-style:normal; \n} \n\n#cmsms_heading_69f5fc0d457d85_62142317 .cmsms_heading_divider { \n} \n\n \n#cmsms_row_69f5fc0d4580e5_49183068 { \n\tbackground-color:#f7f7f7;\n} \n\n#cmsms_row_69f5fc0d4580e5_49183068 .cmsms_row_outer_parent { \n\tpadding-top: 20px; \n} \n\n#cmsms_row_69f5fc0d4580e5_49183068 .cmsms_row_outer_parent { \n\tpadding-bottom: 0px; \n} \n\n \n#cmsms_heading_69f5fc0d458d41_77132319 { \n\ttext-align:left; \n\tmargin-top:0px; \n\tmargin-bottom:20px; \n} \n\n#cmsms_heading_69f5fc0d458d41_77132319 .cmsms_heading { \n\ttext-align:left; \n} \n\n#cmsms_heading_69f5fc0d458d41_77132319 .cmsms_heading, #cmsms_heading_69f5fc0d458d41_77132319 .cmsms_heading a { \n\tfont-weight:bold; \n\tfont-style:normal; \n} \n\n#cmsms_heading_69f5fc0d458d41_77132319 .cmsms_heading_divider { \n} \n\n \n#cmsms_icon_69f5fc0d459576_70807718 { \n\tdisplay:inline; \n\ttext-align:center; } \n\n#cmsms_icon_69f5fc0d459576_70807718 .cmsms_simple_icon { \n\tborder-width:0px; \n\twidth:30px; \n\theight:30px; \n\tfont-size:15px; \n\tline-height:30px; \n\ttext-align:center; \n\t-webkit-border-radius:50%; \n\tborder-radius:50%; \n\tcolor:#5173a6;} \n \n#cmsms_row_69f5fc0d45aec4_29430346 { \n\tbackground-color:#f7f7f7;\n} \n\n#cmsms_row_69f5fc0d45aec4_29430346 .cmsms_row_outer_parent { \n\tpadding-top: 20px; \n} \n\n#cmsms_row_69f5fc0d45aec4_29430346 .cmsms_row_outer_parent { \n\tpadding-bottom: 0px; \n} \n\n \n#cmsms_heading_69f5fc0d45b589_16098915 { \n\ttext-align:left; \n\tmargin-top:0px; \n\tmargin-bottom:20px; \n} \n\n#cmsms_heading_69f5fc0d45b589_16098915 .cmsms_heading { \n\ttext-align:left; \n} \n\n#cmsms_heading_69f5fc0d45b589_16098915 .cmsms_heading, #cmsms_heading_69f5fc0d45b589_16098915 .cmsms_heading a { \n\tfont-weight:bold; \n\tfont-style:normal; \n} \n\n#cmsms_heading_69f5fc0d45b589_16098915 .cmsms_heading_divider { \n} \n\n \n#cmsms_row_69f5fc0d45ce14_07351036 { \n\tbackground-color:#f7f7f7;\n} \n\n#cmsms_row_69f5fc0d45ce14_07351036 .cmsms_row_outer_parent { \n\tpadding-top: 10px; \n} \n\n#cmsms_row_69f5fc0d45ce14_07351036 .cmsms_row_outer_parent { \n\tpadding-bottom: 20px; \n} \n\n \n#cmsms_heading_69f5fc0d45d494_65125845 { \n\ttext-align:left; \n\tmargin-top:0px; \n\tmargin-bottom:20px; \n} \n\n#cmsms_heading_69f5fc0d45d494_65125845 .cmsms_heading { \n\ttext-align:left; \n} \n\n#cmsms_heading_69f5fc0d45d494_65125845 .cmsms_heading, #cmsms_heading_69f5fc0d45d494_65125845 .cmsms_heading a { \n\tfont-weight:bold; \n\tfont-style:normal; \n} \n\n#cmsms_heading_69f5fc0d45d494_65125845 .cmsms_heading_divider { \n} \n\n \n#cmsms_row_69f5fc0d45ea92_86558802 { \n\tbackground-color:#f7f7f7;\n} \n\n#cmsms_row_69f5fc0d45ea92_86558802 .cmsms_row_outer_parent { \n\tpadding-top: 0px; \n} \n\n#cmsms_row_69f5fc0d45ea92_86558802 .cmsms_row_outer_parent { \n\tpadding-bottom: 20px; \n} \n\n \n#cmsms_heading_69f5fc0d45f577_99797114 { \n\ttext-align:left; \n\tmargin-top:0px; \n\tmargin-bottom:20px; \n} \n\n#cmsms_heading_69f5fc0d45f577_99797114 .cmsms_heading { \n\ttext-align:left; \n} \n\n#cmsms_heading_69f5fc0d45f577_99797114 .cmsms_heading, #cmsms_heading_69f5fc0d45f577_99797114 .cmsms_heading a { \n\tfont-weight:bold; \n\tfont-style:normal; \n} \n\n#cmsms_heading_69f5fc0d45f577_99797114 .cmsms_heading_divider { \n} \n\n \n#cmsms_row_69f5fc0d45f6d5_40128998 { \n\tbackground-color:#f7f7f7;\n} \n\n#cmsms_row_69f5fc0d45f6d5_40128998 .cmsms_row_outer_parent { \n\tpadding-top: 0px; \n} \n\n#cmsms_row_69f5fc0d45f6d5_40128998 .cmsms_row_outer_parent { \n\tpadding-bottom: 40px; \n} \n\n \n#cmsms_heading_69f5fc0d461537_74736621 { \n\ttext-align:center; \n\tmargin-top:0px; \n\tmargin-bottom:20px; \n} \n\n#cmsms_heading_69f5fc0d461537_74736621 .cmsms_heading { \n\ttext-align:center; \n} \n\n#cmsms_heading_69f5fc0d461537_74736621 .cmsms_heading, #cmsms_heading_69f5fc0d461537_74736621 .cmsms_heading a { \n\tfont-weight:bold; \n\tfont-style:normal; \n} \n\n#cmsms_heading_69f5fc0d461537_74736621 .cmsms_heading_divider { \n} \n\n \n#cmsms_heading_69f5fc0d462d06_40516951 { \n\ttext-align:center; \n\tmargin-top:0px; \n\tmargin-bottom:20px; \n} \n\n#cmsms_heading_69f5fc0d462d06_40516951 .cmsms_heading { \n\ttext-align:center; \n} \n\n#cmsms_heading_69f5fc0d462d06_40516951 .cmsms_heading, #cmsms_heading_69f5fc0d462d06_40516951 .cmsms_heading a { \n\tfont-weight:bold; \n\tfont-style:normal; \n} \n\n#cmsms_heading_69f5fc0d462d06_40516951 .cmsms_heading_divider { \n} \n\n \n#cmsms_heading_69f5fc0d464370_19079181 { \n\ttext-align:center; \n\tmargin-top:0px; \n\tmargin-bottom:20px; \n} \n\n#cmsms_heading_69f5fc0d464370_19079181 .cmsms_heading { \n\ttext-align:center; \n} \n\n#cmsms_heading_69f5fc0d464370_19079181 .cmsms_heading, #cmsms_heading_69f5fc0d464370_19079181 .cmsms_heading a { \n\tfont-weight:bold; \n\tfont-style:normal; \n} \n\n#cmsms_heading_69f5fc0d464370_19079181 .cmsms_heading_divider { \n} \n\n \n#cmsms_heading_69f5fc0d465df4_43297841 { \n\ttext-align:center; \n\tmargin-top:0px; \n\tmargin-bottom:20px; \n} \n\n#cmsms_heading_69f5fc0d465df4_43297841 .cmsms_heading { \n\ttext-align:center; \n} \n\n#cmsms_heading_69f5fc0d465df4_43297841 .cmsms_heading, #cmsms_heading_69f5fc0d465df4_43297841 .cmsms_heading a { \n\tfont-weight:bold; \n\tfont-style:normal; \n} \n\n#cmsms_heading_69f5fc0d465df4_43297841 .cmsms_heading_divider { \n} \n\n<\/style><div id=\"cmsms_row_69f5fc0d450fc6_83604993\" class=\"cmsms_row cmsms_color_scheme_default\">\n<div class=\"cmsms_row_outer_parent\">\n<div class=\"cmsms_row_outer\">\n<div class=\"cmsms_row_inner\">\n<div class=\"cmsms_row_margin\">\n<div class=\"cmsms_column one_first\">\n<div id=\"cmsms_gallery_69f5fc0d451d30_65313330\" class=\"cmsms_gallery_wrap\"><ul class=\"cmsms_gallery cmsms_1 cmsms_more_items_loader\"><li class=\"cmsms_gallery_item\"><figure><img width=\"808\" height=\"279\" src=\"https:\/\/www.promendoza.com\/wp-content\/uploads\/2019\/02\/cabecera-empresas-locales.jpg\" class=\"attachment-full size-full\" alt=\"\" loading=\"lazy\" srcset=\"https:\/\/www.promendoza.com\/wp-content\/uploads\/2019\/02\/cabecera-empresas-locales.jpg 808w, https:\/\/www.promendoza.com\/wp-content\/uploads\/2019\/02\/cabecera-empresas-locales-300x104.jpg 300w, https:\/\/www.promendoza.com\/wp-content\/uploads\/2019\/02\/cabecera-empresas-locales-768x265.jpg 768w, https:\/\/www.promendoza.com\/wp-content\/uploads\/2019\/02\/cabecera-empresas-locales-580x200.jpg 580w\" sizes=\"(max-width: 808px) 100vw, 808px\" \/><\/figure><\/li><\/ul><script type=\"text\/javascript\">\r\n\t\t\tjQuery(document).ready(function () {\r\n\t\t\t\t(function ($) {\r\n\t\t\t\t\tif ($('#cmsms_gallery_69f5fc0d451d30_65313330').find('.cmsms_gallery_item').length == '0') {\r\n\t\t\t\t\t\treturn false;\r\n\t\t\t\t\t}\r\n\t\t\t\t\t\r\n\t\t\t\t\t\r\n\t\t\t\t\tstartGallery( \r\n\t\t\t\t\t\t'69f5fc0d451d30_65313330', \r\n\t\t\t\t\t\t'grid', \r\n\t\t\t\t\t\t'false', \r\n\t\t\t\t\t\t'false' \r\n\t\t\t\t\t);\r\n\t\t\t\t} )(jQuery);\r\n\t\t\t} );\r\n\t\t<\/script>\r\n\t\t<\/div>\n<\/div>\n<\/div>\n<\/div>\n<\/div>\n<\/div>\n<\/div>\n<div id=\"cmsms_row_69f5fc0d455155_98511613\" class=\"cmsms_row cmsms_color_scheme_default\">\n<div class=\"cmsms_row_outer_parent\">\n<div class=\"cmsms_row_outer\">\n<div class=\"cmsms_row_inner\">\n<div class=\"cmsms_row_margin\">\n<div class=\"cmsms_column one_fourth\">\n<div class=\"custom_html\">\n<div style=\"height: 32px;\"><\/div>\n<\/div>\n<div class=\"cmsms_img  cmsms_image_n\">\n<a href=\"http:\/\/www.promendoza.com\/wp-content\/uploads\/2019\/02\/card-servicios-exportador.png\"><img src=\"https:\/\/www.promendoza.com\/wp-content\/uploads\/2019\/02\/card-servicios-exportador.png\" \/><\/a>\n<\/div>\n<\/div>\n<div class=\"cmsms_column three_fourth\">\n\n<div id=\"cmsms_heading_69f5fc0d457d85_62142317\" class=\"cmsms_heading_wrap cmsms_heading_align_left\">\n\t<h4 class=\"cmsms_heading\">SERVICIOS AL EXPORTADOR<\/h4>\n<\/div><div class=\"cmsms_text\">\n<p style=\"text-align: justify;\">Fomentamos el crecimiento de las Pymes locales a trav\u00e9s de programas de desarrollo y capacitaci\u00f3n espec\u00edficos para responder a las diversas necesidades de los emprendimientos mendocinos.<\/p>\n<p style=\"text-align: justify;\">Generamos informaci\u00f3n estrat\u00e9gica, acciones de promoci\u00f3n y herramientas para facilitar la exportaci\u00f3n de las peque\u00f1as empresas: misiones comerciales y agendas de negocios, ferias internacionales, rondas inversas con importadores, entre otras.<\/p>\n<\/div>\n<\/div>\n<\/div>\n<\/div>\n<\/div>\n<\/div>\n<\/div>\n<div id=\"cmsms_row_69f5fc0d4580e5_49183068\" class=\"cmsms_row cmsms_color_scheme_default\">\n<div class=\"cmsms_row_outer_parent\">\n<div class=\"cmsms_row_outer\">\n<div class=\"cmsms_row_inner\">\n<div class=\"cmsms_row_margin\">\n<div class=\"cmsms_column one_half\">\n\n<div id=\"cmsms_heading_69f5fc0d458d41_77132319\" class=\"cmsms_heading_wrap cmsms_heading_align_left\">\n\t<h5 class=\"cmsms_heading\">HUBS LOG\u00cdSTICOS Y PLATAFORMAS COMERCIALES<\/h5>\n<\/div><div class=\"cmsms_text\">\n<p>Los Hubs Log\u00edsticos son almacenes en el exterior con los que ProMendoza tiene acuerdos comerciales cuyo fin es mejorar los precios log\u00edsticos y otorgar facilidades en el acceso a mercados definidos como claves de empresas de Mendoza. Dichos dep\u00f3sitos pueden ser dep\u00f3sitos fiscales, dep\u00f3sitos en zonas francas o similares, dependiendo de las ventajas que tengan en los mercados de destino.<\/p>\n<p>Los hubs podr\u00e1n brindar alguno o todos de los siguientes servicios, dependiendo del convenio logrado por ProMendoza y\/o de las particularidades de la legislaci\u00f3n local: <em>a) almacenamiento de mercader\u00eda, b) Almacenamiento de mercader\u00eda + nacionalizaci\u00f3n y c) Almacenamiento de mercader\u00eda + nacionalizaci\u00f3n + comercializaci\u00f3n.<\/em><br \/>\n<a href=\"https:\/\/ticketsform.mendoza.gov.ar\/ticketsform\/com.tickets.responderformulario?PROMENDOZA_HUBS_LOGISTICOS\">\n<div id=\"cmsms_icon_69f5fc0d459576_70807718\" class=\"cmsms_icon_wrap\"><span class=\"cmsms_simple_icon cmsms-icon-link-ext\"><\/span><\/div>\n Inscripciones<\/a><\/p>\n<\/div>\n<\/div>\n<div class=\"cmsms_column one_half\">\n<div class=\"custom_html\">\n<div style=\"height: 4px;\"><\/div>\n<p><!-- 32px --><\/p>\n<\/div>\n<div class=\"cmsms_img  cmsms_image_n\">\n<a href=\"https:\/\/www.promendoza.com\/wp-content\/uploads\/2022\/04\/hub.jpg\"><img src=\"https:\/\/www.promendoza.com\/wp-content\/uploads\/2022\/04\/hub.jpg\" \/><\/a>\n<\/div>\n<\/div>\n<\/div>\n<\/div>\n<\/div>\n<\/div>\n<\/div>\n<div id=\"cmsms_row_69f5fc0d45aec4_29430346\" class=\"cmsms_row cmsms_color_scheme_default\">\n<div class=\"cmsms_row_outer_parent\">\n<div class=\"cmsms_row_outer\">\n<div class=\"cmsms_row_inner\">\n<div class=\"cmsms_row_margin\">\n<div class=\"cmsms_column one_half\">\n\n<div id=\"cmsms_heading_69f5fc0d45b589_16098915\" class=\"cmsms_heading_wrap cmsms_heading_align_left\">\n\t<h5 class=\"cmsms_heading\">PROGRAMA DE INTERNACIONALIZACI\u00d3N<\/h5>\n<\/div><div class=\"cmsms_text\">\n<p style=\"text-align: justify;\">Acompa\u00f1amos al empresario mendocino en su proceso de internacionalizaci\u00f3n a trav\u00e9s de tres programas especialmente dise\u00f1ados para ayudarlo a exportar:<\/p>\n<ul>\n<li><a href=\"\/agilnex\">\u00c1gil NEX<\/a><\/li>\n<\/ul>\n<\/div>\n<\/div>\n<div class=\"cmsms_column one_half\">\n<div class=\"custom_html\">\n<div style=\"height: 4px;\"><\/div>\n<p><!-- 32px --><\/p>\n<\/div>\n<div class=\"cmsms_img  cmsms_image_n\">\n<img src=\"https:\/\/www.promendoza.com\/wp-content\/uploads\/2019\/02\/Programa-de-Internacionalizaci\u00f3n.jpg\" \/>\n<\/div>\n<\/div>\n<\/div>\n<\/div>\n<\/div>\n<\/div>\n<\/div>\n<div id=\"cmsms_row_69f5fc0d45ce14_07351036\" class=\"cmsms_row cmsms_color_scheme_default\">\n<div class=\"cmsms_row_outer_parent\">\n<div class=\"cmsms_row_outer\">\n<div class=\"cmsms_row_inner\">\n<div class=\"cmsms_row_margin\">\n<div class=\"cmsms_column one_half\">\n\n<div id=\"cmsms_heading_69f5fc0d45d494_65125845\" class=\"cmsms_heading_wrap cmsms_heading_align_left\">\n\t<h5 class=\"cmsms_heading\">FINANCIAMIENTO<\/h5>\n<\/div><div class=\"cmsms_text\">\n<p style=\"text-align: justify;\">Facilitamos informaci\u00f3n sobre ventanillas de financiamiento del \u00e1mbito nacional como internacional, tanto de tipo abierto como permanente. Dichas l\u00edneas financian proyectos en uno o m\u00e1s de los siguientes \u00edtems: reconversi\u00f3n productiva; acceso a mercados e I+D+i.<\/p>\n<p><a href=\"\/financiamiento\">M\u00e1s informaci\u00f3n<\/a><\/p>\n<\/div>\n<\/div>\n<div class=\"cmsms_column one_half\">\n<div class=\"custom_html\">\n<div style=\"height: 4px;\"><\/div>\n<p><!-- 32px --><\/p>\n<\/div>\n<div class=\"cmsms_img  cmsms_image_n\">\n<img src=\"https:\/\/www.promendoza.com\/wp-content\/uploads\/2019\/02\/Informaci\u00f3n-estrat\u00e9gica.jpg\" \/>\n<\/div>\n<\/div>\n<\/div>\n<\/div>\n<\/div>\n<\/div>\n<\/div>\n<div id=\"cmsms_row_69f5fc0d45ea92_86558802\" class=\"cmsms_row cmsms_color_scheme_default\">\n<div class=\"cmsms_row_outer_parent\">\n<div class=\"cmsms_row_outer\">\n<div class=\"cmsms_row_inner\">\n<div class=\"cmsms_row_margin\">\n<div class=\"cmsms_column one_first\">\n\n<div id=\"cmsms_heading_69f5fc0d45f577_99797114\" class=\"cmsms_heading_wrap cmsms_heading_align_left\">\n\t<h5 class=\"cmsms_heading\">M\u00e1s servicios<\/h5>\n<\/div>\n<\/div>\n<\/div>\n<\/div>\n<\/div>\n<\/div>\n<\/div>\n<div id=\"cmsms_row_69f5fc0d45f6d5_40128998\" class=\"cmsms_row cmsms_color_scheme_default\">\n<div class=\"cmsms_row_outer_parent\">\n<div class=\"cmsms_row_outer\">\n<div class=\"cmsms_row_inner\">\n<div class=\"cmsms_row_margin\">\n<div class=\"cmsms_column one_fourth\">\n<div class=\"aligncenter\">\n<div class=\"cmsms_img  cmsms_image_c\">\n<img src=\"https:\/\/www.promendoza.com\/wp-content\/uploads\/2019\/02\/Rondas-de-Negocios.jpg\" \/>\n<\/div>\n<\/div>\n\n<div id=\"cmsms_heading_69f5fc0d461537_74736621\" class=\"cmsms_heading_wrap cmsms_heading_align_center\">\n\t<h6 class=\"cmsms_heading\">RONDAS DE NEGOCIOS<\/h6>\n<\/div><div class=\"cmsms_text\">\n<p style=\"text-align: center;\">Organizamos rondas de negocios inversas, con el fin de ofrecerle a las pymes locales concretar ventas en mercados externos sin salir de la provincia. Todos los a\u00f1os se realizan rondas de vinos, metalmec\u00e1nica, alimentos frescos y procesados en todos los oasis de Mendoza.<\/p>\n<\/div>\n<\/div>\n<div class=\"cmsms_column one_fourth\">\n<div class=\"cmsms_img  cmsms_image_n\">\n<img src=\"https:\/\/www.promendoza.com\/wp-content\/uploads\/2019\/02\/Misiones-Comerciales.jpg\" \/>\n<\/div>\n\n<div id=\"cmsms_heading_69f5fc0d462d06_40516951\" class=\"cmsms_heading_wrap cmsms_heading_align_center\">\n\t<h6 class=\"cmsms_heading\">MISIONES COMERCIALES<\/h6>\n<\/div><div class=\"cmsms_text\">\n<p style=\"text-align: center;\">Como parte de las actividades de promoci\u00f3n comercial, todos los a\u00f1os realizamos misiones comerciales para cada sector, a los mercados m\u00e1s interesantes para nuestros productos y servicios. Los mismos incluyen EE.UU., pa\u00edses de Europa, Rusia, China, Brasil, Bolivia, pa\u00edses del Caribe, entre otros.<\/p>\n<\/div>\n<\/div>\n<div class=\"cmsms_column one_fourth\">\n<div class=\"cmsms_img  cmsms_image_n\">\n<img src=\"https:\/\/www.promendoza.com\/wp-content\/uploads\/2019\/02\/Capacitaciones.jpg\" \/>\n<\/div>\n\n<div id=\"cmsms_heading_69f5fc0d464370_19079181\" class=\"cmsms_heading_wrap cmsms_heading_align_center\">\n\t<h6 class=\"cmsms_heading\">CAPACITACIONES<\/h6>\n<\/div><div class=\"cmsms_text\">\n<p style=\"text-align: center;\">Ofrecemos cursos, seminarios y conferencias con el fin de difundir informaci\u00f3n sobre la realidad local y extranjera en materia de exportaci\u00f3n. Brindamos capacitaci\u00f3n efectiva en conocimientos claves para lograr una exportaci\u00f3n exitosa.<\/p>\n<\/div>\n<\/div>\n<div class=\"cmsms_column one_fourth\">\n<div class=\"cmsms_img  cmsms_image_n\">\n<img src=\"https:\/\/www.promendoza.com\/wp-content\/uploads\/2019\/02\/Informaci\u00f3n-Log\u00edstica.jpg\" \/>\n<\/div>\n\n<div id=\"cmsms_heading_69f5fc0d465df4_43297841\" class=\"cmsms_heading_wrap cmsms_heading_align_center\">\n\t<h6 class=\"cmsms_heading\">INFORMACI\u00d3N LOG\u00cdSTICA<\/h6>\n<\/div><div class=\"cmsms_text\">\n<p style=\"text-align: center;\">La log\u00edstica y el asesoramiento en el env\u00edo de maquinarias a ferias internacionales o con destinos concretos, es otro servicio que ofrecemos para ayudar al empresario mendocino con todo el proceso de la exportaci\u00f3n de sus productos.<\/p>\n<\/div>\n<\/div>\n<\/div>\n<\/div>\n<\/div>\n<\/div>\n<\/div>\n\n","protected":false},"excerpt":{"rendered":"","protected":false},"author":1,"featured_media":0,"parent":0,"menu_order":0,"comment_status":"closed","ping_status":"closed","template":"","meta":[],"_links":{"self":[{"href":"https:\/\/www.promendoza.com\/es\/wp-json\/wp\/v2\/pages\/4393"}],"collection":[{"href":"https:\/\/www.promendoza.com\/es\/wp-json\/wp\/v2\/pages"}],"about":[{"href":"https:\/\/www.promendoza.com\/es\/wp-json\/wp\/v2\/types\/page"}],"author":[{"embeddable":true,"href":"https:\/\/www.promendoza.com\/es\/wp-json\/wp\/v2\/users\/1"}],"replies":[{"embeddable":true,"href":"https:\/\/www.promendoza.com\/es\/wp-json\/wp\/v2\/comments?post=4393"}],"version-history":[{"count":77,"href":"https:\/\/www.promendoza.com\/es\/wp-json\/wp\/v2\/pages\/4393\/revisions"}],"predecessor-version":[{"id":14689,"href":"https:\/\/www.promendoza.com\/es\/wp-json\/wp\/v2\/pages\/4393\/revisions\/14689"}],"wp:attachment":[{"href":"https:\/\/www.promendoza.com\/es\/wp-json\/wp\/v2\/media?parent=4393"}],"curies":[{"name":"wp","href":"https:\/\/api.w.org\/{rel}","templated":true}]}}