{"id":4477,"date":"2019-02-13T15:33:28","date_gmt":"2019-02-13T15:33:28","guid":{"rendered":"http:\/\/www.promendoza.com\/?page_id=4477"},"modified":"2024-04-29T13:53:46","modified_gmt":"2024-04-29T16:53:46","slug":"programa-pymexporta","status":"publish","type":"page","link":"https:\/\/www.promendoza.com\/es\/programa-pymexporta\/","title":{"rendered":"Programa PYMEXPORTA"},"content":{"rendered":"<style type=\"text\/css\"> \n#cmsms_row_69ff641f414c83_80797257 .cmsms_row_outer_parent { \n\tpadding-top: 0px; \n} \n\n#cmsms_row_69ff641f414c83_80797257 .cmsms_row_outer_parent { \n\tpadding-bottom: 0px; \n} \n\n\r\n\t\t\t#cmsms_gallery_69ff641f415f70_02618524 .cmsms_gallery {\r\n\t\t\t\tmargin:0 0 0 -10px;\r\n\t\t\t}\r\n\t\t\t\r\n\t\t\t#cmsms_gallery_69ff641f415f70_02618524 .cmsms_gallery .cmsms_gallery_item {\r\n\t\t\t\tpadding:0 0 10px 10px;\r\n\t\t\t}\r\n\t\t \n#cmsms_row_69ff641f419e41_10581655 .cmsms_row_outer_parent { \n\tpadding-top: 0px; \n} \n\n#cmsms_row_69ff641f419e41_10581655 .cmsms_row_outer_parent { \n\tpadding-bottom: 0px; \n} \n\n \n#cmsms_heading_69ff641f41d338_71735294 { \n\ttext-align:left; \n\tmargin-top:35px; \n\tmargin-bottom:10px; \n} \n\n#cmsms_heading_69ff641f41d338_71735294 .cmsms_heading { \n\ttext-align:left; \n} \n\n#cmsms_heading_69ff641f41d338_71735294 .cmsms_heading, #cmsms_heading_69ff641f41d338_71735294 .cmsms_heading a { \n\tfont-weight:bold; \n\tfont-style:normal; \n} \n\n#cmsms_heading_69ff641f41d338_71735294 .cmsms_heading_divider { \n} \n\n \n#cmsms_row_69ff641f41d839_09784922 { \n\tbackground-color:#f7f7f7;\n} \n\n#cmsms_row_69ff641f41d839_09784922 .cmsms_row_outer_parent { \n\tpadding-top: 20px; \n} \n\n#cmsms_row_69ff641f41d839_09784922 .cmsms_row_outer_parent { \n\tpadding-bottom: 20px; \n} \n\n \n#cmsms_heading_69ff641f41e499_38685725 { \n\ttext-align:left; \n\tmargin-top:0px; \n\tmargin-bottom:20px; \n} \n\n#cmsms_heading_69ff641f41e499_38685725 .cmsms_heading { \n\ttext-align:left; \n} \n\n#cmsms_heading_69ff641f41e499_38685725 .cmsms_heading, #cmsms_heading_69ff641f41e499_38685725 .cmsms_heading a { \n\tfont-weight:bold; \n\tfont-style:normal; \n} \n\n#cmsms_heading_69ff641f41e499_38685725 .cmsms_heading_divider { \n} \n\n \n#cmsms_heading_69ff641f41edd2_20312587 { \n\ttext-align:left; \n\tmargin-top:0px; \n\tmargin-bottom:20px; \n} \n\n#cmsms_heading_69ff641f41edd2_20312587 .cmsms_heading { \n\ttext-align:left; \n} \n\n#cmsms_heading_69ff641f41edd2_20312587 .cmsms_heading, #cmsms_heading_69ff641f41edd2_20312587 .cmsms_heading a { \n\tfont-weight:bold; \n\tfont-style:normal; \n} \n\n#cmsms_heading_69ff641f41edd2_20312587 .cmsms_heading_divider { \n} \n\n \n#cmsms_heading_69ff641f41f681_05529158 { \n\ttext-align:left; \n\tmargin-top:0px; \n\tmargin-bottom:20px; \n} \n\n#cmsms_heading_69ff641f41f681_05529158 .cmsms_heading { \n\ttext-align:left; \n} \n\n#cmsms_heading_69ff641f41f681_05529158 .cmsms_heading, #cmsms_heading_69ff641f41f681_05529158 .cmsms_heading a { \n\tfont-weight:bold; \n\tfont-style:normal; \n} \n\n#cmsms_heading_69ff641f41f681_05529158 .cmsms_heading_divider { \n} \n\n \n#cmsms_row_69ff641f41fb27_17775675 { \n\tbackground-color:#f7f7f7;\n} \n\n#cmsms_row_69ff641f41fb27_17775675 .cmsms_row_outer_parent { \n\tpadding-top: 0px; \n} \n\n#cmsms_row_69ff641f41fb27_17775675 .cmsms_row_outer_parent { \n\tpadding-bottom: 40px; \n} \n\n \n#cmsms_heading_69ff641f4201c9_67000529 { \n\ttext-align:left; \n\tmargin-top:0px; \n\tmargin-bottom:20px; \n} \n\n#cmsms_heading_69ff641f4201c9_67000529 .cmsms_heading { \n\ttext-align:left; \n} \n\n#cmsms_heading_69ff641f4201c9_67000529 .cmsms_heading, #cmsms_heading_69ff641f4201c9_67000529 .cmsms_heading a { \n\tfont-weight:bold; \n\tfont-style:normal; \n} \n\n#cmsms_heading_69ff641f4201c9_67000529 .cmsms_heading_divider { \n} \n\n<\/style><div id=\"cmsms_row_69ff641f414c83_80797257\" class=\"cmsms_row cmsms_color_scheme_default\">\n<div class=\"cmsms_row_outer_parent\">\n<div class=\"cmsms_row_outer\">\n<div class=\"cmsms_row_inner\">\n<div class=\"cmsms_row_margin\">\n<div class=\"cmsms_column one_first\">\n<div id=\"cmsms_gallery_69ff641f415f70_02618524\" class=\"cmsms_gallery_wrap\"><ul class=\"cmsms_gallery cmsms_1 cmsms_more_items_loader\"><li class=\"cmsms_gallery_item\"><figure><img width=\"808\" height=\"279\" src=\"https:\/\/www.promendoza.com\/wp-content\/uploads\/2019\/02\/Imagen-de-cabecera-1.jpg\" class=\"attachment-full size-full\" alt=\"\" loading=\"lazy\" srcset=\"https:\/\/www.promendoza.com\/wp-content\/uploads\/2019\/02\/Imagen-de-cabecera-1.jpg 808w, https:\/\/www.promendoza.com\/wp-content\/uploads\/2019\/02\/Imagen-de-cabecera-1-300x104.jpg 300w, https:\/\/www.promendoza.com\/wp-content\/uploads\/2019\/02\/Imagen-de-cabecera-1-768x265.jpg 768w, https:\/\/www.promendoza.com\/wp-content\/uploads\/2019\/02\/Imagen-de-cabecera-1-580x200.jpg 580w\" sizes=\"(max-width: 808px) 100vw, 808px\" \/><\/figure><\/li><\/ul><script type=\"text\/javascript\">\r\n\t\t\tjQuery(document).ready(function () {\r\n\t\t\t\t(function ($) {\r\n\t\t\t\t\tif ($('#cmsms_gallery_69ff641f415f70_02618524').find('.cmsms_gallery_item').length == '0') {\r\n\t\t\t\t\t\treturn false;\r\n\t\t\t\t\t}\r\n\t\t\t\t\t\r\n\t\t\t\t\t\r\n\t\t\t\t\tstartGallery( \r\n\t\t\t\t\t\t'69ff641f415f70_02618524', \r\n\t\t\t\t\t\t'grid', \r\n\t\t\t\t\t\t'false', \r\n\t\t\t\t\t\t'false' \r\n\t\t\t\t\t);\r\n\t\t\t\t} )(jQuery);\r\n\t\t\t} );\r\n\t\t<\/script>\r\n\t\t<\/div>\n<\/div>\n<\/div>\n<\/div>\n<\/div>\n<\/div>\n<\/div>\n<div id=\"cmsms_row_69ff641f419e41_10581655\" class=\"cmsms_row cmsms_color_scheme_default\">\n<div class=\"cmsms_row_outer_parent\">\n<div class=\"cmsms_row_outer\">\n<div class=\"cmsms_row_inner\">\n<div class=\"cmsms_row_margin\">\n<div class=\"cmsms_column one_fourth\">\n<div class=\"custom_html\">\n<div style=\"height: 32px;\"><\/div>\n<\/div>\n<div class=\"cmsms_img  cmsms_image_n\">\n<img src=\"https:\/\/www.promendoza.com\/wp-content\/uploads\/2019\/02\/Tarjeta.png\" \/>\n<\/div>\n<\/div>\n<div class=\"cmsms_column three_fourth\">\n\n<div id=\"cmsms_heading_69ff641f41d338_71735294\" class=\"cmsms_heading_wrap cmsms_heading_align_left\">\n\t<h4 class=\"cmsms_heading\">PROGRAMA PYMEXPORTA<\/h4>\n<\/div><div class=\"cmsms_text\">\n<p style=\"text-align: justify;\">Es un instrumento de apoyo destinado a las peque\u00f1as y medianas empresas con el fin de facilitarles la posibilidad de promocionar sus productos en el exterior, identificar nuevos clientes y concretar exportaciones.<\/p>\n<p>Para mayor informaci\u00f3n escribinos a <a href=\"mailto:lromero@promendoza.com\">lromero@promendoza.com<\/a><\/p>\n<\/div>\n<\/div>\n<\/div>\n<\/div>\n<\/div>\n<\/div>\n<\/div>\n<div id=\"cmsms_row_69ff641f41d839_09784922\" class=\"cmsms_row cmsms_color_scheme_default\">\n<div class=\"cmsms_row_outer_parent\">\n<div class=\"cmsms_row_outer\">\n<div class=\"cmsms_row_inner\">\n<div class=\"cmsms_row_margin\">\n<div class=\"cmsms_column one_third\">\n\n<div id=\"cmsms_heading_69ff641f41e499_38685725\" class=\"cmsms_heading_wrap cmsms_heading_align_left\">\n\t<h5 class=\"cmsms_heading\">OBJETIVOS<\/h5>\n<\/div><div class=\"cmsms_text\">\n<p style=\"text-align: left;\">Reembolsar mediante el sistema de reintegros, hasta el 50% de los gastos de promoci\u00f3n en el exterior a fin de que las empresas exportadoras \u2013 tanto potenciales como actuales \u2013 tengan mejores posibilidades de desarrollar nuevos merados y nuevos productos.<\/p>\n<\/div>\n<\/div>\n<div class=\"cmsms_column one_third\">\n\n<div id=\"cmsms_heading_69ff641f41edd2_20312587\" class=\"cmsms_heading_wrap cmsms_heading_align_left\">\n\t<h5 class=\"cmsms_heading\">BENEFICIARIOS<\/h5>\n<\/div><div class=\"cmsms_text\">\n<ul>\n<li class=\"vineta\">Empresas radicadas en la Provincia de Mendoza<\/li>\n<li class=\"vineta\">Empresas que no hayan realizado ventas al exterior<\/li>\n<li class=\"vineta\">Empresas comercializadoras, trading, brokers o consultoras<\/li>\n<li class=\"vineta\">Empresas que presenten contrato de arrendamiento con fines productivos.<\/li>\n<li class=\"vineta\">Monotributistas s\u00f3lo en caso de que provean servicios profesionales exportables y cuyos ingresos brutos anuales igualen o superen las correspondientes categor\u00edas H ($288.000 al 01\/06\/2016) en los \u00faltimos 2 a\u00f1os.<\/li>\n<li class=\"vineta\">Empresas exportadoras que tengan una facturaci\u00f3n anual no superior a los USD 5 millones de d\u00f3lares o su equivalente en moneda nacional, y cuyas exportaciones sean menores o iguales a USD 2 millones de d\u00f3lares anuales o su equivalente en moneda nacional.<\/li>\n<\/ul>\n<\/div>\n<\/div>\n<div class=\"cmsms_column one_third\">\n\n<div id=\"cmsms_heading_69ff641f41f681_05529158\" class=\"cmsms_heading_wrap cmsms_heading_align_left\">\n\t<h5 class=\"cmsms_heading\">ACTIVIDADES ELEGIBLES<\/h5>\n<\/div><div class=\"cmsms_text\">\n<p><strong>Servicios profesionales en relaci\u00f3n a:<\/strong><\/p>\n<ul>\n<li class=\"vineta\" style=\"text-align: justify;\">Dise\u00f1o e Impresi\u00f3n (logo, imagen, isologo, folleter\u00eda, banners, brochure, e-card, cat\u00e1logos, etiquetas, video, etc.)<\/li>\n<li class=\"vineta\">Dise\u00f1o de Sitio Web (incluyendo dise\u00f1o, programaci\u00f3n y producci\u00f3n fotogr\u00e1fica)<\/li>\n<li class=\"vineta\">Contrataci\u00f3n de servicios de alojamiento en el exterior<\/li>\n<li class=\"vineta\">Viajes de ejecutivos<\/li>\n<li class=\"vineta\">Contrataci\u00f3n de Stand en Ferias<\/li>\n<li class=\"vineta\">Registro de Marcas en el exterior<\/li>\n<li class=\"vineta\">Contrataci\u00f3n de servicios de consultor\u00eda<\/li>\n<li class=\"vineta\">Env\u00edos de muestras<\/li>\n<li class=\"vineta\">Certificaciones que puedan potenciar exportaciones<\/li>\n<\/ul>\n<\/div>\n<\/div>\n<\/div>\n<\/div>\n<\/div>\n<\/div>\n<\/div>\n<div id=\"cmsms_row_69ff641f41fb27_17775675\" class=\"cmsms_row cmsms_color_scheme_default\">\n<div class=\"cmsms_row_outer_parent\">\n<div class=\"cmsms_row_outer\">\n<div class=\"cmsms_row_inner\">\n<div class=\"cmsms_row_margin\">\n<div class=\"cmsms_column one_first\">\n\n<div id=\"cmsms_heading_69ff641f4201c9_67000529\" class=\"cmsms_heading_wrap cmsms_heading_align_left\">\n\t<h5 class=\"cmsms_heading\">NO PODR\u00c1N PARTICIPAR<\/h5>\n<\/div><div class=\"cmsms_text\">\n<ul>\n<li class=\"vineta\">Empresas con dos rechazos anteriores en la presentaci\u00f3n del proyecto exportador<\/li>\n<li class=\"vineta\" style=\"text-align: justify;\">Proyectos exportadores cuyas actividades presentadas para reembolsar superen el 10% del monto de facturaci\u00f3n del a\u00f1o anterior salvo justificaci\u00f3n expresa en el proyecto presentado que acredite una inyecci\u00f3n de capitales y aumento considerable de la actividad comercial<\/li>\n<li class=\"vineta\">Proyectos presentados con documentaci\u00f3n faltante o con fallas graves en la presentaci\u00f3n formal<\/li>\n<li class=\"vineta\">Carpetas presentadas fuera de fecha de cierre de la convocatoria<\/li>\n<li class=\"vineta\">Proyectos que contengan acciones aisladas o no enmarcadas en un proyecto exportador<\/li>\n<li class=\"vineta\">Proyectos que contengan actividades destinadas a Inversiones de capital<\/li>\n<li class=\"vineta\">Proyectos que contengan actividades destinadas a Capital de trabajo<\/li>\n<li class=\"vineta\" style=\"text-align: justify;\">Proyectos de Empresas que formen parte de un grupo econ\u00f3mico cuyos montos de facturaci\u00f3n superen los l\u00edmites establecidos en los requisitos y demuestren solvencia suficiente para afrontar el proyecto de actividades a reintegrar.<\/li>\n<\/ul>\n<\/div>\n<\/div>\n<\/div>\n<\/div>\n<\/div>\n<\/div>\n<\/div>\n\n","protected":false},"excerpt":{"rendered":"","protected":false},"author":1,"featured_media":0,"parent":0,"menu_order":0,"comment_status":"closed","ping_status":"closed","template":"","meta":[],"_links":{"self":[{"href":"https:\/\/www.promendoza.com\/es\/wp-json\/wp\/v2\/pages\/4477"}],"collection":[{"href":"https:\/\/www.promendoza.com\/es\/wp-json\/wp\/v2\/pages"}],"about":[{"href":"https:\/\/www.promendoza.com\/es\/wp-json\/wp\/v2\/types\/page"}],"author":[{"embeddable":true,"href":"https:\/\/www.promendoza.com\/es\/wp-json\/wp\/v2\/users\/1"}],"replies":[{"embeddable":true,"href":"https:\/\/www.promendoza.com\/es\/wp-json\/wp\/v2\/comments?post=4477"}],"version-history":[{"count":36,"href":"https:\/\/www.promendoza.com\/es\/wp-json\/wp\/v2\/pages\/4477\/revisions"}],"predecessor-version":[{"id":13812,"href":"https:\/\/www.promendoza.com\/es\/wp-json\/wp\/v2\/pages\/4477\/revisions\/13812"}],"wp:attachment":[{"href":"https:\/\/www.promendoza.com\/es\/wp-json\/wp\/v2\/media?parent=4477"}],"curies":[{"name":"wp","href":"https:\/\/api.w.org\/{rel}","templated":true}]}}