{"id":4492,"date":"2019-02-13T16:31:54","date_gmt":"2019-02-13T16:31:54","guid":{"rendered":"http:\/\/www.promendoza.com\/?page_id=4492"},"modified":"2024-04-29T13:55:40","modified_gmt":"2024-04-29T16:55:40","slug":"nuevos-exportadores","status":"publish","type":"page","link":"https:\/\/www.promendoza.com\/es\/nuevos-exportadores\/","title":{"rendered":"Nuevos exportadores"},"content":{"rendered":"<style type=\"text\/css\"> \n#cmsms_row_69ff64e88e1167_23301719 .cmsms_row_outer_parent { \n\tpadding-top: 0px; \n} \n\n#cmsms_row_69ff64e88e1167_23301719 .cmsms_row_outer_parent { \n\tpadding-bottom: 0px; \n} \n\n\r\n\t\t\t#cmsms_gallery_69ff64e88e1a45_30388032 .cmsms_gallery {\r\n\t\t\t\tmargin:0 0 0 -10px;\r\n\t\t\t}\r\n\t\t\t\r\n\t\t\t#cmsms_gallery_69ff64e88e1a45_30388032 .cmsms_gallery .cmsms_gallery_item {\r\n\t\t\t\tpadding:0 0 10px 10px;\r\n\t\t\t}\r\n\t\t \n#cmsms_row_69ff64e88e3fb7_99217810 .cmsms_row_outer_parent { \n\tpadding-top: 0px; \n} \n\n#cmsms_row_69ff64e88e3fb7_99217810 .cmsms_row_outer_parent { \n\tpadding-bottom: 0px; \n} \n\n \n#cmsms_heading_69ff64e88e5fd0_74731684 { \n\ttext-align:left; \n\tmargin-top:35px; \n\tmargin-bottom:10px; \n} \n\n#cmsms_heading_69ff64e88e5fd0_74731684 .cmsms_heading { \n\ttext-align:left; \n} \n\n#cmsms_heading_69ff64e88e5fd0_74731684 .cmsms_heading, #cmsms_heading_69ff64e88e5fd0_74731684 .cmsms_heading a { \n\tfont-weight:bold; \n\tfont-style:normal; \n} \n\n#cmsms_heading_69ff64e88e5fd0_74731684 .cmsms_heading_divider { \n} \n\n \n#cmsms_row_69ff64e88e62e6_09709772 { \n\tbackground-color:#f7f7f7;\n} \n\n#cmsms_row_69ff64e88e62e6_09709772 .cmsms_row_outer_parent { \n\tpadding-top: 20px; \n} \n\n#cmsms_row_69ff64e88e62e6_09709772 .cmsms_row_outer_parent { \n\tpadding-bottom: 40px; \n} \n\n \n#cmsms_heading_69ff64e88e6990_45958775 { \n\ttext-align:left; \n\tmargin-top:0px; \n\tmargin-bottom:20px; \n} \n\n#cmsms_heading_69ff64e88e6990_45958775 .cmsms_heading { \n\ttext-align:left; \n} \n\n#cmsms_heading_69ff64e88e6990_45958775 .cmsms_heading, #cmsms_heading_69ff64e88e6990_45958775 .cmsms_heading a { \n\tfont-weight:bold; \n\tfont-style:normal; \n} \n\n#cmsms_heading_69ff64e88e6990_45958775 .cmsms_heading_divider { \n} \n\n \n#cmsms_heading_69ff64e88e7016_69065654 { \n\ttext-align:left; \n\tmargin-top:0px; \n\tmargin-bottom:20px; \n} \n\n#cmsms_heading_69ff64e88e7016_69065654 .cmsms_heading { \n\ttext-align:left; \n} \n\n#cmsms_heading_69ff64e88e7016_69065654 .cmsms_heading, #cmsms_heading_69ff64e88e7016_69065654 .cmsms_heading a { \n\tfont-weight:bold; \n\tfont-style:normal; \n} \n\n#cmsms_heading_69ff64e88e7016_69065654 .cmsms_heading_divider { \n} \n\n \n#cmsms_heading_69ff64e88e76a4_04376226 { \n\ttext-align:left; \n\tmargin-top:0px; \n\tmargin-bottom:20px; \n} \n\n#cmsms_heading_69ff64e88e76a4_04376226 .cmsms_heading { \n\ttext-align:left; \n} \n\n#cmsms_heading_69ff64e88e76a4_04376226 .cmsms_heading, #cmsms_heading_69ff64e88e76a4_04376226 .cmsms_heading a { \n\tfont-weight:bold; \n\tfont-style:normal; \n} \n\n#cmsms_heading_69ff64e88e76a4_04376226 .cmsms_heading_divider { \n} \n\n<\/style><div id=\"cmsms_row_69ff64e88e1167_23301719\" class=\"cmsms_row cmsms_color_scheme_default\">\n<div class=\"cmsms_row_outer_parent\">\n<div class=\"cmsms_row_outer\">\n<div class=\"cmsms_row_inner\">\n<div class=\"cmsms_row_margin\">\n<div class=\"cmsms_column one_first\">\n<div id=\"cmsms_gallery_69ff64e88e1a45_30388032\" class=\"cmsms_gallery_wrap\"><ul class=\"cmsms_gallery cmsms_1 cmsms_more_items_loader\"><li class=\"cmsms_gallery_item\"><figure><img width=\"1080\" height=\"374\" src=\"https:\/\/www.promendoza.com\/wp-content\/uploads\/2019\/02\/Imagen-de-cabecera-2.jpg\" class=\"attachment-full size-full\" alt=\"\" loading=\"lazy\" srcset=\"https:\/\/www.promendoza.com\/wp-content\/uploads\/2019\/02\/Imagen-de-cabecera-2.jpg 1080w, https:\/\/www.promendoza.com\/wp-content\/uploads\/2019\/02\/Imagen-de-cabecera-2-300x104.jpg 300w, https:\/\/www.promendoza.com\/wp-content\/uploads\/2019\/02\/Imagen-de-cabecera-2-768x266.jpg 768w, https:\/\/www.promendoza.com\/wp-content\/uploads\/2019\/02\/Imagen-de-cabecera-2-1024x355.jpg 1024w, https:\/\/www.promendoza.com\/wp-content\/uploads\/2019\/02\/Imagen-de-cabecera-2-580x201.jpg 580w, https:\/\/www.promendoza.com\/wp-content\/uploads\/2019\/02\/Imagen-de-cabecera-2-820x284.jpg 820w\" sizes=\"(max-width: 1080px) 100vw, 1080px\" \/><\/figure><\/li><\/ul><script type=\"text\/javascript\">\r\n\t\t\tjQuery(document).ready(function () {\r\n\t\t\t\t(function ($) {\r\n\t\t\t\t\tif ($('#cmsms_gallery_69ff64e88e1a45_30388032').find('.cmsms_gallery_item').length == '0') {\r\n\t\t\t\t\t\treturn false;\r\n\t\t\t\t\t}\r\n\t\t\t\t\t\r\n\t\t\t\t\t\r\n\t\t\t\t\tstartGallery( \r\n\t\t\t\t\t\t'69ff64e88e1a45_30388032', \r\n\t\t\t\t\t\t'grid', \r\n\t\t\t\t\t\t'false', \r\n\t\t\t\t\t\t'false' \r\n\t\t\t\t\t);\r\n\t\t\t\t} )(jQuery);\r\n\t\t\t} );\r\n\t\t<\/script>\r\n\t\t<\/div>\n<\/div>\n<\/div>\n<\/div>\n<\/div>\n<\/div>\n<\/div>\n<div id=\"cmsms_row_69ff64e88e3fb7_99217810\" class=\"cmsms_row cmsms_color_scheme_default\">\n<div class=\"cmsms_row_outer_parent\">\n<div class=\"cmsms_row_outer\">\n<div class=\"cmsms_row_inner\">\n<div class=\"cmsms_row_margin\">\n<div class=\"cmsms_column one_fourth\">\n<div class=\"custom_html\">\n<div style=\"height: 32px;\"><\/div>\n<\/div>\n<div class=\"cmsms_img  cmsms_image_n\">\n<img src=\"https:\/\/www.promendoza.com\/wp-content\/uploads\/2019\/02\/Tarjeta-1.png\" \/>\n<\/div>\n<\/div>\n<div class=\"cmsms_column three_fourth\">\n\n<div id=\"cmsms_heading_69ff64e88e5fd0_74731684\" class=\"cmsms_heading_wrap cmsms_heading_align_left\">\n\t<h4 class=\"cmsms_heading\">Programa de desarrollo de nuevos exportadores (NEX)<\/h4>\n<\/div><div class=\"cmsms_text\">\n<p style=\"text-align: justify;\">NEX impulsa la inserci\u00f3n y continuidad de las PyMes mendocinas en mercados internacionales mediante el asesoramiento de un especialista en comercio exterior que acompa\u00f1a a la empresa en su desarrollo exportador.<\/p>\n<p>Para mayor informaci\u00f3n escribinos a <a href=\"mailto:lromero@promendoza.com\">lromero@promendoza.com<\/a><\/p>\n<\/div>\n<\/div>\n<\/div>\n<\/div>\n<\/div>\n<\/div>\n<\/div>\n<div id=\"cmsms_row_69ff64e88e62e6_09709772\" class=\"cmsms_row cmsms_color_scheme_default\">\n<div class=\"cmsms_row_outer_parent\">\n<div class=\"cmsms_row_outer\">\n<div class=\"cmsms_row_inner\">\n<div class=\"cmsms_row_margin\">\n<div class=\"cmsms_column one_third\">\n\n<div id=\"cmsms_heading_69ff64e88e6990_45958775\" class=\"cmsms_heading_wrap cmsms_heading_align_left\">\n\t<h5 class=\"cmsms_heading\">Objetivos<\/h5>\n<\/div><div class=\"cmsms_text\">\n<ul>\n<li class=\"vineta\" style=\"text-align: justify;\">Iniciar y formar a la empresa en comercio exterior<\/li>\n<li class=\"vineta\" style=\"text-align: justify;\">Identificar necesidades, fortalezas y debilidades<\/li>\n<li class=\"vineta\" style=\"text-align: justify;\">Asistir a las empresas para la prospecci\u00f3n, penetraci\u00f3n y consolidaci\u00f3n en los mercados externos<\/li>\n<li class=\"vineta\" style=\"text-align: justify;\">Apoyar a las empresas para mejorar su productividad y competitividad a trav\u00e9s de asistencia t\u00e9cnica especializada y capacitaci\u00f3n<\/li>\n<\/ul>\n<\/div>\n<\/div>\n<div class=\"cmsms_column one_third\">\n\n<div id=\"cmsms_heading_69ff64e88e7016_69065654\" class=\"cmsms_heading_wrap cmsms_heading_align_left\">\n\t<h5 class=\"cmsms_heading\">Beneficiarios<\/h5>\n<\/div><div class=\"cmsms_text\">\n<ul>\n<li class=\"vineta\" style=\"text-align: justify;\">Empresas PyME con establecimiento productivo en la provincia de Mendoza<\/li>\n<li class=\"vineta\" style=\"text-align: justify;\">Empresas que no hayan exportado o lo hicieron de manera coyuntural o indirecta<\/li>\n<li class=\"vineta\" style=\"text-align: justify;\">Empresas con voluntad exportadora<\/li>\n<\/ul>\n<\/div>\n<\/div>\n<div class=\"cmsms_column one_third\">\n\n<div id=\"cmsms_heading_69ff64e88e76a4_04376226\" class=\"cmsms_heading_wrap cmsms_heading_align_left\">\n\t<h5 class=\"cmsms_heading\">Funcionamiento<\/h5>\n<\/div><div class=\"cmsms_text\">\n<p style=\"text-align: justify;\">Este programa tiene una extensi\u00f3n de 12 meses. En cada etapa la empresa contar\u00e1 con la asistencia de un profesional preparado y formado al efecto que asistir\u00e1 a la empresa en su desarrollo exportador, realizando un diagn\u00f3stico de competitividad, definiendo las acciones de promoci\u00f3n y ejecutando el plan estrat\u00e9gico.<\/p>\n<ul>\n<li class=\"vineta\" style=\"text-align: justify;\"><strong>Primera Etapa<\/strong>: Diagn\u00f3stico del potencial exportador<\/li>\n<li class=\"vineta\" style=\"text-align: justify;\"><strong>Segunda Etapa<\/strong>: Elaboraci\u00f3n del plan de internacionalizaci\u00f3n<\/li>\n<li class=\"vineta\" style=\"text-align: justify;\"><strong>Tercera Etapa<\/strong>: Ejecuci\u00f3n del plan estrat\u00e9gico<\/li>\n<\/ul>\n<\/div>\n<\/div>\n<\/div>\n<\/div>\n<\/div>\n<\/div>\n<\/div>\n\n","protected":false},"excerpt":{"rendered":"","protected":false},"author":1,"featured_media":0,"parent":0,"menu_order":0,"comment_status":"closed","ping_status":"closed","template":"","meta":[],"_links":{"self":[{"href":"https:\/\/www.promendoza.com\/es\/wp-json\/wp\/v2\/pages\/4492"}],"collection":[{"href":"https:\/\/www.promendoza.com\/es\/wp-json\/wp\/v2\/pages"}],"about":[{"href":"https:\/\/www.promendoza.com\/es\/wp-json\/wp\/v2\/types\/page"}],"author":[{"embeddable":true,"href":"https:\/\/www.promendoza.com\/es\/wp-json\/wp\/v2\/users\/1"}],"replies":[{"embeddable":true,"href":"https:\/\/www.promendoza.com\/es\/wp-json\/wp\/v2\/comments?post=4492"}],"version-history":[{"count":27,"href":"https:\/\/www.promendoza.com\/es\/wp-json\/wp\/v2\/pages\/4492\/revisions"}],"predecessor-version":[{"id":13814,"href":"https:\/\/www.promendoza.com\/es\/wp-json\/wp\/v2\/pages\/4492\/revisions\/13814"}],"wp:attachment":[{"href":"https:\/\/www.promendoza.com\/es\/wp-json\/wp\/v2\/media?parent=4492"}],"curies":[{"name":"wp","href":"https:\/\/api.w.org\/{rel}","templated":true}]}}