{"id":4511,"date":"2019-02-13T17:03:16","date_gmt":"2019-02-13T17:03:16","guid":{"rendered":"http:\/\/www.promendoza.com\/?page_id=4511"},"modified":"2024-04-29T13:57:56","modified_gmt":"2024-04-29T16:57:56","slug":"programa-diversificacion-dimex","status":"publish","type":"page","link":"https:\/\/www.promendoza.com\/es\/programa-diversificacion-dimex\/","title":{"rendered":"Programa de diversificaci\u00f3n de mercados (DIMEX)"},"content":{"rendered":"<style type=\"text\/css\"> \n#cmsms_row_6a0490f5dde518_76623968 .cmsms_row_outer_parent { \n\tpadding-top: 0px; \n} \n\n#cmsms_row_6a0490f5dde518_76623968 .cmsms_row_outer_parent { \n\tpadding-bottom: 0px; \n} \n\n\r\n\t\t\t#cmsms_gallery_6a0490f5de04e6_59222499 .cmsms_gallery {\r\n\t\t\t\tmargin:0 0 0 -10px;\r\n\t\t\t}\r\n\t\t\t\r\n\t\t\t#cmsms_gallery_6a0490f5de04e6_59222499 .cmsms_gallery .cmsms_gallery_item {\r\n\t\t\t\tpadding:0 0 10px 10px;\r\n\t\t\t}\r\n\t\t \n#cmsms_row_6a0490f5de6d69_65286237 .cmsms_row_outer_parent { \n\tpadding-top: 0px; \n} \n\n#cmsms_row_6a0490f5de6d69_65286237 .cmsms_row_outer_parent { \n\tpadding-bottom: 0px; \n} \n\n \n#cmsms_heading_6a0490f5df1860_07540102 { \n\ttext-align:left; \n\tmargin-top:35px; \n\tmargin-bottom:10px; \n} \n\n#cmsms_heading_6a0490f5df1860_07540102 .cmsms_heading { \n\ttext-align:left; \n} \n\n#cmsms_heading_6a0490f5df1860_07540102 .cmsms_heading, #cmsms_heading_6a0490f5df1860_07540102 .cmsms_heading a { \n\tfont-weight:bold; \n\tfont-style:normal; \n} \n\n#cmsms_heading_6a0490f5df1860_07540102 .cmsms_heading_divider { \n} \n\n \n#cmsms_row_6a0490f5df2117_31719758 { \n\tbackground-color:#f7f7f7;\n} \n\n#cmsms_row_6a0490f5df2117_31719758 .cmsms_row_outer_parent { \n\tpadding-top: 20px; \n} \n\n#cmsms_row_6a0490f5df2117_31719758 .cmsms_row_outer_parent { \n\tpadding-bottom: 40px; \n} \n\n \n#cmsms_heading_6a0490f5df3686_09783486 { \n\ttext-align:left; \n\tmargin-top:0px; \n\tmargin-bottom:20px; \n} \n\n#cmsms_heading_6a0490f5df3686_09783486 .cmsms_heading { \n\ttext-align:left; \n} \n\n#cmsms_heading_6a0490f5df3686_09783486 .cmsms_heading, #cmsms_heading_6a0490f5df3686_09783486 .cmsms_heading a { \n\tfont-weight:bold; \n\tfont-style:normal; \n} \n\n#cmsms_heading_6a0490f5df3686_09783486 .cmsms_heading_divider { \n} \n\n \n#cmsms_heading_6a0490f5df4638_57937036 { \n\ttext-align:left; \n\tmargin-top:0px; \n\tmargin-bottom:20px; \n} \n\n#cmsms_heading_6a0490f5df4638_57937036 .cmsms_heading { \n\ttext-align:left; \n} \n\n#cmsms_heading_6a0490f5df4638_57937036 .cmsms_heading, #cmsms_heading_6a0490f5df4638_57937036 .cmsms_heading a { \n\tfont-weight:bold; \n\tfont-style:normal; \n} \n\n#cmsms_heading_6a0490f5df4638_57937036 .cmsms_heading_divider { \n} \n\n \n#cmsms_heading_6a0490f5df5393_28595722 { \n\ttext-align:left; \n\tmargin-top:0px; \n\tmargin-bottom:20px; \n} \n\n#cmsms_heading_6a0490f5df5393_28595722 .cmsms_heading { \n\ttext-align:left; \n} \n\n#cmsms_heading_6a0490f5df5393_28595722 .cmsms_heading, #cmsms_heading_6a0490f5df5393_28595722 .cmsms_heading a { \n\tfont-weight:bold; \n\tfont-style:normal; \n} \n\n#cmsms_heading_6a0490f5df5393_28595722 .cmsms_heading_divider { \n} \n\n<\/style><div id=\"cmsms_row_6a0490f5dde518_76623968\" class=\"cmsms_row cmsms_color_scheme_default\">\n<div class=\"cmsms_row_outer_parent\">\n<div class=\"cmsms_row_outer\">\n<div class=\"cmsms_row_inner\">\n<div class=\"cmsms_row_margin\">\n<div class=\"cmsms_column one_first\">\n<div id=\"cmsms_gallery_6a0490f5de04e6_59222499\" class=\"cmsms_gallery_wrap\"><ul class=\"cmsms_gallery cmsms_1 cmsms_more_items_loader\"><li class=\"cmsms_gallery_item\"><figure><img width=\"1080\" height=\"374\" src=\"https:\/\/www.promendoza.com\/wp-content\/uploads\/2019\/02\/Imagen-de-cabecera-5.jpg\" class=\"attachment-full size-full\" alt=\"\" loading=\"lazy\" srcset=\"https:\/\/www.promendoza.com\/wp-content\/uploads\/2019\/02\/Imagen-de-cabecera-5.jpg 1080w, https:\/\/www.promendoza.com\/wp-content\/uploads\/2019\/02\/Imagen-de-cabecera-5-300x104.jpg 300w, https:\/\/www.promendoza.com\/wp-content\/uploads\/2019\/02\/Imagen-de-cabecera-5-768x266.jpg 768w, https:\/\/www.promendoza.com\/wp-content\/uploads\/2019\/02\/Imagen-de-cabecera-5-1024x355.jpg 1024w, https:\/\/www.promendoza.com\/wp-content\/uploads\/2019\/02\/Imagen-de-cabecera-5-580x201.jpg 580w, https:\/\/www.promendoza.com\/wp-content\/uploads\/2019\/02\/Imagen-de-cabecera-5-820x284.jpg 820w\" sizes=\"(max-width: 1080px) 100vw, 1080px\" \/><\/figure><\/li><\/ul><script type=\"text\/javascript\">\r\n\t\t\tjQuery(document).ready(function () {\r\n\t\t\t\t(function ($) {\r\n\t\t\t\t\tif ($('#cmsms_gallery_6a0490f5de04e6_59222499').find('.cmsms_gallery_item').length == '0') {\r\n\t\t\t\t\t\treturn false;\r\n\t\t\t\t\t}\r\n\t\t\t\t\t\r\n\t\t\t\t\t\r\n\t\t\t\t\tstartGallery( \r\n\t\t\t\t\t\t'6a0490f5de04e6_59222499', \r\n\t\t\t\t\t\t'grid', \r\n\t\t\t\t\t\t'false', \r\n\t\t\t\t\t\t'false' \r\n\t\t\t\t\t);\r\n\t\t\t\t} )(jQuery);\r\n\t\t\t} );\r\n\t\t<\/script>\r\n\t\t<\/div>\n<\/div>\n<\/div>\n<\/div>\n<\/div>\n<\/div>\n<\/div>\n<div id=\"cmsms_row_6a0490f5de6d69_65286237\" class=\"cmsms_row cmsms_color_scheme_default\">\n<div class=\"cmsms_row_outer_parent\">\n<div class=\"cmsms_row_outer\">\n<div class=\"cmsms_row_inner\">\n<div class=\"cmsms_row_margin\">\n<div class=\"cmsms_column one_fourth\">\n<div class=\"custom_html\">\n<div style=\"height: 32px;\"><\/div>\n<\/div>\n<div class=\"cmsms_img  cmsms_image_n\">\n<img src=\"https:\/\/www.promendoza.com\/wp-content\/uploads\/2019\/02\/Tarjeta-4.png\" \/>\n<\/div>\n<\/div>\n<div class=\"cmsms_column three_fourth\">\n\n<div id=\"cmsms_heading_6a0490f5df1860_07540102\" class=\"cmsms_heading_wrap cmsms_heading_align_left\">\n\t<h4 class=\"cmsms_heading\">Programa de diversificaci\u00f3n de mercados (DIMEX)<\/h4>\n<\/div><div class=\"cmsms_text\">\n<p style=\"text-align: justify;\"><strong>DIMEX<\/strong>, es un servicio de ProMendoza que busca promover la diversificaci\u00f3n de mercados de exportaci\u00f3n de las PyMEs mendocinas a trav\u00e9s del asesoramiento de un especialista en comercio exterior. Este programa est\u00e1 orientado a aquellas empresas con una alta concentraci\u00f3n de sus exportaciones en pocos mercados internacionales y que deseen ampliar los destinos de sus ventas en el exterior.<\/p>\n<p>Para mayor informaci\u00f3n escribinos a <a href=\"mailto:lromero@promendoza.com\">lromero@promendoza.com<\/a><\/p>\n<\/div>\n<\/div>\n<\/div>\n<\/div>\n<\/div>\n<\/div>\n<\/div>\n<div id=\"cmsms_row_6a0490f5df2117_31719758\" class=\"cmsms_row cmsms_color_scheme_default\">\n<div class=\"cmsms_row_outer_parent\">\n<div class=\"cmsms_row_outer\">\n<div class=\"cmsms_row_inner\">\n<div class=\"cmsms_row_margin\">\n<div class=\"cmsms_column one_third\">\n\n<div id=\"cmsms_heading_6a0490f5df3686_09783486\" class=\"cmsms_heading_wrap cmsms_heading_align_left\">\n\t<h5 class=\"cmsms_heading\">Objetivos<\/h5>\n<\/div><div class=\"cmsms_text\">\n<ul>\n<li class=\"vineta\" style=\"text-align: justify;\">Incrementar la presencia de empresas mendocinas en los mercados internacionales<\/li>\n<li class=\"vineta\" style=\"text-align: justify;\">Reducir la dependencia de las ventas en pocos clientes<\/li>\n<li class=\"vineta\" style=\"text-align: justify;\">Identificar nuevos destinos de exportaci\u00f3n<\/li>\n<li class=\"vineta\" style=\"text-align: justify;\">Optimizar el empleo de la capacidad productiva y disminuir costos por econom\u00edas de escala<\/li>\n<li class=\"vineta\" style=\"text-align: justify;\">Mejorar el posicionamiento competitivo internacional de las PyMes<\/li>\n<li class=\"vineta\" style=\"text-align: justify;\">Alentar pol\u00edticas de desarrollo e inversiones<\/li>\n<\/ul>\n<\/div>\n<\/div>\n<div class=\"cmsms_column one_third\">\n\n<div id=\"cmsms_heading_6a0490f5df4638_57937036\" class=\"cmsms_heading_wrap cmsms_heading_align_left\">\n\t<h5 class=\"cmsms_heading\">Destinatarios<\/h5>\n<\/div><div class=\"cmsms_text\">\n<ul>\n<li class=\"vineta\" style=\"text-align: justify;\">Empresas exportadoras con establecimientos productivos en Mendoza<\/li>\n<li class=\"vineta\" style=\"text-align: justify;\">Posean una antig\u00fcedad operativa superior a dos a\u00f1os<\/li>\n<li class=\"vineta\" style=\"text-align: justify;\">Presenten exportaciones consolidadas en no m\u00e1s de 3 mercados<\/li>\n<li class=\"vineta\" style=\"text-align: justify;\">Exporten menos de USD 500.000 (valor promedio anual de los \u00faltimos dos a\u00f1os)<\/li>\n<\/ul>\n<\/div>\n<\/div>\n<div class=\"cmsms_column one_third\">\n\n<div id=\"cmsms_heading_6a0490f5df5393_28595722\" class=\"cmsms_heading_wrap cmsms_heading_align_left\">\n\t<h5 class=\"cmsms_heading\">Funcionamiento<\/h5>\n<\/div><div class=\"cmsms_text\">\n<p style=\"text-align: justify;\">El programa tiene una duraci\u00f3n de 12 meses. En cada etapa del programa se contar\u00e1 con la asistencia de un profesional preparado y formado al efecto que asistir\u00e1 a la empresa en todo el proceso exportador, definir\u00e1 nuevos mercados, las acciones de promoci\u00f3n y llevar\u00e1 adelante la realizaci\u00f3n concreta de una exportaci\u00f3n.<\/p>\n<ul>\n<li class=\"vineta\" style=\"text-align: justify;\">Primera Etapa: Diagn\u00f3stico del potencial para diversificar mercados<\/li>\n<li class=\"vineta\" style=\"text-align: justify;\">Segunda Etapa: Elaboraci\u00f3n de la estrategia de diversificaci\u00f3n de mercados<\/li>\n<li class=\"vineta\" style=\"text-align: justify;\">Tercera Etapa: Ejecuci\u00f3n de la estrategia comercial<\/li>\n<\/ul>\n<\/div>\n<\/div>\n<\/div>\n<\/div>\n<\/div>\n<\/div>\n<\/div>\n\n","protected":false},"excerpt":{"rendered":"","protected":false},"author":1,"featured_media":0,"parent":0,"menu_order":0,"comment_status":"closed","ping_status":"closed","template":"","meta":[],"_links":{"self":[{"href":"https:\/\/www.promendoza.com\/es\/wp-json\/wp\/v2\/pages\/4511"}],"collection":[{"href":"https:\/\/www.promendoza.com\/es\/wp-json\/wp\/v2\/pages"}],"about":[{"href":"https:\/\/www.promendoza.com\/es\/wp-json\/wp\/v2\/types\/page"}],"author":[{"embeddable":true,"href":"https:\/\/www.promendoza.com\/es\/wp-json\/wp\/v2\/users\/1"}],"replies":[{"embeddable":true,"href":"https:\/\/www.promendoza.com\/es\/wp-json\/wp\/v2\/comments?post=4511"}],"version-history":[{"count":11,"href":"https:\/\/www.promendoza.com\/es\/wp-json\/wp\/v2\/pages\/4511\/revisions"}],"predecessor-version":[{"id":13817,"href":"https:\/\/www.promendoza.com\/es\/wp-json\/wp\/v2\/pages\/4511\/revisions\/13817"}],"wp:attachment":[{"href":"https:\/\/www.promendoza.com\/es\/wp-json\/wp\/v2\/media?parent=4511"}],"curies":[{"name":"wp","href":"https:\/\/api.w.org\/{rel}","templated":true}]}}