{"id":6324,"date":"2019-02-15T22:26:59","date_gmt":"2019-02-15T22:26:59","guid":{"rendered":"http:\/\/www.promendoza.com\/?page_id=6324"},"modified":"2026-02-18T10:21:40","modified_gmt":"2026-02-18T13:21:40","slug":"oferta-exportable","status":"publish","type":"page","link":"https:\/\/www.promendoza.com\/es\/oferta-exportable\/","title":{"rendered":"Oferta exportable"},"content":{"rendered":"<style type=\"text\/css\"> \n#cmsms_row_69f5fc0cefe6d1_92316853 .cmsms_row_outer_parent { \n\tpadding-top: 0px; \n} \n\n#cmsms_row_69f5fc0cefe6d1_92316853 .cmsms_row_outer_parent { \n\tpadding-bottom: 0px; \n} \n\n\r\n\t\t\t#cmsms_gallery_69f5fc0ceff455_97568821 .cmsms_gallery {\r\n\t\t\t\tmargin:0 0 0 -10px;\r\n\t\t\t}\r\n\t\t\t\r\n\t\t\t#cmsms_gallery_69f5fc0ceff455_97568821 .cmsms_gallery .cmsms_gallery_item {\r\n\t\t\t\tpadding:0 0 10px 10px;\r\n\t\t\t}\r\n\t\t \n#cmsms_row_69f5fc0cf01893_89627960 .cmsms_row_outer_parent { \n\tpadding-top: 0px; \n} \n\n#cmsms_row_69f5fc0cf01893_89627960 .cmsms_row_outer_parent { \n\tpadding-bottom: 0px; \n} \n\n \n#cmsms_heading_69f5fc0cf047b3_68776768 { \n\ttext-align:left; \n\tmargin-top:35px; \n\tmargin-bottom:10px; \n} \n\n#cmsms_heading_69f5fc0cf047b3_68776768 .cmsms_heading { \n\ttext-align:left; \n} \n\n#cmsms_heading_69f5fc0cf047b3_68776768 .cmsms_heading, #cmsms_heading_69f5fc0cf047b3_68776768 .cmsms_heading a { \n\tfont-weight:bold; \n\tfont-style:normal; \n} \n\n#cmsms_heading_69f5fc0cf047b3_68776768 .cmsms_heading_divider { \n} \n\n \n#cmsms_divider_69f5fc0cf04d84_60759049 { \n\tborder-bottom-width:0px; \n\tborder-bottom-style:solid; \n\tpadding-top:25px; \n\tmargin-bottom:10px; \n} \n\n#cmsms_button_69f5fc0cf05367_15525194 { \n\ttext-align:center; \n} \n\n#cmsms_button_69f5fc0cf05367_15525194 .cmsms_button:before { \n\tmargin-right:.5em; \n\tmargin-left:0; \n\tvertical-align:baseline; \n} \n\n#cmsms_button_69f5fc0cf05367_15525194 .cmsms_button { \n\tfont-weight:bold; \n\tfont-style:normal; \n\tborder-style:solid; \n} \n#cmsms_button_69f5fc0cf05367_15525194 .cmsms_button:hover { \n} \n \n#cmsms_row_69f5fc0cf05561_29150102 { \n\tbackground-color:#f7f7f7;\n} \n\n#cmsms_row_69f5fc0cf05561_29150102 .cmsms_row_outer_parent { \n\tpadding-top: 35px; \n} \n\n#cmsms_row_69f5fc0cf05561_29150102 .cmsms_row_outer_parent { \n\tpadding-bottom: 6px; \n} \n\n \n#cmsms_heading_69f5fc0cf078d7_58171638 { \n\ttext-align:center; \n\tmargin-top:0px; \n\tmargin-bottom:20px; \n} \n\n#cmsms_heading_69f5fc0cf078d7_58171638 .cmsms_heading { \n\ttext-align:center; \n} \n\n#cmsms_heading_69f5fc0cf078d7_58171638 .cmsms_heading, #cmsms_heading_69f5fc0cf078d7_58171638 .cmsms_heading a { \n\tfont-weight:bold; \n\tfont-style:normal; \n} \n\n#cmsms_heading_69f5fc0cf078d7_58171638 .cmsms_heading_divider { \n} \n\n \n#cmsms_heading_69f5fc0cf093c7_03895724 { \n\ttext-align:center; \n\tmargin-top:0px; \n\tmargin-bottom:20px; \n} \n\n#cmsms_heading_69f5fc0cf093c7_03895724 .cmsms_heading { \n\ttext-align:center; \n} \n\n#cmsms_heading_69f5fc0cf093c7_03895724 .cmsms_heading, #cmsms_heading_69f5fc0cf093c7_03895724 .cmsms_heading a { \n\tfont-weight:bold; \n\tfont-style:normal; \n} \n\n#cmsms_heading_69f5fc0cf093c7_03895724 .cmsms_heading_divider { \n} \n\n \n#cmsms_heading_69f5fc0cf0aec2_37007250 { \n\ttext-align:center; \n\tmargin-top:0px; \n\tmargin-bottom:20px; \n} \n\n#cmsms_heading_69f5fc0cf0aec2_37007250 .cmsms_heading { \n\ttext-align:center; \n} \n\n#cmsms_heading_69f5fc0cf0aec2_37007250 .cmsms_heading, #cmsms_heading_69f5fc0cf0aec2_37007250 .cmsms_heading a { \n\tfont-weight:bold; \n\tfont-style:normal; \n} \n\n#cmsms_heading_69f5fc0cf0aec2_37007250 .cmsms_heading_divider { \n} \n\n \n#cmsms_row_69f5fc0cf0b361_64895936 { \n\tbackground-color:#f7f7f7;\n} \n\n#cmsms_row_69f5fc0cf0b361_64895936 .cmsms_row_outer_parent { \n\tpadding-top: 40px; \n} \n\n#cmsms_row_69f5fc0cf0b361_64895936 .cmsms_row_outer_parent { \n\tpadding-bottom: 40px; \n} \n\n \n#cmsms_heading_69f5fc0cf0cba8_56953797 { \n\ttext-align:center; \n\tmargin-top:0px; \n\tmargin-bottom:20px; \n} \n\n#cmsms_heading_69f5fc0cf0cba8_56953797 .cmsms_heading { \n\ttext-align:center; \n} \n\n#cmsms_heading_69f5fc0cf0cba8_56953797 .cmsms_heading, #cmsms_heading_69f5fc0cf0cba8_56953797 .cmsms_heading a { \n\tfont-weight:bold; \n\tfont-style:normal; \n} \n\n#cmsms_heading_69f5fc0cf0cba8_56953797 .cmsms_heading_divider { \n} \n\n \n#cmsms_heading_69f5fc0cf0e9b4_78723047 { \n\ttext-align:center; \n\tmargin-top:0px; \n\tmargin-bottom:20px; \n} \n\n#cmsms_heading_69f5fc0cf0e9b4_78723047 .cmsms_heading { \n\ttext-align:center; \n} \n\n#cmsms_heading_69f5fc0cf0e9b4_78723047 .cmsms_heading, #cmsms_heading_69f5fc0cf0e9b4_78723047 .cmsms_heading a { \n\tfont-weight:bold; \n\tfont-style:normal; \n} \n\n#cmsms_heading_69f5fc0cf0e9b4_78723047 .cmsms_heading_divider { \n} \n\n<\/style><div id=\"cmsms_row_69f5fc0cefe6d1_92316853\" class=\"cmsms_row cmsms_color_scheme_default\">\n<div class=\"cmsms_row_outer_parent\">\n<div class=\"cmsms_row_outer\">\n<div class=\"cmsms_row_inner\">\n<div class=\"cmsms_row_margin\">\n<div class=\"cmsms_column one_first\">\n<div id=\"cmsms_gallery_69f5fc0ceff455_97568821\" class=\"cmsms_gallery_wrap\"><ul class=\"cmsms_gallery cmsms_1 cmsms_more_items_loader\"><li class=\"cmsms_gallery_item\"><figure><img width=\"808\" height=\"279\" src=\"https:\/\/www.promendoza.com\/wp-content\/uploads\/2019\/02\/Imagen-de-cabecera-7.jpg\" class=\"attachment-full size-full\" alt=\"\" loading=\"lazy\" srcset=\"https:\/\/www.promendoza.com\/wp-content\/uploads\/2019\/02\/Imagen-de-cabecera-7.jpg 808w, https:\/\/www.promendoza.com\/wp-content\/uploads\/2019\/02\/Imagen-de-cabecera-7-300x104.jpg 300w, https:\/\/www.promendoza.com\/wp-content\/uploads\/2019\/02\/Imagen-de-cabecera-7-768x265.jpg 768w, https:\/\/www.promendoza.com\/wp-content\/uploads\/2019\/02\/Imagen-de-cabecera-7-580x200.jpg 580w\" sizes=\"(max-width: 808px) 100vw, 808px\" \/><\/figure><\/li><\/ul><script type=\"text\/javascript\">\r\n\t\t\tjQuery(document).ready(function () {\r\n\t\t\t\t(function ($) {\r\n\t\t\t\t\tif ($('#cmsms_gallery_69f5fc0ceff455_97568821').find('.cmsms_gallery_item').length == '0') {\r\n\t\t\t\t\t\treturn false;\r\n\t\t\t\t\t}\r\n\t\t\t\t\t\r\n\t\t\t\t\t\r\n\t\t\t\t\tstartGallery( \r\n\t\t\t\t\t\t'69f5fc0ceff455_97568821', \r\n\t\t\t\t\t\t'grid', \r\n\t\t\t\t\t\t'false', \r\n\t\t\t\t\t\t'false' \r\n\t\t\t\t\t);\r\n\t\t\t\t} )(jQuery);\r\n\t\t\t} );\r\n\t\t<\/script>\r\n\t\t<\/div>\n<\/div>\n<\/div>\n<\/div>\n<\/div>\n<\/div>\n<\/div>\n<div id=\"cmsms_row_69f5fc0cf01893_89627960\" class=\"cmsms_row cmsms_color_scheme_default\">\n<div class=\"cmsms_row_outer_parent\">\n<div class=\"cmsms_row_outer\">\n<div class=\"cmsms_row_inner\">\n<div class=\"cmsms_row_margin\">\n<div class=\"cmsms_column one_fourth\">\n<div class=\"custom_html\">\n<div style=\"height: 32px;\"><\/div>\n<\/div>\n<div class=\"cmsms_img  cmsms_image_n\">\n<img src=\"https:\/\/www.promendoza.com\/wp-content\/uploads\/2019\/02\/Tarjeta-5.png\" \/>\n<\/div>\n<\/div>\n<div class=\"cmsms_column three_fourth\">\n\n<div id=\"cmsms_heading_69f5fc0cf047b3_68776768\" class=\"cmsms_heading_wrap cmsms_heading_align_left\">\n\t<h4 class=\"cmsms_heading\">Oferta exportable<\/h4>\n<\/div><div class=\"cmsms_text\">\n<p style=\"text-align: justify;\">Mendoza es una provincia productiva por naturaleza: las condiciones clim\u00e1ticas, la calidad de su materia prima, los recursos humanos calificados y con potencial emprendedor, la inversi\u00f3n tecnol\u00f3gica, la infraestructura y la relaci\u00f3n precio-calidad de sus productos, la convierten en una regi\u00f3n atractiva y diversa.<\/p>\n<p style=\"text-align: justify;\">Alimentos procesados y org\u00e1nicos, productos gourmet, frutas y hortalizas frescas, vinos, aceites de oliva, maquinarias, desarrollos tecnol\u00f3gicos y servicios integran la oferta exportable de la Provincia que llega a numerosos y variados mercados internacionales.<\/p>\n<\/div>\n\n<div id=\"cmsms_divider_69f5fc0cf04d84_60759049\" class=\"cl\"><\/div>\n\n<div id=\"cmsms_button_69f5fc0cf05367_15525194\" class=\"button_wrap\"><a href=\"https:\/\/exportoffer.promendoza.com\" class=\"cmsms_button cmsms-icon-link-ext\" target=\"_blank\" title=\"VER OFERTA EXPORTABLE\" rel=\"VER OFERTA EXPORTABLE\"><span>VER OFERTA EXPORTABLE<\/span><\/a><\/div>\n<\/div>\n<\/div>\n<\/div>\n<\/div>\n<\/div>\n<\/div>\n<div id=\"cmsms_row_69f5fc0cf05561_29150102\" class=\"cmsms_row cmsms_color_scheme_default\">\n<div class=\"cmsms_row_outer_parent\">\n<div class=\"cmsms_row_outer\">\n<div class=\"cmsms_row_inner\">\n<div class=\"cmsms_row_margin\">\n<div class=\"cmsms_column one_third\">\n<div class=\"aligncenter\">\n<div class=\"cmsms_img  cmsms_image_c\">\n<img src=\"https:\/\/www.promendoza.com\/wp-content\/uploads\/2019\/02\/Vinos-y-Bebidas-300x169.jpg\" \/>\n<\/div>\n<\/div>\n\n<div id=\"cmsms_heading_69f5fc0cf078d7_58171638\" class=\"cmsms_heading_wrap cmsms_heading_align_center\">\n\t<h5 class=\"cmsms_heading\">VINOS Y BEBIDAS<\/h5>\n<\/div><div class=\"cmsms_text\">\n<div style=\"height: 120px;\">\n<p style=\"text-align: justify;\">Somos en Argentina la regi\u00f3n vitivin\u00edcola por excelencia ya que poseemos el 75% de las bodegas. Producimos alrededor del 80% del vino nacional con nuestras 15 mil hect\u00e1reas de vi\u00f1edos.<\/p>\n<\/div>\n<\/div>\n<div class=\"cmsms_text\">\n<p style=\"text-align: center;\"><a href=\"\/vinos-y-bebidas\/\"><strong>M\u00e1s informaci\u00f3n<\/strong><\/a><\/p>\n<\/div>\n<\/div>\n<div class=\"cmsms_column one_third\">\n<div class=\"aligncenter\">\n<div class=\"cmsms_img  cmsms_image_c\">\n<img src=\"https:\/\/www.promendoza.com\/wp-content\/uploads\/2019\/02\/Frutas-y-Hortalizas-300x169.jpg\" \/>\n<\/div>\n<\/div>\n\n<div id=\"cmsms_heading_69f5fc0cf093c7_03895724\" class=\"cmsms_heading_wrap cmsms_heading_align_center\">\n\t<h5 class=\"cmsms_heading\">FRUTAS Y HORTALIZAS<\/h5>\n<\/div><div class=\"cmsms_text\">\n<div style=\"height: 120px;\">\n<p style=\"text-align: justify;\">Por nuestra combinaci\u00f3n de clima y los suelos en altura producimos frutas y hortalizas de excelente calidad natural, sabor y color, que las convierten en materia prima muy competitiva.<\/p>\n<\/div>\n<\/div>\n<div class=\"cmsms_text\">\n<p style=\"text-align: center;\"><a href=\"\/frutas-y-hortalizas\/\"><strong>M\u00e1s informaci\u00f3n<\/strong><\/a><\/p>\n<\/div>\n<\/div>\n<div class=\"cmsms_column one_third\">\n<div class=\"aligncenter\">\n<div class=\"cmsms_img  cmsms_image_c\">\n<img src=\"https:\/\/www.promendoza.com\/wp-content\/uploads\/2019\/02\/Alimentos-Procesados-300x169.png\" \/>\n<\/div>\n<\/div>\n\n<div id=\"cmsms_heading_69f5fc0cf0aec2_37007250\" class=\"cmsms_heading_wrap cmsms_heading_align_center\">\n\t<h5 class=\"cmsms_heading\"> Alimentos procesados<\/h5>\n<\/div><div class=\"cmsms_text\">\n<div style=\"height: 120px;\">\n<p style=\"text-align: justify;\">Somos 1\u00ba productores de aceitunas del pa\u00eds, para conservas y aceite de oliva. Tenemos una excelente producci\u00f3n de conservas de frutas y hortalizas, y alta calidad en ciruelas desecadas y frutas secas.<\/p>\n<\/div>\n<\/div>\n<div class=\"cmsms_text\">\n<p style=\"text-align: center;\"><a href=\"\/alimentos-procesados\/\"><strong>M\u00e1s informaci\u00f3n<\/strong><\/a><\/p>\n<\/div>\n<\/div>\n<\/div>\n<\/div>\n<\/div>\n<\/div>\n<\/div>\n<div id=\"cmsms_row_69f5fc0cf0b361_64895936\" class=\"cmsms_row cmsms_color_scheme_default\">\n<div class=\"cmsms_row_outer_parent\">\n<div class=\"cmsms_row_outer\">\n<div class=\"cmsms_row_inner\">\n<div class=\"cmsms_row_margin\">\n<div class=\"cmsms_column one_half\">\n<div class=\"aligncenter\">\n<div class=\"cmsms_img  cmsms_image_c\">\n<img src=\"https:\/\/www.promendoza.com\/wp-content\/uploads\/2019\/02\/Metalmec\u00e1nica-y-Energ\u00eda-300x169.png\" \/>\n<\/div>\n<\/div>\n\n<div id=\"cmsms_heading_69f5fc0cf0cba8_56953797\" class=\"cmsms_heading_wrap cmsms_heading_align_center\">\n\t<h5 class=\"cmsms_heading\">METALMEC\u00c1NICA Y ENERG\u00cdA<\/h5>\n<\/div><div class=\"cmsms_text\">\n<div style=\"height: 130px;\">\n<p style=\"text-align: justify;\">Tenemos empresas dedicadas a la metalurgia liviana, a la industria de alimentos y las energ\u00edas limpias. Producen de acuerdo a c\u00e1nones internacionales. Somos reconocidos en el Mercosur y el mundo.<\/p>\n<\/div>\n<\/div>\n<div class=\"cmsms_text\">\n<p style=\"text-align: center;\"><a href=\"\/metalmecanica\/\"><strong>M\u00e1s informaci\u00f3n<\/strong><\/a><\/p>\n<\/div>\n<\/div>\n<div class=\"cmsms_column one_half\">\n<div class=\"aligncenter\">\n<div class=\"cmsms_img  cmsms_image_c\">\n<img src=\"https:\/\/www.promendoza.com\/wp-content\/uploads\/2019\/02\/Servicios2-300x169.jpg\" \/>\n<\/div>\n<\/div>\n\n<div id=\"cmsms_heading_69f5fc0cf0e9b4_78723047\" class=\"cmsms_heading_wrap cmsms_heading_align_center\">\n\t<h5 class=\"cmsms_heading\">Servicios<\/h5>\n<\/div><div class=\"cmsms_text\">\n<div style=\"height: 130px;\">\n<p style=\"text-align: justify;\">Somos referentes de talento y creatividad, con mano de obra calificada y alto valor agregado. Nos destacamos en el desarrollo de producci\u00f3n audiovisual, videojuegos, software, dise\u00f1o, entre otras.<\/p>\n<\/div>\n<\/div>\n<div class=\"cmsms_text\">\n<p style=\"text-align: center;\"><a href=\"\/servicios\/\"><strong>M\u00e1s informaci\u00f3n<\/strong><\/a><\/p>\n<\/div>\n<\/div>\n<\/div>\n<\/div>\n<\/div>\n<\/div>\n<\/div>\n\n","protected":false},"excerpt":{"rendered":"","protected":false},"author":1,"featured_media":0,"parent":0,"menu_order":0,"comment_status":"closed","ping_status":"closed","template":"","meta":[],"_links":{"self":[{"href":"https:\/\/www.promendoza.com\/es\/wp-json\/wp\/v2\/pages\/6324"}],"collection":[{"href":"https:\/\/www.promendoza.com\/es\/wp-json\/wp\/v2\/pages"}],"about":[{"href":"https:\/\/www.promendoza.com\/es\/wp-json\/wp\/v2\/types\/page"}],"author":[{"embeddable":true,"href":"https:\/\/www.promendoza.com\/es\/wp-json\/wp\/v2\/users\/1"}],"replies":[{"embeddable":true,"href":"https:\/\/www.promendoza.com\/es\/wp-json\/wp\/v2\/comments?post=6324"}],"version-history":[{"count":56,"href":"https:\/\/www.promendoza.com\/es\/wp-json\/wp\/v2\/pages\/6324\/revisions"}],"predecessor-version":[{"id":16348,"href":"https:\/\/www.promendoza.com\/es\/wp-json\/wp\/v2\/pages\/6324\/revisions\/16348"}],"wp:attachment":[{"href":"https:\/\/www.promendoza.com\/es\/wp-json\/wp\/v2\/media?parent=6324"}],"curies":[{"name":"wp","href":"https:\/\/api.w.org\/{rel}","templated":true}]}}