{"id":6607,"date":"2019-04-22T15:08:37","date_gmt":"2019-04-22T15:08:37","guid":{"rendered":"http:\/\/www.promendoza.com\/?page_id=6607"},"modified":"2020-03-12T12:13:59","modified_gmt":"2020-03-12T12:13:59","slug":"frutas-y-hortalizas","status":"publish","type":"page","link":"https:\/\/www.promendoza.com\/es\/frutas-y-hortalizas\/","title":{"rendered":"Frutas y hortalizas"},"content":{"rendered":"<style type=\"text\/css\"> \n#cmsms_row_69f60d7fc95348_31251930 .cmsms_row_outer_parent { \n\tpadding-top: 0px; \n} \n\n#cmsms_row_69f60d7fc95348_31251930 .cmsms_row_outer_parent { \n\tpadding-bottom: 0px; \n} \n\n\r\n\t\t\t#cmsms_gallery_69f60d7fc96084_38720896 .cmsms_gallery {\r\n\t\t\t\tmargin:0 0 0 -10px;\r\n\t\t\t}\r\n\t\t\t\r\n\t\t\t#cmsms_gallery_69f60d7fc96084_38720896 .cmsms_gallery .cmsms_gallery_item {\r\n\t\t\t\tpadding:0 0 10px 10px;\r\n\t\t\t}\r\n\t\t \n#cmsms_row_69f60d7fc99653_61298970 .cmsms_row_outer_parent { \n\tpadding-top: 0px; \n} \n\n#cmsms_row_69f60d7fc99653_61298970 .cmsms_row_outer_parent { \n\tpadding-bottom: 10px; \n} \n\n \n#cmsms_heading_69f60d7fc9c755_68895533 { \n\ttext-align:left; \n\tmargin-top:35px; \n\tmargin-bottom:10px; \n} \n\n#cmsms_heading_69f60d7fc9c755_68895533 .cmsms_heading { \n\ttext-align:left; \n} \n\n#cmsms_heading_69f60d7fc9c755_68895533 .cmsms_heading, #cmsms_heading_69f60d7fc9c755_68895533 .cmsms_heading a { \n\tfont-weight:bold; \n\tfont-style:normal; \n} \n\n#cmsms_heading_69f60d7fc9c755_68895533 .cmsms_heading_divider { \n} \n\n \n#cmsms_row_69f60d7fc9cbe7_60354161 .cmsms_row_outer_parent { \n\tpadding-top: 0px; \n} \n\n#cmsms_row_69f60d7fc9cbe7_60354161 .cmsms_row_outer_parent { \n\tpadding-bottom: 20px; \n} \n\n \n#cmsms_row_69f60d7fc9d5f1_59554163 .cmsms_row_outer_parent { \n\tpadding-top: 10px; \n} \n\n#cmsms_row_69f60d7fc9d5f1_59554163 .cmsms_row_outer_parent { \n\tpadding-bottom: 0px; \n} \n\n \n#cmsms_heading_69f60d7fc9dec0_83014108 { \n\ttext-align:center; \n\tmargin-top:0px; \n\tmargin-bottom:10px; \n} \n\n#cmsms_heading_69f60d7fc9dec0_83014108 .cmsms_heading { \n\ttext-align:center; \n} \n\n#cmsms_heading_69f60d7fc9dec0_83014108 .cmsms_heading, #cmsms_heading_69f60d7fc9dec0_83014108 .cmsms_heading a { \n\tfont-weight:bold; \n\tfont-style:normal; \n} \n\n#cmsms_heading_69f60d7fc9dec0_83014108 .cmsms_heading_divider { \n} \n\n \n#cmsms_heading_69f60d7fc9fc88_86370149 { \n\ttext-align:center; \n\tmargin-top:0px; \n\tmargin-bottom:10px; \n} \n\n#cmsms_heading_69f60d7fc9fc88_86370149 .cmsms_heading { \n\ttext-align:center; \n} \n\n#cmsms_heading_69f60d7fc9fc88_86370149 .cmsms_heading, #cmsms_heading_69f60d7fc9fc88_86370149 .cmsms_heading a { \n\tfont-weight:bold; \n\tfont-style:normal; \n} \n\n#cmsms_heading_69f60d7fc9fc88_86370149 .cmsms_heading_divider { \n} \n\n \n#cmsms_heading_69f60d7fca17b0_04722214 { \n\ttext-align:center; \n\tmargin-top:0px; \n\tmargin-bottom:10px; \n} \n\n#cmsms_heading_69f60d7fca17b0_04722214 .cmsms_heading { \n\ttext-align:center; \n} \n\n#cmsms_heading_69f60d7fca17b0_04722214 .cmsms_heading, #cmsms_heading_69f60d7fca17b0_04722214 .cmsms_heading a { \n\tfont-weight:bold; \n\tfont-style:normal; \n} \n\n#cmsms_heading_69f60d7fca17b0_04722214 .cmsms_heading_divider { \n} \n\n \n#cmsms_row_69f60d7fca2c46_41138692 .cmsms_row_outer_parent { \n\tpadding-top: 0px; \n} \n\n#cmsms_row_69f60d7fca2c46_41138692 .cmsms_row_outer_parent { \n\tpadding-bottom: 0px; \n} \n\n \n#cmsms_heading_69f60d7fca3420_45111873 { \n\ttext-align:center; \n\tmargin-top:0px; \n\tmargin-bottom:10px; \n} \n\n#cmsms_heading_69f60d7fca3420_45111873 .cmsms_heading { \n\ttext-align:center; \n} \n\n#cmsms_heading_69f60d7fca3420_45111873 .cmsms_heading, #cmsms_heading_69f60d7fca3420_45111873 .cmsms_heading a { \n\tfont-weight:bold; \n\tfont-style:normal; \n} \n\n#cmsms_heading_69f60d7fca3420_45111873 .cmsms_heading_divider { \n} \n\n \n#cmsms_heading_69f60d7fca4d73_24875425 { \n\ttext-align:center; \n\tmargin-top:0px; \n\tmargin-bottom:10px; \n} \n\n#cmsms_heading_69f60d7fca4d73_24875425 .cmsms_heading { \n\ttext-align:center; \n} \n\n#cmsms_heading_69f60d7fca4d73_24875425 .cmsms_heading, #cmsms_heading_69f60d7fca4d73_24875425 .cmsms_heading a { \n\tfont-weight:bold; \n\tfont-style:normal; \n} \n\n#cmsms_heading_69f60d7fca4d73_24875425 .cmsms_heading_divider { \n} \n\n \n#cmsms_heading_69f60d7fca6591_34222312 { \n\ttext-align:center; \n\tmargin-top:0px; \n\tmargin-bottom:10px; \n} \n\n#cmsms_heading_69f60d7fca6591_34222312 .cmsms_heading { \n\ttext-align:center; \n} \n\n#cmsms_heading_69f60d7fca6591_34222312 .cmsms_heading, #cmsms_heading_69f60d7fca6591_34222312 .cmsms_heading a { \n\tfont-weight:bold; \n\tfont-style:normal; \n} \n\n#cmsms_heading_69f60d7fca6591_34222312 .cmsms_heading_divider { \n} \n\n \n#cmsms_row_69f60d7fca7881_85011711 .cmsms_row_outer_parent { \n\tpadding-top: 0px; \n} \n\n#cmsms_row_69f60d7fca7881_85011711 .cmsms_row_outer_parent { \n\tpadding-bottom: 20px; \n} \n\n \n#cmsms_heading_69f60d7fca7f59_19281164 { \n\ttext-align:center; \n\tmargin-top:0px; \n\tmargin-bottom:10px; \n} \n\n#cmsms_heading_69f60d7fca7f59_19281164 .cmsms_heading { \n\ttext-align:center; \n} \n\n#cmsms_heading_69f60d7fca7f59_19281164 .cmsms_heading, #cmsms_heading_69f60d7fca7f59_19281164 .cmsms_heading a { \n\tfont-weight:bold; \n\tfont-style:normal; \n} \n\n#cmsms_heading_69f60d7fca7f59_19281164 .cmsms_heading_divider { \n} \n\n \n#cmsms_heading_69f60d7fca9881_86451236 { \n\ttext-align:center; \n\tmargin-top:0px; \n\tmargin-bottom:10px; \n} \n\n#cmsms_heading_69f60d7fca9881_86451236 .cmsms_heading { \n\ttext-align:center; \n} \n\n#cmsms_heading_69f60d7fca9881_86451236 .cmsms_heading, #cmsms_heading_69f60d7fca9881_86451236 .cmsms_heading a { \n\tfont-weight:bold; \n\tfont-style:normal; \n} \n\n#cmsms_heading_69f60d7fca9881_86451236 .cmsms_heading_divider { \n} \n\n \n#cmsms_heading_69f60d7fcab055_83113695 { \n\ttext-align:center; \n\tmargin-top:0px; \n\tmargin-bottom:10px; \n} \n\n#cmsms_heading_69f60d7fcab055_83113695 .cmsms_heading { \n\ttext-align:center; \n} \n\n#cmsms_heading_69f60d7fcab055_83113695 .cmsms_heading, #cmsms_heading_69f60d7fcab055_83113695 .cmsms_heading a { \n\tfont-weight:bold; \n\tfont-style:normal; \n} \n\n#cmsms_heading_69f60d7fcab055_83113695 .cmsms_heading_divider { \n} \n\n \n#cmsms_row_69f60d7fcac610_41712575 .cmsms_row_outer_parent { \n\tpadding-top: 0px; \n} \n\n#cmsms_row_69f60d7fcac610_41712575 .cmsms_row_outer_parent { \n\tpadding-bottom: 35px; \n} \n\n \n#cmsms_row_69f60d7fcae668_57240763 .cmsms_row_outer_parent { \n\tpadding-top: 10px; \n} \n\n#cmsms_row_69f60d7fcae668_57240763 .cmsms_row_outer_parent { \n\tpadding-bottom: 10px; \n} \n\n \n#cmsms_heading_69f60d7fcaf359_30199176 { \n\ttext-align:left; \n\tmargin-top:10px; \n\tmargin-bottom:10px; \n} \n\n#cmsms_heading_69f60d7fcaf359_30199176 .cmsms_heading { \n\ttext-align:left; \n} \n\n#cmsms_heading_69f60d7fcaf359_30199176 .cmsms_heading, #cmsms_heading_69f60d7fcaf359_30199176 .cmsms_heading a { \n\tfont-weight:bold; \n\tfont-style:normal; \n} \n\n#cmsms_heading_69f60d7fcaf359_30199176 .cmsms_heading_divider { \n} \n\n \n#cmsms_row_69f60d7fcaf658_06009752 .cmsms_row_outer_parent { \n\tpadding-top: 0px; \n} \n\n#cmsms_row_69f60d7fcaf658_06009752 .cmsms_row_outer_parent { \n\tpadding-bottom: 0px; \n} \n\n \n#cmsms_heading_69f60d7fcafc19_34584701 { \n\ttext-align:center; \n\tmargin-top:0px; \n\tmargin-bottom:10px; \n} \n\n#cmsms_heading_69f60d7fcafc19_34584701 .cmsms_heading { \n\ttext-align:center; \n} \n\n#cmsms_heading_69f60d7fcafc19_34584701 .cmsms_heading, #cmsms_heading_69f60d7fcafc19_34584701 .cmsms_heading a { \n\tfont-weight:bold; \n\tfont-style:normal; \n} \n\n#cmsms_heading_69f60d7fcafc19_34584701 .cmsms_heading_divider { \n} \n\n \n#cmsms_heading_69f60d7fcb17d0_84393625 { \n\ttext-align:center; \n\tmargin-top:0px; \n\tmargin-bottom:10px; \n} \n\n#cmsms_heading_69f60d7fcb17d0_84393625 .cmsms_heading { \n\ttext-align:center; \n} \n\n#cmsms_heading_69f60d7fcb17d0_84393625 .cmsms_heading, #cmsms_heading_69f60d7fcb17d0_84393625 .cmsms_heading a { \n\tfont-weight:bold; \n\tfont-style:normal; \n} \n\n#cmsms_heading_69f60d7fcb17d0_84393625 .cmsms_heading_divider { \n} \n\n \n#cmsms_row_69f60d7fcb2c77_95072754 .cmsms_row_outer_parent { \n\tpadding-top: 0px; \n} \n\n#cmsms_row_69f60d7fcb2c77_95072754 .cmsms_row_outer_parent { \n\tpadding-bottom: 20px; \n} \n\n \n#cmsms_heading_69f60d7fcb3433_01168611 { \n\ttext-align:center; \n\tmargin-top:0px; \n\tmargin-bottom:10px; \n} \n\n#cmsms_heading_69f60d7fcb3433_01168611 .cmsms_heading { \n\ttext-align:center; \n} \n\n#cmsms_heading_69f60d7fcb3433_01168611 .cmsms_heading, #cmsms_heading_69f60d7fcb3433_01168611 .cmsms_heading a { \n\tfont-weight:bold; \n\tfont-style:normal; \n} \n\n#cmsms_heading_69f60d7fcb3433_01168611 .cmsms_heading_divider { \n} \n\n \n#cmsms_heading_69f60d7fcb4c29_02197963 { \n\ttext-align:center; \n\tmargin-top:0px; \n\tmargin-bottom:10px; \n} \n\n#cmsms_heading_69f60d7fcb4c29_02197963 .cmsms_heading { \n\ttext-align:center; \n} \n\n#cmsms_heading_69f60d7fcb4c29_02197963 .cmsms_heading, #cmsms_heading_69f60d7fcb4c29_02197963 .cmsms_heading a { \n\tfont-weight:bold; \n\tfont-style:normal; \n} \n\n#cmsms_heading_69f60d7fcb4c29_02197963 .cmsms_heading_divider { \n} \n\n \n#cmsms_row_69f60d7fcb5f48_13254650 .cmsms_row_outer_parent { \n\tpadding-top: 0px; \n} \n\n#cmsms_row_69f60d7fcb5f48_13254650 .cmsms_row_outer_parent { \n\tpadding-bottom: 20px; \n} \n\n<\/style><div id=\"cmsms_row_69f60d7fc95348_31251930\" class=\"cmsms_row cmsms_color_scheme_default\">\n<div class=\"cmsms_row_outer_parent\">\n<div class=\"cmsms_row_outer\">\n<div class=\"cmsms_row_inner\">\n<div class=\"cmsms_row_margin\">\n<div class=\"cmsms_column one_first\">\n<div id=\"cmsms_gallery_69f60d7fc96084_38720896\" class=\"cmsms_gallery_wrap\"><ul class=\"cmsms_gallery cmsms_1 cmsms_more_items_loader\"><li class=\"cmsms_gallery_item\"><figure><img width=\"808\" height=\"279\" src=\"https:\/\/www.promendoza.com\/wp-content\/uploads\/2018\/08\/frutas-hortalizas.jpg\" class=\"attachment-full size-full\" alt=\"\" loading=\"lazy\" srcset=\"https:\/\/www.promendoza.com\/wp-content\/uploads\/2018\/08\/frutas-hortalizas.jpg 808w, https:\/\/www.promendoza.com\/wp-content\/uploads\/2018\/08\/frutas-hortalizas-300x104.jpg 300w, https:\/\/www.promendoza.com\/wp-content\/uploads\/2018\/08\/frutas-hortalizas-768x265.jpg 768w, https:\/\/www.promendoza.com\/wp-content\/uploads\/2018\/08\/frutas-hortalizas-580x200.jpg 580w\" sizes=\"(max-width: 808px) 100vw, 808px\" \/><\/figure><\/li><\/ul><script type=\"text\/javascript\">\r\n\t\t\tjQuery(document).ready(function () {\r\n\t\t\t\t(function ($) {\r\n\t\t\t\t\tif ($('#cmsms_gallery_69f60d7fc96084_38720896').find('.cmsms_gallery_item').length == '0') {\r\n\t\t\t\t\t\treturn false;\r\n\t\t\t\t\t}\r\n\t\t\t\t\t\r\n\t\t\t\t\t\r\n\t\t\t\t\tstartGallery( \r\n\t\t\t\t\t\t'69f60d7fc96084_38720896', \r\n\t\t\t\t\t\t'grid', \r\n\t\t\t\t\t\t'false', \r\n\t\t\t\t\t\t'false' \r\n\t\t\t\t\t);\r\n\t\t\t\t} )(jQuery);\r\n\t\t\t} );\r\n\t\t<\/script>\r\n\t\t<\/div>\n<\/div>\n<\/div>\n<\/div>\n<\/div>\n<\/div>\n<\/div>\n<div id=\"cmsms_row_69f60d7fc99653_61298970\" class=\"cmsms_row cmsms_color_scheme_default\">\n<div class=\"cmsms_row_outer_parent\">\n<div class=\"cmsms_row_outer\">\n<div class=\"cmsms_row_inner\">\n<div class=\"cmsms_row_margin\">\n<div class=\"cmsms_column one_fourth\">\n<div class=\"custom_html\">\n<div style=\"height: 32px;\"><\/div>\n<\/div>\n<div class=\"cmsms_img  cmsms_image_n\">\n<img src=\"https:\/\/www.promendoza.com\/wp-content\/uploads\/2018\/08\/frutas-hortalizas-card-204x300.png\" \/>\n<\/div>\n<\/div>\n<div class=\"cmsms_column three_fourth\">\n\n<div id=\"cmsms_heading_69f60d7fc9c755_68895533\" class=\"cmsms_heading_wrap cmsms_heading_align_left\">\n\t<h4 class=\"cmsms_heading\">Alimentos frescos<\/h4>\n<\/div><div class=\"cmsms_text\">\n<p style=\"text-align: justify;\">Nuestra provincia se encuentra recostada al pie de la Cordillera de los Andes. La combinaci\u00f3n del <strong>clima, altura y la riqueza del suelo regados con agua de deshielo<\/strong>, generan productos naturales de excelente <strong>calidad, sabor, color y consistencia<\/strong>.<\/p>\n<p style=\"text-align: justify;\">Nuestra materia prima representa una ventaja competitiva muy apreciable.<\/p>\n<p style=\"text-align: justify;\">Las principales exportaciones se realizan a pa\u00edses de Latinoam\u00e9rica, la Uni\u00f3n Europea, Norteam\u00e9rica y China.<\/p>\n<p style=\"text-align: justify;\">Para mayor informaci\u00f3n escribinos a:<\/p>\n<ul>\n<li style=\"text-align: justify;\"><a href=\"mailto:garribas@promendoza.com\">garribas@promendoza.com<\/a><\/li>\n<li style=\"text-align: justify;\"><a href=\"mailto:gprisco@promendoza.com\">gprisco@promendoza.com<\/a><\/li>\n<\/ul>\n<\/div>\n<\/div>\n<\/div>\n<\/div>\n<\/div>\n<\/div>\n<\/div>\n<div id=\"cmsms_row_69f60d7fc9cbe7_60354161\" class=\"cmsms_row cmsms_color_scheme_default\">\n<div class=\"cmsms_row_outer_parent\">\n<div class=\"cmsms_row_outer\">\n<div class=\"cmsms_row_inner\">\n<div class=\"cmsms_row_margin\">\n<div class=\"cmsms_column one_first\">\n<div class=\"cmsms_text\">\n<p style=\"text-align: justify;\"><strong>Esta amplia oferta de frutas y hortalizas de calidad excepcional<\/strong>, posicionan a Mendoza en mercados altamente competitivos y exigentes y la convierten en una de las <strong>regiones frutihort\u00edcolas m\u00e1s importantes del Hemisferio Sur<\/strong> al poder abastecer en <strong>contraestaci\u00f3n<\/strong>.<\/p>\n<p style=\"text-align: justify;\">Somos exportadores de manzanas, pera, duraznos, nectarines, cerezas, ciruelas, uvas. Tambi\u00e9n contamos con frutos secos: nueces y almendras.<\/p>\n<p style=\"text-align: justify;\">Ajo, cebollas, papas y zapallo. Algunos de ellos tambi\u00e9n son producidos de forma org\u00e1nica.<\/p>\n<\/div>\n<\/div>\n<\/div>\n<\/div>\n<\/div>\n<\/div>\n<\/div>\n<div id=\"cmsms_row_69f60d7fc9d5f1_59554163\" class=\"cmsms_row cmsms_color_scheme_default\">\n<div class=\"cmsms_row_outer_parent\">\n<div class=\"cmsms_row_outer\">\n<div class=\"cmsms_row_inner\">\n<div class=\"cmsms_row_margin\">\n<div class=\"cmsms_column one_third\">\n\n<div id=\"cmsms_heading_69f60d7fc9dec0_83014108\" class=\"cmsms_heading_wrap cmsms_heading_align_center\">\n\t<h5 class=\"cmsms_heading\">Manzanas<\/h5>\n<\/div><div class=\"aligncenter\">\n<div class=\"cmsms_img  cmsms_image_c\">\n<img src=\"https:\/\/www.promendoza.com\/wp-content\/uploads\/2019\/02\/Manzana.jpg\" \/>\n<\/div>\n<\/div>\n<\/div>\n<div class=\"cmsms_column one_third\">\n\n<div id=\"cmsms_heading_69f60d7fc9fc88_86370149\" class=\"cmsms_heading_wrap cmsms_heading_align_center\">\n\t<h5 class=\"cmsms_heading\">Peras<\/h5>\n<\/div><div class=\"aligncenter\">\n<div class=\"cmsms_img  cmsms_image_c\">\n<img src=\"https:\/\/www.promendoza.com\/wp-content\/uploads\/2019\/02\/Peras.jpg\" \/>\n<\/div>\n<\/div>\n<\/div>\n<div class=\"cmsms_column one_third\">\n\n<div id=\"cmsms_heading_69f60d7fca17b0_04722214\" class=\"cmsms_heading_wrap cmsms_heading_align_center\">\n\t<h5 class=\"cmsms_heading\">Duraznos<\/h5>\n<\/div><div class=\"aligncenter\">\n<div class=\"cmsms_img  cmsms_image_c\">\n<img src=\"https:\/\/www.promendoza.com\/wp-content\/uploads\/2019\/02\/Durazno.jpg\" \/>\n<\/div>\n<\/div>\n<\/div>\n<\/div>\n<\/div>\n<\/div>\n<\/div>\n<\/div>\n<div id=\"cmsms_row_69f60d7fca2c46_41138692\" class=\"cmsms_row cmsms_color_scheme_default\">\n<div class=\"cmsms_row_outer_parent\">\n<div class=\"cmsms_row_outer\">\n<div class=\"cmsms_row_inner\">\n<div class=\"cmsms_row_margin\">\n<div class=\"cmsms_column one_third\">\n\n<div id=\"cmsms_heading_69f60d7fca3420_45111873\" class=\"cmsms_heading_wrap cmsms_heading_align_center\">\n\t<h5 class=\"cmsms_heading\">Nectarines<\/h5>\n<\/div><div class=\"aligncenter\">\n<div class=\"cmsms_img  cmsms_image_c\">\n<img src=\"https:\/\/www.promendoza.com\/wp-content\/uploads\/2019\/02\/Nectarines.jpg\" \/>\n<\/div>\n<\/div>\n<\/div>\n<div class=\"cmsms_column one_third\">\n\n<div id=\"cmsms_heading_69f60d7fca4d73_24875425\" class=\"cmsms_heading_wrap cmsms_heading_align_center\">\n\t<h5 class=\"cmsms_heading\">Cerezas<\/h5>\n<\/div><div class=\"aligncenter\">\n<div class=\"cmsms_img  cmsms_image_c\">\n<img src=\"https:\/\/www.promendoza.com\/wp-content\/uploads\/2019\/02\/Cereza.jpg\" \/>\n<\/div>\n<\/div>\n<\/div>\n<div class=\"cmsms_column one_third\">\n\n<div id=\"cmsms_heading_69f60d7fca6591_34222312\" class=\"cmsms_heading_wrap cmsms_heading_align_center\">\n\t<h5 class=\"cmsms_heading\">Ciruelas<\/h5>\n<\/div><div class=\"aligncenter\">\n<div class=\"cmsms_img  cmsms_image_c\">\n<img src=\"https:\/\/www.promendoza.com\/wp-content\/uploads\/2019\/02\/Ciruelas.jpg\" \/>\n<\/div>\n<\/div>\n<\/div>\n<\/div>\n<\/div>\n<\/div>\n<\/div>\n<\/div>\n<div id=\"cmsms_row_69f60d7fca7881_85011711\" class=\"cmsms_row cmsms_color_scheme_default\">\n<div class=\"cmsms_row_outer_parent\">\n<div class=\"cmsms_row_outer\">\n<div class=\"cmsms_row_inner\">\n<div class=\"cmsms_row_margin\">\n<div class=\"cmsms_column one_third\">\n\n<div id=\"cmsms_heading_69f60d7fca7f59_19281164\" class=\"cmsms_heading_wrap cmsms_heading_align_center\">\n\t<h5 class=\"cmsms_heading\">Uvas<\/h5>\n<\/div><div class=\"aligncenter\">\n<div class=\"cmsms_img  cmsms_image_c\">\n<img src=\"https:\/\/www.promendoza.com\/wp-content\/uploads\/2019\/02\/Uvas.jpg\" \/>\n<\/div>\n<\/div>\n<\/div>\n<div class=\"cmsms_column one_third\">\n\n<div id=\"cmsms_heading_69f60d7fca9881_86451236\" class=\"cmsms_heading_wrap cmsms_heading_align_center\">\n\t<h5 class=\"cmsms_heading\">Nueces<\/h5>\n<\/div><div class=\"aligncenter\">\n<div class=\"cmsms_img  cmsms_image_c\">\n<a href=\"http:\/\/www.promendoza.com\/wp-content\/uploads\/2019\/05\/nueces.jpg\"><img src=\"https:\/\/www.promendoza.com\/wp-content\/uploads\/2019\/05\/nueces.jpg\" \/><\/a>\n<\/div>\n<\/div>\n<\/div>\n<div class=\"cmsms_column one_third\">\n\n<div id=\"cmsms_heading_69f60d7fcab055_83113695\" class=\"cmsms_heading_wrap cmsms_heading_align_center\">\n\t<h5 class=\"cmsms_heading\">Almendras<\/h5>\n<\/div><div class=\"aligncenter\">\n<div class=\"cmsms_img  cmsms_image_c\">\n<img src=\"https:\/\/www.promendoza.com\/wp-content\/uploads\/2019\/04\/almendras-1-300x200.jpg\" \/>\n<\/div>\n<\/div>\n<\/div>\n<\/div>\n<\/div>\n<\/div>\n<\/div>\n<\/div>\n<div id=\"cmsms_row_69f60d7fcac610_41712575\" class=\"cmsms_row cmsms_color_scheme_default\">\n<div class=\"cmsms_row_outer_parent\">\n<div class=\"cmsms_row_outer\">\n<div class=\"cmsms_row_inner\">\n<div class=\"cmsms_row_margin\">\n<div class=\"cmsms_column one_first\">\n<div class=\"aligncenter\">\n<div class=\"cmsms_img  cmsms_image_c\">\n<img src=\"https:\/\/www.promendoza.com\/wp-content\/uploads\/2019\/02\/Calendario-de-Frutas-820x1411.jpg\" \/>\n<\/div>\n<\/div>\n<\/div>\n<\/div>\n<\/div>\n<\/div>\n<\/div>\n<\/div>\n<div id=\"cmsms_row_69f60d7fcae668_57240763\" class=\"cmsms_row cmsms_color_scheme_default\">\n<div class=\"cmsms_row_outer_parent\">\n<div class=\"cmsms_row_outer\">\n<div class=\"cmsms_row_inner\">\n<div class=\"cmsms_row_margin\">\n<div class=\"cmsms_column one_first\">\n\n<div id=\"cmsms_heading_69f60d7fcaf359_30199176\" class=\"cmsms_heading_wrap cmsms_heading_align_left\">\n\t<h4 class=\"cmsms_heading\">Horticultura<\/h4>\n<\/div><div class=\"cmsms_text\">\n<p style=\"text-align: justify;\">Mendoza es la primera productora de ajo del pa\u00eds.<\/p>\n<p style=\"text-align: justify;\">Las exportaciones de hortalizas de la provincia de Mendoza se destinan fundamentalmente al Mercosur, principalmente a Brasil. Del mercado europeo los pa\u00edses demandantes son Francia, Espa\u00f1a, Pa\u00edses Bajos, Italia, EE.UU. M\u00e9xico y Taiw\u00e1n.<\/p>\n<p style=\"text-align: justify;\">El ajo es la hortaliza de mayor demanda exportable, donde Mendoza totaliza el 97% de env\u00edos al exterior procedentes de Argentina.<\/p>\n<p style=\"text-align: justify;\">Principales variedades que se cultivan:<\/p>\n<\/div>\n<\/div>\n<\/div>\n<\/div>\n<\/div>\n<\/div>\n<\/div>\n<div id=\"cmsms_row_69f60d7fcaf658_06009752\" class=\"cmsms_row cmsms_color_scheme_default\">\n<div class=\"cmsms_row_outer_parent\">\n<div class=\"cmsms_row_outer\">\n<div class=\"cmsms_row_inner\">\n<div class=\"cmsms_row_margin\">\n<div class=\"cmsms_column one_half\">\n\n<div id=\"cmsms_heading_69f60d7fcafc19_34584701\" class=\"cmsms_heading_wrap cmsms_heading_align_center\">\n\t<h5 class=\"cmsms_heading\">Ajo<\/h5>\n<\/div><div class=\"aligncenter\">\n<div class=\"cmsms_img  cmsms_image_c\">\n<img src=\"https:\/\/www.promendoza.com\/wp-content\/uploads\/2019\/02\/Ajo-300x230.jpg\" \/>\n<\/div>\n<\/div>\n<\/div>\n<div class=\"cmsms_column one_half\">\n\n<div id=\"cmsms_heading_69f60d7fcb17d0_84393625\" class=\"cmsms_heading_wrap cmsms_heading_align_center\">\n\t<h5 class=\"cmsms_heading\">Cebolla<\/h5>\n<\/div><div class=\"aligncenter\">\n<div class=\"cmsms_img  cmsms_image_c\">\n<img src=\"https:\/\/www.promendoza.com\/wp-content\/uploads\/2019\/02\/Cebolla-300x230.jpg\" \/>\n<\/div>\n<\/div>\n<\/div>\n<\/div>\n<\/div>\n<\/div>\n<\/div>\n<\/div>\n<div id=\"cmsms_row_69f60d7fcb2c77_95072754\" class=\"cmsms_row cmsms_color_scheme_default\">\n<div class=\"cmsms_row_outer_parent\">\n<div class=\"cmsms_row_outer\">\n<div class=\"cmsms_row_inner\">\n<div class=\"cmsms_row_margin\">\n<div class=\"cmsms_column one_half\">\n\n<div id=\"cmsms_heading_69f60d7fcb3433_01168611\" class=\"cmsms_heading_wrap cmsms_heading_align_center\">\n\t<h5 class=\"cmsms_heading\">Zapallos<\/h5>\n<\/div><div class=\"aligncenter\">\n<div class=\"cmsms_img  cmsms_image_c\">\n<img src=\"https:\/\/www.promendoza.com\/wp-content\/uploads\/2019\/04\/zapallo-1.png\" \/>\n<\/div>\n<\/div>\n<\/div>\n<div class=\"cmsms_column one_half\">\n\n<div id=\"cmsms_heading_69f60d7fcb4c29_02197963\" class=\"cmsms_heading_wrap cmsms_heading_align_center\">\n\t<h5 class=\"cmsms_heading\">Papas<\/h5>\n<\/div><div class=\"aligncenter\">\n<div class=\"cmsms_img  cmsms_image_c\">\n<img src=\"https:\/\/www.promendoza.com\/wp-content\/uploads\/2019\/02\/Papas-300x230.jpg\" \/>\n<\/div>\n<\/div>\n<\/div>\n<\/div>\n<\/div>\n<\/div>\n<\/div>\n<\/div>\n<div id=\"cmsms_row_69f60d7fcb5f48_13254650\" class=\"cmsms_row cmsms_color_scheme_default\">\n<div class=\"cmsms_row_outer_parent\">\n<div class=\"cmsms_row_outer\">\n<div class=\"cmsms_row_inner\">\n<div class=\"cmsms_row_margin\">\n<div class=\"cmsms_column one_first\">\n<div class=\"aligncenter\">\n<div class=\"cmsms_img  cmsms_image_c\">\n<img src=\"https:\/\/www.promendoza.com\/wp-content\/uploads\/2019\/02\/Calendario-Horticultura-820x503.jpg\" \/>\n<\/div>\n<\/div>\n<\/div>\n<\/div>\n<\/div>\n<\/div>\n<\/div>\n<\/div>\n\n","protected":false},"excerpt":{"rendered":"","protected":false},"author":1,"featured_media":0,"parent":0,"menu_order":0,"comment_status":"closed","ping_status":"closed","template":"","meta":[],"_links":{"self":[{"href":"https:\/\/www.promendoza.com\/es\/wp-json\/wp\/v2\/pages\/6607"}],"collection":[{"href":"https:\/\/www.promendoza.com\/es\/wp-json\/wp\/v2\/pages"}],"about":[{"href":"https:\/\/www.promendoza.com\/es\/wp-json\/wp\/v2\/types\/page"}],"author":[{"embeddable":true,"href":"https:\/\/www.promendoza.com\/es\/wp-json\/wp\/v2\/users\/1"}],"replies":[{"embeddable":true,"href":"https:\/\/www.promendoza.com\/es\/wp-json\/wp\/v2\/comments?post=6607"}],"version-history":[{"count":20,"href":"https:\/\/www.promendoza.com\/es\/wp-json\/wp\/v2\/pages\/6607\/revisions"}],"predecessor-version":[{"id":10076,"href":"https:\/\/www.promendoza.com\/es\/wp-json\/wp\/v2\/pages\/6607\/revisions\/10076"}],"wp:attachment":[{"href":"https:\/\/www.promendoza.com\/es\/wp-json\/wp\/v2\/media?parent=6607"}],"curies":[{"name":"wp","href":"https:\/\/api.w.org\/{rel}","templated":true}]}}