{"id":6625,"date":"2019-04-22T15:51:38","date_gmt":"2019-04-22T15:51:38","guid":{"rendered":"http:\/\/www.promendoza.com\/?page_id=6625"},"modified":"2024-04-29T14:01:31","modified_gmt":"2024-04-29T17:01:31","slug":"vinos-y-bebidas","status":"publish","type":"page","link":"https:\/\/www.promendoza.com\/es\/vinos-y-bebidas\/","title":{"rendered":"Vinos y bebidas"},"content":{"rendered":"<style type=\"text\/css\"> \n#cmsms_row_69f560b96e98b3_11269765 .cmsms_row_outer_parent { \n\tpadding-top: 0px; \n} \n\n#cmsms_row_69f560b96e98b3_11269765 .cmsms_row_outer_parent { \n\tpadding-bottom: 0px; \n} \n\n\r\n\t\t\t#cmsms_gallery_69f560b96ea7a0_96612596 .cmsms_gallery {\r\n\t\t\t\tmargin:0 0 0 -10px;\r\n\t\t\t}\r\n\t\t\t\r\n\t\t\t#cmsms_gallery_69f560b96ea7a0_96612596 .cmsms_gallery .cmsms_gallery_item {\r\n\t\t\t\tpadding:0 0 10px 10px;\r\n\t\t\t}\r\n\t\t \n#cmsms_row_69f560b96ee487_93224623 .cmsms_row_outer_parent { \n\tpadding-top: 0px; \n} \n\n#cmsms_row_69f560b96ee487_93224623 .cmsms_row_outer_parent { \n\tpadding-bottom: 0px; \n} \n\n \n#cmsms_heading_69f560b96f1219_11436757 { \n\ttext-align:left; \n\tmargin-top:35px; \n\tmargin-bottom:35px; \n} \n\n#cmsms_heading_69f560b96f1219_11436757 .cmsms_heading { \n\ttext-align:left; \n} \n\n#cmsms_heading_69f560b96f1219_11436757 .cmsms_heading, #cmsms_heading_69f560b96f1219_11436757 .cmsms_heading a { \n\tfont-weight:bold; \n\tfont-style:normal; \n} \n\n#cmsms_heading_69f560b96f1219_11436757 .cmsms_heading_divider { \n} \n\n \n#cmsms_row_69f560b96f16a1_05213306 .cmsms_row_outer_parent { \n\tpadding-top: 20px; \n} \n\n#cmsms_row_69f560b96f16a1_05213306 .cmsms_row_outer_parent { \n\tpadding-bottom: 0px; \n} \n\n \n#cmsms_row_69f560b96f3ad9_65673263 .cmsms_row_outer_parent { \n\tpadding-top: 0px; \n} \n\n#cmsms_row_69f560b96f3ad9_65673263 .cmsms_row_outer_parent { \n\tpadding-bottom: 50px; \n} \n\n \n#cmsms_heading_69f560b96f47a6_18312666 { \n\ttext-align:center; \n\tmargin-top:0px; \n\tmargin-bottom:20px; \n} \n\n#cmsms_heading_69f560b96f47a6_18312666 .cmsms_heading { \n\ttext-align:center; \n} \n\n#cmsms_heading_69f560b96f47a6_18312666 .cmsms_heading, #cmsms_heading_69f560b96f47a6_18312666 .cmsms_heading a { \n\tfont-weight:bold; \n\tfont-style:normal; \n} \n\n#cmsms_heading_69f560b96f47a6_18312666 .cmsms_heading_divider { \n} \n\n \n#cmsms_row_69f560b96f5e97_67732011 { \n\tbackground-color:#f7f7f7;\n} \n\n#cmsms_row_69f560b96f5e97_67732011 .cmsms_row_outer_parent { \n\tpadding-top: 10px; \n} \n\n#cmsms_row_69f560b96f5e97_67732011 .cmsms_row_outer_parent { \n\tpadding-bottom: 40px; \n} \n\n \n#cmsms_heading_69f560b96f6af9_66759607 { \n\ttext-align:left; \n\tmargin-top:20px; \n\tmargin-bottom:40px; \n} \n\n#cmsms_heading_69f560b96f6af9_66759607 .cmsms_heading { \n\ttext-align:left; \n} \n\n#cmsms_heading_69f560b96f6af9_66759607 .cmsms_heading, #cmsms_heading_69f560b96f6af9_66759607 .cmsms_heading a { \n\tfont-weight:bold; \n\tfont-style:normal; \n} \n\n#cmsms_heading_69f560b96f6af9_66759607 .cmsms_heading_divider { \n} \n\n \n#cmsms_tabs_list_item_69f560b96f7853_31330846 a:hover,#cmsms_tabs_list_item_69f560b96f7853_31330846 a:hover:before,#cmsms_tabs_list_item_69f560b96f7853_31330846.current_tab a:before,#cmsms_tabs_list_item_69f560b96f7853_31330846.current_tab a { \n\tcolor:#0075c9;\n} \n\n#cmsms_tabs_list_item_69f560b96f7e50_40316815 a:hover,#cmsms_tabs_list_item_69f560b96f7e50_40316815 a:hover:before,#cmsms_tabs_list_item_69f560b96f7e50_40316815.current_tab a:before,#cmsms_tabs_list_item_69f560b96f7e50_40316815.current_tab a { \n\tcolor:#0075c9;\n} \n\n#cmsms_tabs_list_item_69f560b96f8367_95410459 a:hover,#cmsms_tabs_list_item_69f560b96f8367_95410459 a:hover:before,#cmsms_tabs_list_item_69f560b96f8367_95410459.current_tab a:before,#cmsms_tabs_list_item_69f560b96f8367_95410459.current_tab a { \n\tcolor:#0075c9;\n} \n<\/style><div id=\"cmsms_row_69f560b96e98b3_11269765\" class=\"cmsms_row cmsms_color_scheme_default\">\n<div class=\"cmsms_row_outer_parent\">\n<div class=\"cmsms_row_outer\">\n<div class=\"cmsms_row_inner\">\n<div class=\"cmsms_row_margin\">\n<div class=\"cmsms_column one_first\">\n<div id=\"cmsms_gallery_69f560b96ea7a0_96612596\" class=\"cmsms_gallery_wrap\"><ul class=\"cmsms_gallery cmsms_1 cmsms_more_items_loader\"><li class=\"cmsms_gallery_item\"><figure><img width=\"808\" height=\"279\" src=\"https:\/\/www.promendoza.com\/wp-content\/uploads\/2018\/06\/header-vinosybebidas.jpg\" class=\"attachment-full size-full\" alt=\"\" loading=\"lazy\" srcset=\"https:\/\/www.promendoza.com\/wp-content\/uploads\/2018\/06\/header-vinosybebidas.jpg 808w, https:\/\/www.promendoza.com\/wp-content\/uploads\/2018\/06\/header-vinosybebidas-300x104.jpg 300w, https:\/\/www.promendoza.com\/wp-content\/uploads\/2018\/06\/header-vinosybebidas-768x265.jpg 768w, https:\/\/www.promendoza.com\/wp-content\/uploads\/2018\/06\/header-vinosybebidas-580x200.jpg 580w\" sizes=\"(max-width: 808px) 100vw, 808px\" \/><\/figure><\/li><\/ul><script type=\"text\/javascript\">\r\n\t\t\tjQuery(document).ready(function () {\r\n\t\t\t\t(function ($) {\r\n\t\t\t\t\tif ($('#cmsms_gallery_69f560b96ea7a0_96612596').find('.cmsms_gallery_item').length == '0') {\r\n\t\t\t\t\t\treturn false;\r\n\t\t\t\t\t}\r\n\t\t\t\t\t\r\n\t\t\t\t\t\r\n\t\t\t\t\tstartGallery( \r\n\t\t\t\t\t\t'69f560b96ea7a0_96612596', \r\n\t\t\t\t\t\t'grid', \r\n\t\t\t\t\t\t'false', \r\n\t\t\t\t\t\t'false' \r\n\t\t\t\t\t);\r\n\t\t\t\t} )(jQuery);\r\n\t\t\t} );\r\n\t\t<\/script>\r\n\t\t<\/div>\n<\/div>\n<\/div>\n<\/div>\n<\/div>\n<\/div>\n<\/div>\n<div id=\"cmsms_row_69f560b96ee487_93224623\" class=\"cmsms_row cmsms_color_scheme_default\">\n<div class=\"cmsms_row_outer_parent\">\n<div class=\"cmsms_row_outer\">\n<div class=\"cmsms_row_inner\">\n<div class=\"cmsms_row_margin\">\n<div class=\"cmsms_column one_fourth\">\n<div class=\"custom_html\">\n<div style=\"height: 32px;\"><\/div>\n<\/div>\n<div class=\"cmsms_img  cmsms_image_n\">\n<a href=\"http:\/\/www.promendoza.com\/wp-content\/uploads\/2019\/04\/vinos-bebidas.png\"><img src=\"https:\/\/www.promendoza.com\/wp-content\/uploads\/2019\/04\/vinos-bebidas.png\" \/><\/a>\n<\/div>\n<\/div>\n<div class=\"cmsms_column three_fourth\">\n\n<div id=\"cmsms_heading_69f560b96f1219_11436757\" class=\"cmsms_heading_wrap cmsms_heading_align_left\">\n\t<h4 class=\"cmsms_heading\">Vinos y bebidas<\/h4>\n<\/div><div class=\"cmsms_text\">\n<p style=\"text-align: justify;\">No existen secretos para lograr el mejor vino, pero contamos con cualidades que hacen a nuestros <strong>vinos \u00fanicos<\/strong>.<\/p>\n<p style=\"text-align: justify;\"><strong>La cercan\u00eda de la Cordillera de Los Andes<\/strong> hace que la mayor parte productiva est\u00e9 ubica en altitudes entre 900 y 1600 metros sobre el nivel del mar. Esta caracter\u00edstica; sumado al <strong>clima des\u00e9rtico, el agua de deshielo, la cultura de vino<\/strong> y su gente otorgan cualidades destacadas a nuestros vinos.<\/p>\n<p style=\"text-align: justify;\"><strong>Los veranos c\u00e1lidos y los inviernos fr\u00edos coronados por un clima seco<\/strong>, sumado a las <strong>condiciones arcillosas de nuestros suelos<\/strong>, brindan excelentes <strong>condiciones sanitarias a la uva<\/strong>. Adem\u00e1s, la <strong>amplitud t\u00e9rmica<\/strong> potencia los aromas y sabores frutales. <strong>300 d\u00edas de sol<\/strong> resaltan el color y la profundidad arom\u00e1tica de nuestros vinos.<\/p>\n<p style=\"text-align: justify;\">Para mayor informaci\u00f3n escribinos a <a href=\"mailto:jrojas@promendoza.com\">jrojas@promendoza.com<\/a><\/p>\n<\/div>\n<\/div>\n<\/div>\n<\/div>\n<\/div>\n<\/div>\n<\/div>\n<div id=\"cmsms_row_69f560b96f16a1_05213306\" class=\"cmsms_row cmsms_color_scheme_default\">\n<div class=\"cmsms_row_outer_parent\">\n<div class=\"cmsms_row_outer\">\n<div class=\"cmsms_row_inner\">\n<div class=\"cmsms_row_margin\">\n<div class=\"cmsms_column one_half\">\n<div class=\"custom_html\">\n<div style=\"height: 20px;\"><\/div>\n<\/div>\n<div class=\"cmsms_text\">\n<p style=\"text-align: justify;\">El <strong>Malbec<\/strong> es reconocido como variedad emblema de nuestra tierra, representando a los vinos Argentinos con el 75% de la implantaci\u00f3n mundial.<\/p>\n<p style=\"text-align: justify;\">Contamos con varietales como <strong>Malbec, Merlot, Bonarda, Chardonnay, Syrah, Cabernet Sauvignon, Tempranillo<\/strong>.<\/p>\n<p style=\"text-align: justify;\">Somos una regi\u00f3n vitivin\u00edcola por excelencia, nos orientamos hacia la calidad, buscando el equilibrio perfecto entre variedad y terru\u00f1o.<\/p>\n<\/div>\n<\/div>\n<div class=\"cmsms_column one_half\">\n<div class=\"custom_html\">\n<div style=\"height: 22px;\"><\/div>\n<\/div>\n<div class=\"aligncenter\">\n<div class=\"cmsms_img  cmsms_image_c\">\n<a href=\"http:\/\/www.promendoza.com\/wp-content\/uploads\/2019\/04\/mapa-vinos-2019.jpg\"><img src=\"https:\/\/www.promendoza.com\/wp-content\/uploads\/2019\/04\/mapa-vinos-2019.jpg\" \/><\/a>\n<\/div>\n<\/div>\n<\/div>\n<\/div>\n<\/div>\n<\/div>\n<\/div>\n<\/div>\n<div id=\"cmsms_row_69f560b96f3ad9_65673263\" class=\"cmsms_row cmsms_color_scheme_default\">\n<div class=\"cmsms_row_outer_parent\">\n<div class=\"cmsms_row_outer\">\n<div class=\"cmsms_row_inner\">\n<div class=\"cmsms_row_margin\">\n<div class=\"cmsms_column one_first\">\n\n<div id=\"cmsms_heading_69f560b96f47a6_18312666\" class=\"cmsms_heading_wrap cmsms_heading_align_center\">\n\t<h4 class=\"cmsms_heading\">Mosto concentrado \u2013 Jugo de uva concentrado <\/h4>\n<\/div><div class=\"aligncenter\">\n<div class=\"cmsms_img  cmsms_image_c\">\n<a href=\"https:\/\/www.promendoza.com\/wp-content\/uploads\/2020\/09\/mosto-concentrado-vinos-y-bebidas.jpg\"><img src=\"https:\/\/www.promendoza.com\/wp-content\/uploads\/2020\/09\/mosto-concentrado-vinos-y-bebidas.jpg\" \/><\/a>\n<\/div>\n<\/div>\n<div class=\"cmsms_text\">\n<p><em>Posici\u00f3n arancelaria 20.09.69<\/em><\/p>\n<p>Argentina es uno de los 3 mayores productores de mosto concentrado del mundo. Desde hace varios a\u00f1os es el primer productor mundial de mosto concentrado de uvas blancas. Mendoza contribuye en gran medida a estas exportaciones. Ofrece tambi\u00e9n mosto concentrado org\u00e1nico y rectificado.<\/p>\n<p>El mosto concentrado puede producirse con certificaci\u00f3n Halal o Kosher.<\/p>\n<p>El jugo de uva concentrado o mosto concentrado se utiliza para la elaboraci\u00f3n de jugos de frutas y tambi\u00e9n como endulzante natural por las industrias alimenticia y farmac\u00e9utica.<\/p>\n<p>Los principales destinos de exportaci\u00f3n de Mendoza son Jap\u00f3n y Estados Unidos.<\/p>\n<\/div>\n<\/div>\n<\/div>\n<\/div>\n<\/div>\n<\/div>\n<\/div>\n<div id=\"cmsms_row_69f560b96f5e97_67732011\" class=\"cmsms_row cmsms_color_scheme_default\">\n<div class=\"cmsms_row_outer_parent\">\n<div class=\"cmsms_row_outer\">\n<div class=\"cmsms_row_inner\">\n<div class=\"cmsms_row_margin\">\n<div class=\"cmsms_column one_first\">\n\n<div id=\"cmsms_heading_69f560b96f6af9_66759607\" class=\"cmsms_heading_wrap cmsms_heading_align_left\">\n\t<h4 class=\"cmsms_heading\">Destilados y macerados<\/h4>\n<\/div> \n<div class=\"cmsms_tabs tabs_mode_tour tabs_pos_left\">\n<ul class=\"cmsms_tabs_list\">\n<li id=\"cmsms_tabs_list_item_69f560b96f7853_31330846\" class=\"cmsms_tabs_list_item current_tab\">\n<a href=\"#\" class=\"cmsms-icon-wine\">\n<span>Tipo Gin<\/span>\n<\/a>\n<\/li><li id=\"cmsms_tabs_list_item_69f560b96f7e50_40316815\" class=\"cmsms_tabs_list_item\">\n<a href=\"#\" class=\"cmsms-icon-wine\">\n<span>Tipo Grapa<\/span>\n<\/a>\n<\/li><li id=\"cmsms_tabs_list_item_69f560b96f8367_95410459\" class=\"cmsms_tabs_list_item\">\n<a href=\"#\" class=\"cmsms-icon-wine\">\n<span>Tipo Verm\u00fa<\/span>\n<\/a>\n<\/li><\/ul>\n<div class=\"cmsms_tabs_wrap\">\n<div id=\"cmsms_tab_69f560b96f7853_31330846\" class=\"cmsms_tab active_tab\">\n<div class=\"cmsms_tab_inner\">\n<p style=\"text-align: justify;\"><strong>Destilado de pasas de uva, mayormente de Malbec con la mixtura de bot\u00e1nicos naturales<\/strong>. El agua pura de deshielo de Los Andes Mendocino, y el alcohol de granos que se destila continuamente cuatro veces\u00a0completan un gin extraordinario y moderno.<\/p>\n<\/div>\n<\/div><div id=\"cmsms_tab_69f560b96f7e50_40316815\" class=\"cmsms_tab\">\n<div class=\"cmsms_tab_inner\">\n<p style=\"text-align: justify;\">Nuestra multipremiada grapa obtenida a partir de la elaboraci\u00f3n de aguardientes de orujo de uva varietales de alta gama (Malbec, Cabernet Sauvignon, Merlot y Syrah), con procesos artesanales para obtener la m\u00e1xima pureza de sabor y aromas.<\/p>\n<\/div>\n<\/div><div id=\"cmsms_tab_69f560b96f8367_95410459\" class=\"cmsms_tab\">\n<div class=\"cmsms_tab_inner\">\n<p style=\"text-align: justify;\">Elaborado con uvas, estilo italiano, pero con impronta del Nuevo Mundo, innovador y moderno, de gran aporte v\u00ednico, se hace posible a partir de las riquezas del suelo mendocino.<\/p>\n<\/div>\n<\/div><\/div>\n<\/div>\n<\/div>\n<\/div>\n<\/div>\n<\/div>\n<\/div>\n<\/div>\n\n","protected":false},"excerpt":{"rendered":"","protected":false},"author":1,"featured_media":0,"parent":0,"menu_order":0,"comment_status":"closed","ping_status":"closed","template":"","meta":[],"_links":{"self":[{"href":"https:\/\/www.promendoza.com\/es\/wp-json\/wp\/v2\/pages\/6625"}],"collection":[{"href":"https:\/\/www.promendoza.com\/es\/wp-json\/wp\/v2\/pages"}],"about":[{"href":"https:\/\/www.promendoza.com\/es\/wp-json\/wp\/v2\/types\/page"}],"author":[{"embeddable":true,"href":"https:\/\/www.promendoza.com\/es\/wp-json\/wp\/v2\/users\/1"}],"replies":[{"embeddable":true,"href":"https:\/\/www.promendoza.com\/es\/wp-json\/wp\/v2\/comments?post=6625"}],"version-history":[{"count":30,"href":"https:\/\/www.promendoza.com\/es\/wp-json\/wp\/v2\/pages\/6625\/revisions"}],"predecessor-version":[{"id":13820,"href":"https:\/\/www.promendoza.com\/es\/wp-json\/wp\/v2\/pages\/6625\/revisions\/13820"}],"wp:attachment":[{"href":"https:\/\/www.promendoza.com\/es\/wp-json\/wp\/v2\/media?parent=6625"}],"curies":[{"name":"wp","href":"https:\/\/api.w.org\/{rel}","templated":true}]}}