{"id":6633,"date":"2019-04-22T19:57:48","date_gmt":"2019-04-22T19:57:48","guid":{"rendered":"http:\/\/www.promendoza.com\/?page_id=6633"},"modified":"2026-02-02T12:26:53","modified_gmt":"2026-02-02T15:26:53","slug":"alimentos-procesados","status":"publish","type":"page","link":"https:\/\/www.promendoza.com\/es\/alimentos-procesados\/","title":{"rendered":"Alimentos procesados"},"content":{"rendered":"<style type=\"text\/css\"> \n#cmsms_row_69f56253c4ba25_75930693 .cmsms_row_outer_parent { \n\tpadding-top: 0px; \n} \n\n#cmsms_row_69f56253c4ba25_75930693 .cmsms_row_outer_parent { \n\tpadding-bottom: 0px; \n} \n\n\r\n\t\t\t#cmsms_gallery_69f56253c4c7e2_57136898 .cmsms_gallery {\r\n\t\t\t\tmargin:0 0 0 -10px;\r\n\t\t\t}\r\n\t\t\t\r\n\t\t\t#cmsms_gallery_69f56253c4c7e2_57136898 .cmsms_gallery .cmsms_gallery_item {\r\n\t\t\t\tpadding:0 0 10px 10px;\r\n\t\t\t}\r\n\t\t \n#cmsms_row_69f56253c4fc61_93864039 .cmsms_row_outer_parent { \n\tpadding-top: 0px; \n} \n\n#cmsms_row_69f56253c4fc61_93864039 .cmsms_row_outer_parent { \n\tpadding-bottom: 5px; \n} \n\n \n#cmsms_heading_69f56253c529f1_05157411 { \n\ttext-align:left; \n\tmargin-top:32px; \n\tmargin-bottom:10px; \n} \n\n#cmsms_heading_69f56253c529f1_05157411 .cmsms_heading { \n\ttext-align:left; \n} \n\n#cmsms_heading_69f56253c529f1_05157411 .cmsms_heading, #cmsms_heading_69f56253c529f1_05157411 .cmsms_heading a { \n\tfont-weight:bold; \n\tfont-style:normal; \n} \n\n#cmsms_heading_69f56253c529f1_05157411 .cmsms_heading_divider { \n} \n\n \n#cmsms_row_69f56253c52e29_12849221 { \n\tbackground-color:#f7f7f7;\n} \n\n#cmsms_row_69f56253c52e29_12849221 .cmsms_row_outer_parent { \n\tpadding-top: 20px; \n} \n\n#cmsms_row_69f56253c52e29_12849221 .cmsms_row_outer_parent { \n\tpadding-bottom: 20px; \n} \n\n \n#cmsms_heading_69f56253c53430_07500673 { \n\ttext-align:left; \n\tmargin-top:0px; \n\tmargin-bottom:20px; \n} \n\n#cmsms_heading_69f56253c53430_07500673 .cmsms_heading { \n\ttext-align:left; \n} \n\n#cmsms_heading_69f56253c53430_07500673 .cmsms_heading, #cmsms_heading_69f56253c53430_07500673 .cmsms_heading a { \n\tfont-weight:bold; \n\tfont-style:normal; \n} \n\n#cmsms_heading_69f56253c53430_07500673 .cmsms_heading_divider { \n} \n\n \n#cmsms_row_69f56253c54d25_15850718 { \n\tbackground-color:#f7f7f7;\n} \n\n#cmsms_row_69f56253c54d25_15850718 .cmsms_row_outer_parent { \n\tpadding-top: 20px; \n} \n\n#cmsms_row_69f56253c54d25_15850718 .cmsms_row_outer_parent { \n\tpadding-bottom: 20px; \n} \n\n \n#cmsms_heading_69f56253c553c0_19148770 { \n\ttext-align:left; \n\tmargin-top:0px; \n\tmargin-bottom:20px; \n} \n\n#cmsms_heading_69f56253c553c0_19148770 .cmsms_heading { \n\ttext-align:left; \n} \n\n#cmsms_heading_69f56253c553c0_19148770 .cmsms_heading, #cmsms_heading_69f56253c553c0_19148770 .cmsms_heading a { \n\tfont-weight:bold; \n\tfont-style:normal; \n} \n\n#cmsms_heading_69f56253c553c0_19148770 .cmsms_heading_divider { \n} \n\n \n#cmsms_row_69f56253c56bb5_92949861 { \n\tbackground-color:#f7f7f7;\n} \n\n#cmsms_row_69f56253c56bb5_92949861 .cmsms_row_outer_parent { \n\tpadding-top: 0px; \n} \n\n#cmsms_row_69f56253c56bb5_92949861 .cmsms_row_outer_parent { \n\tpadding-bottom: 20px; \n} \n\n \n#cmsms_heading_69f56253c57220_23907331 { \n\ttext-align:left; \n\tmargin-top:0px; \n\tmargin-bottom:20px; \n} \n\n#cmsms_heading_69f56253c57220_23907331 .cmsms_heading { \n\ttext-align:left; \n} \n\n#cmsms_heading_69f56253c57220_23907331 .cmsms_heading, #cmsms_heading_69f56253c57220_23907331 .cmsms_heading a { \n\tfont-weight:bold; \n\tfont-style:normal; \n} \n\n#cmsms_heading_69f56253c57220_23907331 .cmsms_heading_divider { \n} \n\n \n#cmsms_row_69f56253c588c7_72790481 { \n\tbackground-color:#f7f7f7;\n} \n\n#cmsms_row_69f56253c588c7_72790481 .cmsms_row_outer_parent { \n\tpadding-top: 0px; \n} \n\n#cmsms_row_69f56253c588c7_72790481 .cmsms_row_outer_parent { \n\tpadding-bottom: 20px; \n} \n\n \n#cmsms_heading_69f56253c58ef0_88481434 { \n\ttext-align:left; \n\tmargin-top:0px; \n\tmargin-bottom:20px; \n} \n\n#cmsms_heading_69f56253c58ef0_88481434 .cmsms_heading { \n\ttext-align:left; \n} \n\n#cmsms_heading_69f56253c58ef0_88481434 .cmsms_heading, #cmsms_heading_69f56253c58ef0_88481434 .cmsms_heading a { \n\tfont-weight:bold; \n\tfont-style:normal; \n} \n\n#cmsms_heading_69f56253c58ef0_88481434 .cmsms_heading_divider { \n} \n\n \n#cmsms_row_69f56253c5a582_20432213 { \n\tbackground-color:#f7f7f7;\n} \n\n#cmsms_row_69f56253c5a582_20432213 .cmsms_row_outer_parent { \n\tpadding-top: 0px; \n} \n\n#cmsms_row_69f56253c5a582_20432213 .cmsms_row_outer_parent { \n\tpadding-bottom: 20px; \n} \n\n \n#cmsms_heading_69f56253c5ad49_41437884 { \n\ttext-align:left; \n\tmargin-top:0px; \n\tmargin-bottom:20px; \n} \n\n#cmsms_heading_69f56253c5ad49_41437884 .cmsms_heading { \n\ttext-align:left; \n} \n\n#cmsms_heading_69f56253c5ad49_41437884 .cmsms_heading, #cmsms_heading_69f56253c5ad49_41437884 .cmsms_heading a { \n\tfont-weight:bold; \n\tfont-style:normal; \n} \n\n#cmsms_heading_69f56253c5ad49_41437884 .cmsms_heading_divider { \n} \n\n<\/style><div id=\"cmsms_row_69f56253c4ba25_75930693\" class=\"cmsms_row cmsms_color_scheme_default\">\n<div class=\"cmsms_row_outer_parent\">\n<div class=\"cmsms_row_outer\">\n<div class=\"cmsms_row_inner\">\n<div class=\"cmsms_row_margin\">\n<div class=\"cmsms_column one_first\">\n<div id=\"cmsms_gallery_69f56253c4c7e2_57136898\" class=\"cmsms_gallery_wrap\"><ul class=\"cmsms_gallery cmsms_1 cmsms_more_items_loader\"><li class=\"cmsms_gallery_item\"><figure><img width=\"808\" height=\"279\" src=\"https:\/\/www.promendoza.com\/wp-content\/uploads\/2018\/08\/alimentos-procesados.jpg\" class=\"attachment-full size-full\" alt=\"Alimentos Procesados\" loading=\"lazy\" srcset=\"https:\/\/www.promendoza.com\/wp-content\/uploads\/2018\/08\/alimentos-procesados.jpg 808w, https:\/\/www.promendoza.com\/wp-content\/uploads\/2018\/08\/alimentos-procesados-300x104.jpg 300w, https:\/\/www.promendoza.com\/wp-content\/uploads\/2018\/08\/alimentos-procesados-768x265.jpg 768w, https:\/\/www.promendoza.com\/wp-content\/uploads\/2018\/08\/alimentos-procesados-580x200.jpg 580w\" sizes=\"(max-width: 808px) 100vw, 808px\" \/><\/figure><\/li><\/ul><script type=\"text\/javascript\">\r\n\t\t\tjQuery(document).ready(function () {\r\n\t\t\t\t(function ($) {\r\n\t\t\t\t\tif ($('#cmsms_gallery_69f56253c4c7e2_57136898').find('.cmsms_gallery_item').length == '0') {\r\n\t\t\t\t\t\treturn false;\r\n\t\t\t\t\t}\r\n\t\t\t\t\t\r\n\t\t\t\t\t\r\n\t\t\t\t\tstartGallery( \r\n\t\t\t\t\t\t'69f56253c4c7e2_57136898', \r\n\t\t\t\t\t\t'grid', \r\n\t\t\t\t\t\t'false', \r\n\t\t\t\t\t\t'false' \r\n\t\t\t\t\t);\r\n\t\t\t\t} )(jQuery);\r\n\t\t\t} );\r\n\t\t<\/script>\r\n\t\t<\/div>\n<\/div>\n<\/div>\n<\/div>\n<\/div>\n<\/div>\n<\/div>\n<div id=\"cmsms_row_69f56253c4fc61_93864039\" class=\"cmsms_row cmsms_color_scheme_default\">\n<div class=\"cmsms_row_outer_parent\">\n<div class=\"cmsms_row_outer\">\n<div class=\"cmsms_row_inner\">\n<div class=\"cmsms_row_margin\">\n<div class=\"cmsms_column one_fourth\">\n<div class=\"custom_html\">\n<div style=\"height: 32px;\"><\/div>\n<\/div>\n<div class=\"cmsms_img  cmsms_image_n\">\n<img src=\"https:\/\/www.promendoza.com\/wp-content\/uploads\/2018\/08\/alimentos-procesados-card-204x300.png\" \/>\n<\/div>\n<\/div>\n<div class=\"cmsms_column three_fourth\">\n\n<div id=\"cmsms_heading_69f56253c529f1_05157411\" class=\"cmsms_heading_wrap cmsms_heading_align_left\">\n\t<h4 class=\"cmsms_heading\">Alimentos procesados<\/h4>\n<\/div><div class=\"cmsms_text\">\n<p style=\"text-align: justify;\">Contamos con condiciones \u00fanicas para los cultivos. Y producimos en <strong>contraestaci\u00f3n<\/strong> respecto del hemisferio norte.<\/p>\n<p style=\"text-align: justify;\">El riego con agua de <strong>deshielo, las variaciones t\u00e9rmicas y el suelo f\u00e9rtil<\/strong>, nos permiten contar con una excelente calidad de alimentos procesados.<\/p>\n<p style=\"text-align: justify;\">Para mayor informaci\u00f3n escribinos a:<\/p>\n<ul>\n<li style=\"text-align: justify;\"><a href=\"mailto:gprisco@promendoza.com\">gprisco@promendoza.com<\/a><\/li>\n<li style=\"text-align: justify;\"><a href=\"mailto:garribas@promendoza.com\">garribas@promendoza.com<\/a><\/li>\n<\/ul>\n<\/div>\n<\/div>\n<\/div>\n<\/div>\n<\/div>\n<\/div>\n<\/div>\n<div id=\"cmsms_row_69f56253c52e29_12849221\" class=\"cmsms_row cmsms_color_scheme_default\">\n<div class=\"cmsms_row_outer_parent\">\n<div class=\"cmsms_row_outer\">\n<div class=\"cmsms_row_inner\">\n<div class=\"cmsms_row_margin\">\n<div class=\"cmsms_column one_half\">\n\n<div id=\"cmsms_heading_69f56253c53430_07500673\" class=\"cmsms_heading_wrap cmsms_heading_align_left\">\n\t<h4 class=\"cmsms_heading\">Frutas procesadas<\/h4>\n<\/div><div class=\"cmsms_text\">\n<p style=\"text-align: justify;\">El riego con agua de deshielo, las variaciones t\u00e9rmicas y el suelo f\u00e9rtil, junto con un proceso cuidado nos permiten contar con una excelente calidad de frutas envasadas para su comercializaci\u00f3n.<\/p>\n<p style=\"text-align: justify;\">Mendoza elabora y ofrece en conservas: &nbsp;durazno, pera, cereza, mix de frutas en envases de consumo familiar,&nbsp; y una variedad de pulpas para consumo industrial.<\/p>\n<p style=\"text-align: justify;\">El durazno industria, junto a la ciruela deshidratada y la nuez, es uno&nbsp; de los productos agroindustriales m\u00e1s importante de la provincia y su comercializaci\u00f3n en el exterior ha crecido alrededor de una 60 % en los \u00faltimos 15 a\u00f1os.<\/p>\n<\/div>\n<\/div>\n<div class=\"cmsms_column one_half\">\n<div class=\"custom_html\">\n<div style=\"height: 6px;\"><\/div>\n<\/div>\n<div class=\"aligncenter\">\n<div class=\"cmsms_img  cmsms_image_c\">\n<a href=\"https:\/\/www.promendoza.com\/wp-content\/uploads\/2019\/08\/durazno-web2.jpg\"><img src=\"https:\/\/www.promendoza.com\/wp-content\/uploads\/2019\/08\/durazno-web2.jpg\" \/><\/a>\n<\/div>\n<\/div>\n<\/div>\n<\/div>\n<\/div>\n<\/div>\n<\/div>\n<\/div>\n<div id=\"cmsms_row_69f56253c54d25_15850718\" class=\"cmsms_row cmsms_color_scheme_default\">\n<div class=\"cmsms_row_outer_parent\">\n<div class=\"cmsms_row_outer\">\n<div class=\"cmsms_row_inner\">\n<div class=\"cmsms_row_margin\">\n<div class=\"cmsms_column one_half\">\n\n<div id=\"cmsms_heading_69f56253c553c0_19148770\" class=\"cmsms_heading_wrap cmsms_heading_align_left\">\n\t<h4 class=\"cmsms_heading\">Frutas deshidratadas<\/h4>\n<\/div><div class=\"cmsms_text\">\n<p style=\"text-align: justify;\">Gracias a la riqueza de nuestros suelos sumado a 300 d\u00edas de sol, obtenemos frutos terminados con mayor tenor azucaril, diversidad de tama\u00f1os y excelentes texturas.<\/p>\n<p style=\"text-align: justify;\">Las variedades de frutas deshidratadas producidas en la provincia son: ciruela con carozo, ciruela sin carozo, uva, tomate, damasco, pera y manzana.<\/p>\n<p style=\"text-align: justify;\">Esta fruta es especialmente nutritiva ya que concentra al m\u00e1ximo prote\u00ednas, hidratos de carbono, vitaminas, sales minerales y fibra.<\/p>\n<p style=\"text-align: justify;\">Tambi\u00e9n contamos con fruta procesada: durazno, pera, mix de frutas, cerezas y pulpas. Y especias, como el <strong>or\u00e9gano<\/strong>.<\/p>\n<\/div>\n<\/div>\n<div class=\"cmsms_column one_half\">\n<div class=\"custom_html\">\n<div style=\"height: 6px;\"><\/div>\n<\/div>\n<div class=\"aligncenter\">\n<div class=\"cmsms_img  cmsms_image_c\">\n<a href=\"http:\/\/www.promendoza.com\/wp-content\/uploads\/2019\/03\/Fruta-Desecada.jpg\"><img src=\"https:\/\/www.promendoza.com\/wp-content\/uploads\/2019\/03\/Fruta-Desecada.jpg\" \/><\/a>\n<\/div>\n<\/div>\n<\/div>\n<\/div>\n<\/div>\n<\/div>\n<\/div>\n<\/div>\n<div id=\"cmsms_row_69f56253c56bb5_92949861\" class=\"cmsms_row cmsms_color_scheme_default\">\n<div class=\"cmsms_row_outer_parent\">\n<div class=\"cmsms_row_outer\">\n<div class=\"cmsms_row_inner\">\n<div class=\"cmsms_row_margin\">\n<div class=\"cmsms_column one_half\">\n\n<div id=\"cmsms_heading_69f56253c57220_23907331\" class=\"cmsms_heading_wrap cmsms_heading_align_left\">\n\t<h4 class=\"cmsms_heading\">Hortalizas procesadas<\/h4>\n<\/div><div class=\"cmsms_text\">\n<p style=\"text-align: justify;\">Nuestra propuesta en hortalizas procesadas est\u00e1 formada principalmente por: pasta de ajo, ajo en conserva, ajo deshidratado, papa prefrita, pepinos, pepinillos en vinagre, cebollas en vinagre y berenjena.<\/p>\n<p style=\"text-align: justify;\">En nuestras hortalizas deshidratadas utilizamos al sol como generador de calor para secar el producto y nuestro producto se destaca por su alta calidad y disponibilidad anual.<\/p>\n<p style=\"text-align: justify;\">Contamos con innovaci\u00f3n tecnol\u00f3gica, competitividad y sustentabilidad en todas las cadenas de valor.<\/p>\n<\/div>\n<\/div>\n<div class=\"cmsms_column one_half\">\n<div class=\"custom_html\">\n<div style=\"height: 6px;\"><\/div>\n<\/div>\n<div class=\"aligncenter\">\n<div class=\"cmsms_img  cmsms_image_c\">\n<a href=\"http:\/\/www.promendoza.com\/wp-content\/uploads\/2019\/04\/papas_web2.jpg\"><img src=\"https:\/\/www.promendoza.com\/wp-content\/uploads\/2019\/04\/papas_web2.jpg\" \/><\/a>\n<\/div>\n<\/div>\n<\/div>\n<\/div>\n<\/div>\n<\/div>\n<\/div>\n<\/div>\n<div id=\"cmsms_row_69f56253c588c7_72790481\" class=\"cmsms_row cmsms_color_scheme_default\">\n<div class=\"cmsms_row_outer_parent\">\n<div class=\"cmsms_row_outer\">\n<div class=\"cmsms_row_inner\">\n<div class=\"cmsms_row_margin\">\n<div class=\"cmsms_column one_half\">\n\n<div id=\"cmsms_heading_69f56253c58ef0_88481434\" class=\"cmsms_heading_wrap cmsms_heading_align_left\">\n\t<h4 class=\"cmsms_heading\">Miel<\/h4>\n<\/div><div class=\"cmsms_text\">\n<p style=\"text-align: justify;\">Somos reconocidos por la calidad, el aroma, el sabor y la variedad de nuestras mieles, realzadas por las esencias y cualidades de diferentes frutales como almendros, durazneros y de flora aut\u00f3ctona: or\u00e9gano, jarilla y tomillo.<\/p>\n<p style=\"text-align: justify;\">Contamos con venta a granel y fraccionada y con los est\u00e1ndares adecuados para la comercializaci\u00f3n internacional.<\/p>\n<p style=\"text-align: justify;\">Nuestra miel es 100% natural con gran variedad de propiedades para la salud, tanto nutricionales como terap\u00e9uticos.<\/p>\n<\/div>\n<\/div>\n<div class=\"cmsms_column one_half\">\n<div class=\"custom_html\">\n<div style=\"height: 6px;\"><\/div>\n<\/div>\n<div class=\"aligncenter\">\n<div class=\"cmsms_img  cmsms_image_c\">\n<a href=\"http:\/\/www.promendoza.com\/wp-content\/uploads\/2019\/04\/miel-1.jpg\"><img src=\"https:\/\/www.promendoza.com\/wp-content\/uploads\/2019\/04\/miel-1.jpg\" \/><\/a>\n<\/div>\n<\/div>\n<\/div>\n<\/div>\n<\/div>\n<\/div>\n<\/div>\n<\/div>\n<div id=\"cmsms_row_69f56253c5a582_20432213\" class=\"cmsms_row cmsms_color_scheme_default\">\n<div class=\"cmsms_row_outer_parent\">\n<div class=\"cmsms_row_outer\">\n<div class=\"cmsms_row_inner\">\n<div class=\"cmsms_row_margin\">\n<div class=\"cmsms_column one_half\">\n\n<div id=\"cmsms_heading_69f56253c5ad49_41437884\" class=\"cmsms_heading_wrap cmsms_heading_align_left\">\n\t<h4 class=\"cmsms_heading\">Aceite de oliva<\/h4>\n<\/div><div class=\"cmsms_text\">\n<p style=\"text-align: justify;\">Nuestros aceites, acetos y vinagres se producen con oliva y pepas de uva de excelente calidad. Producimos aceituna de diferentes variedades, y somos la primera productora de aceitunas del pa\u00eds. Cultivamos m\u00e1s del 30% del total implantado de aceitunas en Argentina.<\/p>\n<p style=\"text-align: justify;\">Somos productores de aceite de oliva: virgen y extra virgen. Aceite de Oliva Extra Virgen: se obtiene del fruto del \u00e1rbol del olivo, por m\u00e9todos mec\u00e1nicos y f\u00edsicos, bajo condiciones de temperatura controladas que preservan el sabor frutado, color y las propiedades naturales de la aceituna.<\/p>\n<\/div>\n<\/div>\n<div class=\"cmsms_column one_half\">\n<div class=\"custom_html\">\n<div style=\"height: 6px;\"><\/div>\n<\/div>\n<div class=\"aligncenter\">\n<div class=\"cmsms_img  cmsms_image_c\">\n<a href=\"http:\/\/www.promendoza.com\/wp-content\/uploads\/2019\/04\/oliva.jpg\"><img src=\"https:\/\/www.promendoza.com\/wp-content\/uploads\/2019\/04\/oliva.jpg\" \/><\/a>\n<\/div>\n<\/div>\n<\/div>\n<\/div>\n<\/div>\n<\/div>\n<\/div>\n<\/div>\n\n","protected":false},"excerpt":{"rendered":"","protected":false},"author":1,"featured_media":0,"parent":0,"menu_order":0,"comment_status":"closed","ping_status":"closed","template":"","meta":[],"_links":{"self":[{"href":"https:\/\/www.promendoza.com\/es\/wp-json\/wp\/v2\/pages\/6633"}],"collection":[{"href":"https:\/\/www.promendoza.com\/es\/wp-json\/wp\/v2\/pages"}],"about":[{"href":"https:\/\/www.promendoza.com\/es\/wp-json\/wp\/v2\/types\/page"}],"author":[{"embeddable":true,"href":"https:\/\/www.promendoza.com\/es\/wp-json\/wp\/v2\/users\/1"}],"replies":[{"embeddable":true,"href":"https:\/\/www.promendoza.com\/es\/wp-json\/wp\/v2\/comments?post=6633"}],"version-history":[{"count":22,"href":"https:\/\/www.promendoza.com\/es\/wp-json\/wp\/v2\/pages\/6633\/revisions"}],"predecessor-version":[{"id":16256,"href":"https:\/\/www.promendoza.com\/es\/wp-json\/wp\/v2\/pages\/6633\/revisions\/16256"}],"wp:attachment":[{"href":"https:\/\/www.promendoza.com\/es\/wp-json\/wp\/v2\/media?parent=6633"}],"curies":[{"name":"wp","href":"https:\/\/api.w.org\/{rel}","templated":true}]}}